{"id":89,"date":"2016-03-24T09:54:24","date_gmt":"2016-03-24T12:54:24","guid":{"rendered":"https:\/\/wp.ufpel.edu.br\/nulab\/?page_id=89"},"modified":"2016-12-13T09:54:56","modified_gmt":"2016-12-13T11:54:56","slug":"ccqfa","status":"publish","type":"page","link":"https:\/\/wp.ufpel.edu.br\/nulab\/ccqfa\/","title":{"rendered":"Centro de Ci\u00eancias Qu\u00edmicas, Farmac\u00eauticas e de Alimentos (CCQFA)"},"content":{"rendered":"<p><a href=\"https:\/\/wp.ufpel.edu.br\/nulab\/ccqfa\/farmacia\/\">Farm\u00e1cia<\/a><\/p>\n<p><a href=\"https:\/\/wp.ufpel.edu.br\/nulab\/ccqfa\/quimica-bacharelado\/\">Qu\u00edmica (Bacharelado)<\/a><\/p>\n<p><a href=\"https:\/\/wp.ufpel.edu.br\/nulab\/ccqfa\/quimica-licenciatura\/\">Qu\u00edmica (Licenciatura)<\/a><\/p>\n<p><a href=\"https:\/\/wp.ufpel.edu.br\/nulab\/ccqfa\/quimica-de-alimentos\/\">Qu\u00edmica de Alimentos<\/a><\/p>\n<p><a href=\"https:\/\/wp.ufpel.edu.br\/nulab\/ccqfa\/quimica-forense\/\">Qu\u00edmica Forense<\/a><\/p>\n<p><a href=\"https:\/\/wp.ufpel.edu.br\/nulab\/ccqfa\/quimica-industrial\/\">Qu\u00edmica Industrial<\/a><\/p>\n<p><a href=\"https:\/\/wp.ufpel.edu.br\/nulab\/ccqfa\/tecnologia-de-alimentos\/\">Tecnologia de Alimentos<\/a><\/p>\n<p><a href=\"https:\/\/wp.ufpel.edu.br\/nulab\/ccqfa\/programa-de-pos-graduacao-em-quimica\/\">Programa de P\u00f3s Gradua\u00e7\u00e3o em Qu\u00edmica <\/a><\/p>\n","protected":false},"excerpt":{"rendered":"<p>Farm\u00e1cia Qu\u00edmica (Bacharelado) Qu\u00edmica (Licenciatura) Qu\u00edmica de Alimentos Qu\u00edmica Forense Qu\u00edmica Industrial Tecnologia de Alimentos Programa de P\u00f3s Gradua\u00e7\u00e3o em Qu\u00edmica<\/p>\n","protected":false},"author":634,"featured_media":0,"parent":0,"menu_order":0,"comment_status":"closed","ping_status":"closed","template":"","meta":{"footnotes":""},"class_list":["post-89","page","type-page","status-publish","hentry"],"_links":{"self":[{"href":"https:\/\/wp.ufpel.edu.br\/nulab\/wp-json\/wp\/v2\/pages\/89","targetHints":{"allow":["GET"]}}],"collection":[{"href":"https:\/\/wp.ufpel.edu.br\/nulab\/wp-json\/wp\/v2\/pages"}],"about":[{"href":"https:\/\/wp.ufpel.edu.br\/nulab\/wp-json\/wp\/v2\/types\/page"}],"author":[{"embeddable":true,"href":"https:\/\/wp.ufpel.edu.br\/nulab\/wp-json\/wp\/v2\/users\/634"}],"replies":[{"embeddable":true,"href":"https:\/\/wp.ufpel.edu.br\/nulab\/wp-json\/wp\/v2\/comments?post=89"}],"version-history":[{"count":11,"href":"https:\/\/wp.ufpel.edu.br\/nulab\/wp-json\/wp\/v2\/pages\/89\/revisions"}],"predecessor-version":[{"id":3569,"href":"https:\/\/wp.ufpel.edu.br\/nulab\/wp-json\/wp\/v2\/pages\/89\/revisions\/3569"}],"wp:attachment":[{"href":"https:\/\/wp.ufpel.edu.br\/nulab\/wp-json\/wp\/v2\/media?parent=89"}],"curies":[{"name":"wp","href":"https:\/\/api.w.org\/{rel}","templated":true}]}}