{"id":879,"date":"2016-04-07T10:46:26","date_gmt":"2016-04-07T13:46:26","guid":{"rendered":"https:\/\/wp.ufpel.edu.br\/nulab\/?page_id=879"},"modified":"2016-04-07T10:46:26","modified_gmt":"2016-04-07T13:46:26","slug":"ginastica-artistica","status":"publish","type":"page","link":"https:\/\/wp.ufpel.edu.br\/nulab\/ginastica-artistica\/","title":{"rendered":"Gin\u00e1stica Art\u00edstica"},"content":{"rendered":"<p>EM CONSTRU\u00c7\u00c3O<\/p>\n","protected":false},"excerpt":{"rendered":"<p>EM CONSTRU\u00c7\u00c3O<\/p>\n","protected":false},"author":634,"featured_media":0,"parent":0,"menu_order":0,"comment_status":"closed","ping_status":"closed","template":"","meta":{"footnotes":""},"class_list":["post-879","page","type-page","status-publish","hentry"],"_links":{"self":[{"href":"https:\/\/wp.ufpel.edu.br\/nulab\/wp-json\/wp\/v2\/pages\/879","targetHints":{"allow":["GET"]}}],"collection":[{"href":"https:\/\/wp.ufpel.edu.br\/nulab\/wp-json\/wp\/v2\/pages"}],"about":[{"href":"https:\/\/wp.ufpel.edu.br\/nulab\/wp-json\/wp\/v2\/types\/page"}],"author":[{"embeddable":true,"href":"https:\/\/wp.ufpel.edu.br\/nulab\/wp-json\/wp\/v2\/users\/634"}],"replies":[{"embeddable":true,"href":"https:\/\/wp.ufpel.edu.br\/nulab\/wp-json\/wp\/v2\/comments?post=879"}],"version-history":[{"count":1,"href":"https:\/\/wp.ufpel.edu.br\/nulab\/wp-json\/wp\/v2\/pages\/879\/revisions"}],"predecessor-version":[{"id":881,"href":"https:\/\/wp.ufpel.edu.br\/nulab\/wp-json\/wp\/v2\/pages\/879\/revisions\/881"}],"wp:attachment":[{"href":"https:\/\/wp.ufpel.edu.br\/nulab\/wp-json\/wp\/v2\/media?parent=879"}],"curies":[{"name":"wp","href":"https:\/\/api.w.org\/{rel}","templated":true}]}}