{"id":86,"date":"2016-03-24T09:53:24","date_gmt":"2016-03-24T12:53:24","guid":{"rendered":"https:\/\/wp.ufpel.edu.br\/nulab\/?page_id=86"},"modified":"2016-06-13T10:40:27","modified_gmt":"2016-06-13T13:40:27","slug":"ceng","status":"publish","type":"page","link":"https:\/\/wp.ufpel.edu.br\/nulab\/ceng\/","title":{"rendered":"Centro de Engenharias (CENG)"},"content":{"rendered":"<p><a href=\"https:\/\/wp.ufpel.edu.br\/nulab\/ceng\/engenharia-agricola\/\">Engenharia Agr\u00edcola<\/a><\/p>\n<p><a href=\"https:\/\/wp.ufpel.edu.br\/nulab\/ceng\/engenharia-ambiental-e-sanitaria\/\">Engenharia Ambiental e Sanit\u00e1ria<\/a><\/p>\n<p><a href=\"https:\/\/wp.ufpel.edu.br\/nulab\/ceng\/engenharia-civil\/\">Engenharia Civil<\/a><\/p>\n<p><a href=\"https:\/\/wp.ufpel.edu.br\/nulab\/ceng\/engenharia-de-controle-e-automacao\/\">Engenharia de Controle e Automa\u00e7\u00e3o<\/a><\/p>\n<p><a href=\"https:\/\/wp.ufpel.edu.br\/nulab\/ceng\/engenharia-de-producao\/\">Engenharia de Produ\u00e7\u00e3o<\/a><\/p>\n<p><a href=\"https:\/\/wp.ufpel.edu.br\/nulab\/ceng\/engenharia-eletronica\/\">Engenharia Eletr\u00f4nica<\/a><\/p>\n<p><a href=\"https:\/\/wp.ufpel.edu.br\/nulab\/ceng\/engenharia-industrial-madeireira\/\">Engenharia Industrial Madeireira<\/a><\/p>\n<p><a href=\"https:\/\/wp.ufpel.edu.br\/nulab\/ceng\/engenharia-de-petroleo\/\">Engenharia de Petr\u00f3leo<\/a><\/p>\n<p><a href=\"https:\/\/wp.ufpel.edu.br\/nulab\/ceng\/engenharia-geologica\/\">Engenharia Geol\u00f3gica<\/a><\/p>\n<p><a href=\"https:\/\/wp.ufpel.edu.br\/nulab\/ceng\/geoprocessamento-tecnologico\/\">Geoprocessamento (Tecnol\u00f3gico)<\/a><\/p>\n<p>&nbsp;<\/p>\n","protected":false},"excerpt":{"rendered":"<p>Engenharia Agr\u00edcola Engenharia Ambiental e Sanit\u00e1ria Engenharia Civil Engenharia de Controle e Automa\u00e7\u00e3o Engenharia de Produ\u00e7\u00e3o Engenharia Eletr\u00f4nica Engenharia Industrial Madeireira Engenharia de Petr\u00f3leo Engenharia Geol\u00f3gica Geoprocessamento (Tecnol\u00f3gico) &nbsp;<\/p>\n","protected":false},"author":634,"featured_media":0,"parent":0,"menu_order":0,"comment_status":"closed","ping_status":"closed","template":"","meta":{"footnotes":""},"class_list":["post-86","page","type-page","status-publish","hentry"],"_links":{"self":[{"href":"https:\/\/wp.ufpel.edu.br\/nulab\/wp-json\/wp\/v2\/pages\/86","targetHints":{"allow":["GET"]}}],"collection":[{"href":"https:\/\/wp.ufpel.edu.br\/nulab\/wp-json\/wp\/v2\/pages"}],"about":[{"href":"https:\/\/wp.ufpel.edu.br\/nulab\/wp-json\/wp\/v2\/types\/page"}],"author":[{"embeddable":true,"href":"https:\/\/wp.ufpel.edu.br\/nulab\/wp-json\/wp\/v2\/users\/634"}],"replies":[{"embeddable":true,"href":"https:\/\/wp.ufpel.edu.br\/nulab\/wp-json\/wp\/v2\/comments?post=86"}],"version-history":[{"count":22,"href":"https:\/\/wp.ufpel.edu.br\/nulab\/wp-json\/wp\/v2\/pages\/86\/revisions"}],"predecessor-version":[{"id":2388,"href":"https:\/\/wp.ufpel.edu.br\/nulab\/wp-json\/wp\/v2\/pages\/86\/revisions\/2388"}],"wp:attachment":[{"href":"https:\/\/wp.ufpel.edu.br\/nulab\/wp-json\/wp\/v2\/media?parent=86"}],"curies":[{"name":"wp","href":"https:\/\/api.w.org\/{rel}","templated":true}]}}