{"id":83,"date":"2016-03-24T09:52:49","date_gmt":"2016-03-24T12:52:49","guid":{"rendered":"https:\/\/wp.ufpel.edu.br\/nulab\/?page_id=83"},"modified":"2016-12-16T08:55:06","modified_gmt":"2016-12-16T10:55:06","slug":"cdtec","status":"publish","type":"page","link":"https:\/\/wp.ufpel.edu.br\/nulab\/cdtec\/","title":{"rendered":"Centro de desenvolvimento Tecnol\u00f3gico (CDTEC)"},"content":{"rendered":"<p><a href=\"https:\/\/wp.ufpel.edu.br\/nulab\/cdtec\/biotecnologia\/\">Biotecnologia<\/a><\/p>\n<p><a href=\"https:\/\/wp.ufpel.edu.br\/nulab\/cdtec\/ciencia-da-computacao\/\">Ci\u00eancia da Computa\u00e7\u00e3o<\/a><\/p>\n<p><a href=\"https:\/\/wp.ufpel.edu.br\/nulab\/cdtec\/engenharia-de-computacao\/\">Engenharia de Computa\u00e7\u00e3o<\/a><\/p>\n","protected":false},"excerpt":{"rendered":"<p>Biotecnologia Ci\u00eancia da Computa\u00e7\u00e3o Engenharia de Computa\u00e7\u00e3o<\/p>\n","protected":false},"author":634,"featured_media":0,"parent":0,"menu_order":0,"comment_status":"closed","ping_status":"closed","template":"","meta":{"footnotes":""},"class_list":["post-83","page","type-page","status-publish","hentry"],"_links":{"self":[{"href":"https:\/\/wp.ufpel.edu.br\/nulab\/wp-json\/wp\/v2\/pages\/83","targetHints":{"allow":["GET"]}}],"collection":[{"href":"https:\/\/wp.ufpel.edu.br\/nulab\/wp-json\/wp\/v2\/pages"}],"about":[{"href":"https:\/\/wp.ufpel.edu.br\/nulab\/wp-json\/wp\/v2\/types\/page"}],"author":[{"embeddable":true,"href":"https:\/\/wp.ufpel.edu.br\/nulab\/wp-json\/wp\/v2\/users\/634"}],"replies":[{"embeddable":true,"href":"https:\/\/wp.ufpel.edu.br\/nulab\/wp-json\/wp\/v2\/comments?post=83"}],"version-history":[{"count":14,"href":"https:\/\/wp.ufpel.edu.br\/nulab\/wp-json\/wp\/v2\/pages\/83\/revisions"}],"predecessor-version":[{"id":3678,"href":"https:\/\/wp.ufpel.edu.br\/nulab\/wp-json\/wp\/v2\/pages\/83\/revisions\/3678"}],"wp:attachment":[{"href":"https:\/\/wp.ufpel.edu.br\/nulab\/wp-json\/wp\/v2\/media?parent=83"}],"curies":[{"name":"wp","href":"https:\/\/api.w.org\/{rel}","templated":true}]}}