{"id":74,"date":"2016-03-24T09:50:49","date_gmt":"2016-03-24T12:50:49","guid":{"rendered":"https:\/\/wp.ufpel.edu.br\/nulab\/?page_id=74"},"modified":"2016-06-06T11:03:26","modified_gmt":"2016-06-06T14:03:26","slug":"ich","status":"publish","type":"page","link":"https:\/\/wp.ufpel.edu.br\/nulab\/ich\/","title":{"rendered":"Instituto de Ci\u00eancias Humanas (ICH)"},"content":{"rendered":"<p><a href=\"https:\/\/wp.ufpel.edu.br\/nulab\/ciencias-economicas\/\">Ci\u00eancias Econ\u00f4micas<\/a><\/p>\n<p><a href=\"https:\/\/wp.ufpel.edu.br\/nulab\/ich\/antropologia-e-arqueologia\/\">Antropologia e Arqueologia<\/a><\/p>\n<p><a href=\"https:\/\/wp.ufpel.edu.br\/nulab\/ich\/conservacao-e-restauro\/\">Conserva\u00e7\u00e3o e Restauro<\/a><\/p>\n<p><a href=\"https:\/\/wp.ufpel.edu.br\/nulab\/ich\/geografia\/\">Geografia<\/a><\/p>\n<p><a href=\"https:\/\/wp.ufpel.edu.br\/nulab\/ich\/historia\/\">Hist\u00f3ria<\/a><\/p>\n<p><a href=\"https:\/\/wp.ufpel.edu.br\/nulab\/ich\/museologia\/\">Museologia<\/a><\/p>\n<p>&nbsp;<\/p>\n","protected":false},"excerpt":{"rendered":"<p>Ci\u00eancias Econ\u00f4micas Antropologia e Arqueologia Conserva\u00e7\u00e3o e Restauro Geografia Hist\u00f3ria Museologia &nbsp;<\/p>\n","protected":false},"author":634,"featured_media":0,"parent":0,"menu_order":0,"comment_status":"closed","ping_status":"closed","template":"","meta":{"footnotes":""},"class_list":["post-74","page","type-page","status-publish","hentry"],"_links":{"self":[{"href":"https:\/\/wp.ufpel.edu.br\/nulab\/wp-json\/wp\/v2\/pages\/74","targetHints":{"allow":["GET"]}}],"collection":[{"href":"https:\/\/wp.ufpel.edu.br\/nulab\/wp-json\/wp\/v2\/pages"}],"about":[{"href":"https:\/\/wp.ufpel.edu.br\/nulab\/wp-json\/wp\/v2\/types\/page"}],"author":[{"embeddable":true,"href":"https:\/\/wp.ufpel.edu.br\/nulab\/wp-json\/wp\/v2\/users\/634"}],"replies":[{"embeddable":true,"href":"https:\/\/wp.ufpel.edu.br\/nulab\/wp-json\/wp\/v2\/comments?post=74"}],"version-history":[{"count":8,"href":"https:\/\/wp.ufpel.edu.br\/nulab\/wp-json\/wp\/v2\/pages\/74\/revisions"}],"predecessor-version":[{"id":1889,"href":"https:\/\/wp.ufpel.edu.br\/nulab\/wp-json\/wp\/v2\/pages\/74\/revisions\/1889"}],"wp:attachment":[{"href":"https:\/\/wp.ufpel.edu.br\/nulab\/wp-json\/wp\/v2\/media?parent=74"}],"curies":[{"name":"wp","href":"https:\/\/api.w.org\/{rel}","templated":true}]}}