{"id":68,"date":"2016-03-24T09:49:35","date_gmt":"2016-03-24T12:49:35","guid":{"rendered":"https:\/\/wp.ufpel.edu.br\/nulab\/?page_id=68"},"modified":"2016-06-06T12:02:23","modified_gmt":"2016-06-06T15:02:23","slug":"fat","status":"publish","type":"page","link":"https:\/\/wp.ufpel.edu.br\/nulab\/fat\/","title":{"rendered":"Faculdade de Administra\u00e7\u00e3o e de Turismo (FAT)"},"content":{"rendered":"<p><a href=\"https:\/\/wp.ufpel.edu.br\/nulab\/fat\/administracao\/\">Administra\u00e7\u00e3o<\/a><\/p>\n<p><a href=\"https:\/\/wp.ufpel.edu.br\/nulab\/fat\/turismo\/\">Turismo<\/a><\/p>\n<p><a href=\"https:\/\/wp.ufpel.edu.br\/nulab\/fat\/processos-gerenciais-tecnologico\/\">Processos Gerenciais (Tecnol\u00f3gico)<\/a><\/p>\n<p><a href=\"https:\/\/wp.ufpel.edu.br\/nulab\/fat\/gestao-publica-tecnologico\/\">Gest\u00e3o P\u00fablica (Tecnol\u00f3gico)<\/a><\/p>\n","protected":false},"excerpt":{"rendered":"<p>Administra\u00e7\u00e3o Turismo Processos Gerenciais (Tecnol\u00f3gico) Gest\u00e3o P\u00fablica (Tecnol\u00f3gico)<\/p>\n","protected":false},"author":634,"featured_media":0,"parent":0,"menu_order":0,"comment_status":"closed","ping_status":"closed","template":"","meta":{"footnotes":""},"class_list":["post-68","page","type-page","status-publish","hentry"],"_links":{"self":[{"href":"https:\/\/wp.ufpel.edu.br\/nulab\/wp-json\/wp\/v2\/pages\/68","targetHints":{"allow":["GET"]}}],"collection":[{"href":"https:\/\/wp.ufpel.edu.br\/nulab\/wp-json\/wp\/v2\/pages"}],"about":[{"href":"https:\/\/wp.ufpel.edu.br\/nulab\/wp-json\/wp\/v2\/types\/page"}],"author":[{"embeddable":true,"href":"https:\/\/wp.ufpel.edu.br\/nulab\/wp-json\/wp\/v2\/users\/634"}],"replies":[{"embeddable":true,"href":"https:\/\/wp.ufpel.edu.br\/nulab\/wp-json\/wp\/v2\/comments?post=68"}],"version-history":[{"count":10,"href":"https:\/\/wp.ufpel.edu.br\/nulab\/wp-json\/wp\/v2\/pages\/68\/revisions"}],"predecessor-version":[{"id":1969,"href":"https:\/\/wp.ufpel.edu.br\/nulab\/wp-json\/wp\/v2\/pages\/68\/revisions\/1969"}],"wp:attachment":[{"href":"https:\/\/wp.ufpel.edu.br\/nulab\/wp-json\/wp\/v2\/media?parent=68"}],"curies":[{"name":"wp","href":"https:\/\/api.w.org\/{rel}","templated":true}]}}