{"id":6,"date":"2016-03-24T09:22:48","date_gmt":"2016-03-24T12:22:48","guid":{"rendered":"https:\/\/wp.ufpel.edu.br\/nulab\/?page_id=6"},"modified":"2016-06-20T10:52:01","modified_gmt":"2016-06-20T13:52:01","slug":"cim","status":"publish","type":"page","link":"https:\/\/wp.ufpel.edu.br\/nulab\/cim\/","title":{"rendered":"Centro de Integra\u00e7\u00e3o do Mercosul (CIM)"},"content":{"rendered":"<p><a href=\"https:\/\/wp.ufpel.edu.br\/nulab\/cim\/gestao-ambiental-tecnologico\/\">Gest\u00e3o Ambiental (Tecnol\u00f3gico)<\/a><\/p>\n<p><a href=\"https:\/\/wp.ufpel.edu.br\/nulab\/cim\/hotelaria-tecnologico\/\">Hotelaria (Tecnol\u00f3gico)<\/a><\/p>\n<p><a href=\"https:\/\/wp.ufpel.edu.br\/nulab\/cim\/relacoes-internacionais\/\">Rela\u00e7\u00f5es Internacionais<\/a><\/p>\n<p><a href=\"https:\/\/wp.ufpel.edu.br\/nulab\/cim\/transportes-terrestres-tecnologico\/\">Transportes Terrestres (Tecnol\u00f3gico)<\/a><\/p>\n","protected":false},"excerpt":{"rendered":"<p>Gest\u00e3o Ambiental (Tecnol\u00f3gico) Hotelaria (Tecnol\u00f3gico) Rela\u00e7\u00f5es Internacionais Transportes Terrestres (Tecnol\u00f3gico)<\/p>\n","protected":false},"author":634,"featured_media":0,"parent":0,"menu_order":0,"comment_status":"closed","ping_status":"closed","template":"","meta":{"footnotes":""},"class_list":["post-6","page","type-page","status-publish","hentry"],"_links":{"self":[{"href":"https:\/\/wp.ufpel.edu.br\/nulab\/wp-json\/wp\/v2\/pages\/6","targetHints":{"allow":["GET"]}}],"collection":[{"href":"https:\/\/wp.ufpel.edu.br\/nulab\/wp-json\/wp\/v2\/pages"}],"about":[{"href":"https:\/\/wp.ufpel.edu.br\/nulab\/wp-json\/wp\/v2\/types\/page"}],"author":[{"embeddable":true,"href":"https:\/\/wp.ufpel.edu.br\/nulab\/wp-json\/wp\/v2\/users\/634"}],"replies":[{"embeddable":true,"href":"https:\/\/wp.ufpel.edu.br\/nulab\/wp-json\/wp\/v2\/comments?post=6"}],"version-history":[{"count":10,"href":"https:\/\/wp.ufpel.edu.br\/nulab\/wp-json\/wp\/v2\/pages\/6\/revisions"}],"predecessor-version":[{"id":2480,"href":"https:\/\/wp.ufpel.edu.br\/nulab\/wp-json\/wp\/v2\/pages\/6\/revisions\/2480"}],"wp:attachment":[{"href":"https:\/\/wp.ufpel.edu.br\/nulab\/wp-json\/wp\/v2\/media?parent=6"}],"curies":[{"name":"wp","href":"https:\/\/api.w.org\/{rel}","templated":true}]}}