{"id":59,"date":"2016-03-24T09:48:18","date_gmt":"2016-03-24T12:48:18","guid":{"rendered":"https:\/\/wp.ufpel.edu.br\/nulab\/?page_id=59"},"modified":"2016-08-15T10:23:31","modified_gmt":"2016-08-15T13:23:31","slug":"fmet","status":"publish","type":"page","link":"https:\/\/wp.ufpel.edu.br\/nulab\/fmet\/","title":{"rendered":"Faculdade de Meteorologia (FMET)"},"content":{"rendered":"<p><a href=\"https:\/\/wp.ufpel.edu.br\/nulab\/laboratorio-de-instrumentos\/\">Laborat\u00f3rio de Instrumentos<\/a><\/p>\n<p><a href=\"https:\/\/wp.ufpel.edu.br\/nulab\/laboratorio-do-nucleo-de-meteorologia-aplicada\/\">Laborat\u00f3rio do\u00a0N\u00facleo de Meteorologia Aplicada<\/a><\/p>\n<p><a href=\"https:\/\/wp.ufpel.edu.br\/nulab\/laboratorio-de-poluicao-atmosferica\/\">Laborat\u00f3rio do Polui\u00e7\u00e3o Atmosf\u00e9rica<\/a><\/p>\n<p><a href=\"https:\/\/wp.ufpel.edu.br\/nulab\/laboratorio-de-sinotica\/\">Laborat\u00f3rio de Sin\u00f3tica<\/a><\/p>\n<p><a href=\"https:\/\/wp.ufpel.edu.br\/nulab\/sala-de-multimeios\/\">Sala de Multimeios<\/a><\/p>\n<p>&nbsp;<\/p>\n<p>&nbsp;<\/p>\n<p>&nbsp;<\/p>\n","protected":false},"excerpt":{"rendered":"<p>Laborat\u00f3rio de Instrumentos Laborat\u00f3rio do\u00a0N\u00facleo de Meteorologia Aplicada Laborat\u00f3rio do Polui\u00e7\u00e3o Atmosf\u00e9rica Laborat\u00f3rio de Sin\u00f3tica Sala de Multimeios &nbsp; &nbsp; &nbsp;<\/p>\n","protected":false},"author":634,"featured_media":0,"parent":0,"menu_order":0,"comment_status":"closed","ping_status":"closed","template":"","meta":{"footnotes":""},"class_list":["post-59","page","type-page","status-publish","hentry"],"_links":{"self":[{"href":"https:\/\/wp.ufpel.edu.br\/nulab\/wp-json\/wp\/v2\/pages\/59","targetHints":{"allow":["GET"]}}],"collection":[{"href":"https:\/\/wp.ufpel.edu.br\/nulab\/wp-json\/wp\/v2\/pages"}],"about":[{"href":"https:\/\/wp.ufpel.edu.br\/nulab\/wp-json\/wp\/v2\/types\/page"}],"author":[{"embeddable":true,"href":"https:\/\/wp.ufpel.edu.br\/nulab\/wp-json\/wp\/v2\/users\/634"}],"replies":[{"embeddable":true,"href":"https:\/\/wp.ufpel.edu.br\/nulab\/wp-json\/wp\/v2\/comments?post=59"}],"version-history":[{"count":6,"href":"https:\/\/wp.ufpel.edu.br\/nulab\/wp-json\/wp\/v2\/pages\/59\/revisions"}],"predecessor-version":[{"id":2763,"href":"https:\/\/wp.ufpel.edu.br\/nulab\/wp-json\/wp\/v2\/pages\/59\/revisions\/2763"}],"wp:attachment":[{"href":"https:\/\/wp.ufpel.edu.br\/nulab\/wp-json\/wp\/v2\/media?parent=59"}],"curies":[{"name":"wp","href":"https:\/\/api.w.org\/{rel}","templated":true}]}}