{"id":4032,"date":"2020-09-21T19:48:51","date_gmt":"2020-09-21T22:48:51","guid":{"rendered":"https:\/\/wp.ufpel.edu.br\/nulab\/?page_id=4032"},"modified":"2020-09-22T14:14:38","modified_gmt":"2020-09-22T17:14:38","slug":"laboratorio-de-metabolismo-vegetal","status":"publish","type":"page","link":"https:\/\/wp.ufpel.edu.br\/nulab\/laboratorio-de-metabolismo-vegetal\/","title":{"rendered":"Laborat\u00f3rio de Metabolismo Vegetal"},"content":{"rendered":"<p><a href=\"https:\/\/wp.ufpel.edu.br\/nulab\/files\/2020\/09\/20200921_115912-scaled.jpg\" target=\"_blank\" rel=\"noopener noreferrer\"><img class=\"alignnone wp-image-4033\" src=\"https:\/\/wp.ufpel.edu.br\/nulab\/files\/2020\/09\/20200921_115912-400x300.jpg\" alt=\"\" width=\"209\" height=\"157\" srcset=\"https:\/\/wp.ufpel.edu.br\/nulab\/files\/2020\/09\/20200921_115912-400x300.jpg 400w, https:\/\/wp.ufpel.edu.br\/nulab\/files\/2020\/09\/20200921_115912-1024x768.jpg 1024w, https:\/\/wp.ufpel.edu.br\/nulab\/files\/2020\/09\/20200921_115912-768x576.jpg 768w, https:\/\/wp.ufpel.edu.br\/nulab\/files\/2020\/09\/20200921_115912-1536x1152.jpg 1536w, https:\/\/wp.ufpel.edu.br\/nulab\/files\/2020\/09\/20200921_115912-2048x1536.jpg 2048w\" sizes=\"(max-width: 209px) 100vw, 209px\" \/><\/a> <a href=\"https:\/\/wp.ufpel.edu.br\/nulab\/files\/2020\/09\/20200902_112830-scaled.jpg\" target=\"_blank\" rel=\"noopener noreferrer\"><img class=\"alignnone wp-image-4034\" src=\"https:\/\/wp.ufpel.edu.br\/nulab\/files\/2020\/09\/20200902_112830-400x300.jpg\" alt=\"\" width=\"202\" height=\"151\" srcset=\"https:\/\/wp.ufpel.edu.br\/nulab\/files\/2020\/09\/20200902_112830-400x300.jpg 400w, https:\/\/wp.ufpel.edu.br\/nulab\/files\/2020\/09\/20200902_112830-1024x768.jpg 1024w, https:\/\/wp.ufpel.edu.br\/nulab\/files\/2020\/09\/20200902_112830-768x576.jpg 768w, https:\/\/wp.ufpel.edu.br\/nulab\/files\/2020\/09\/20200902_112830-1536x1152.jpg 1536w, https:\/\/wp.ufpel.edu.br\/nulab\/files\/2020\/09\/20200902_112830-2048x1536.jpg 2048w\" sizes=\"(max-width: 202px) 100vw, 202px\" \/><\/a>\u00a0<a href=\"https:\/\/wp.ufpel.edu.br\/nulab\/files\/2020\/09\/20200902_112719-scaled.jpg\" target=\"_blank\" rel=\"noopener noreferrer\"><img class=\"alignnone wp-image-4035\" src=\"https:\/\/wp.ufpel.edu.br\/nulab\/files\/2020\/09\/20200902_112719-400x300.jpg\" alt=\"\" width=\"202\" height=\"151\" srcset=\"https:\/\/wp.ufpel.edu.br\/nulab\/files\/2020\/09\/20200902_112719-400x300.jpg 400w, https:\/\/wp.ufpel.edu.br\/nulab\/files\/2020\/09\/20200902_112719-1024x768.jpg 1024w, https:\/\/wp.ufpel.edu.br\/nulab\/files\/2020\/09\/20200902_112719-768x576.jpg 768w, https:\/\/wp.ufpel.edu.br\/nulab\/files\/2020\/09\/20200902_112719-1536x1152.jpg 1536w, https:\/\/wp.ufpel.edu.br\/nulab\/files\/2020\/09\/20200902_112719-2048x1536.jpg 2048w\" sizes=\"(max-width: 202px) 100vw, 202px\" \/><\/a> \u00a0<a href=\"https:\/\/wp.ufpel.edu.br\/nulab\/files\/2020\/09\/20200921_115849-scaled.jpg\" target=\"_blank\" rel=\"noopener noreferrer\"><img class=\"alignnone wp-image-4036\" src=\"https:\/\/wp.ufpel.edu.br\/nulab\/files\/2020\/09\/20200921_115849-400x300.jpg\" alt=\"\" width=\"205\" height=\"153\" srcset=\"https:\/\/wp.ufpel.edu.br\/nulab\/files\/2020\/09\/20200921_115849-400x300.jpg 400w, https:\/\/wp.ufpel.edu.br\/nulab\/files\/2020\/09\/20200921_115849-1024x768.jpg 1024w, https:\/\/wp.ufpel.edu.br\/nulab\/files\/2020\/09\/20200921_115849-768x576.jpg 768w, https:\/\/wp.ufpel.edu.br\/nulab\/files\/2020\/09\/20200921_115849-1536x1152.jpg 1536w, https:\/\/wp.ufpel.edu.br\/nulab\/files\/2020\/09\/20200921_115849-2048x1536.jpg 2048w\" sizes=\"(max-width: 205px) 100vw, 205px\" \/><\/a> <a href=\"https:\/\/wp.ufpel.edu.br\/nulab\/files\/2020\/09\/20200902_112529-scaled.jpg\" target=\"_blank\" rel=\"noopener noreferrer\"><img class=\"alignnone wp-image-4037\" src=\"https:\/\/wp.ufpel.edu.br\/nulab\/files\/2020\/09\/20200902_112529-400x300.jpg\" alt=\"\" width=\"226\" height=\"169\" srcset=\"https:\/\/wp.ufpel.edu.br\/nulab\/files\/2020\/09\/20200902_112529-400x300.jpg 400w, https:\/\/wp.ufpel.edu.br\/nulab\/files\/2020\/09\/20200902_112529-1024x768.jpg 1024w, https:\/\/wp.ufpel.edu.br\/nulab\/files\/2020\/09\/20200902_112529-768x576.jpg 768w, https:\/\/wp.ufpel.edu.br\/nulab\/files\/2020\/09\/20200902_112529-1536x1152.jpg 1536w, https:\/\/wp.ufpel.edu.br\/nulab\/files\/2020\/09\/20200902_112529-2048x1536.jpg 2048w\" sizes=\"(max-width: 226px) 100vw, 226px\" \/><\/a><\/p>\n<p><strong>Unidade:<\/strong> Instituto de Biologia<\/p>\n<p><strong>Curso<\/strong>: Gradua\u00e7\u00e3o em Agronomia e Ci\u00eancias Biol\u00f3gicas (Licenciatura e Bacharelado)\u00a0 e P\u00f3s-Gradua\u00e7\u00e3o.<\/p>\n<p><strong>Website<\/strong>: &#8212;<\/p>\n<p><strong>C\u00f3digo NULAB: <\/strong>&#8212;<\/p>\n<p style=\"text-align: justify\"><strong>Descri\u00e7\u00e3o do laborat\u00f3rio: <\/strong>O laborat\u00f3rio de Laborat\u00f3rio de Metabolismo Vegetal (LMV) \u00e9 constitu\u00eddo por dois ambientes localizados no Departamento de Bot\u00e2nica, e atende aos cursos de gradua\u00e7\u00e3o e p\u00f3s-gradua\u00e7\u00e3o da UFPel e outras institui\u00e7\u00f5es parceiras p\u00fablicas e privadas (universidades e centros de pesquisa). As principais atividades desenvolvidas no laborat\u00f3rio visam dar suporte ao ensino, pesquisa e extens\u00e3o desenvolvidas por docentes do Departamento de Bot\u00e2nica ou associados. As atividades de ensino e pesquisa s\u00e3o principalmente na \u00e1rea de Fisiologia Vegetal, com \u00eanfase em estudos de processos relacionados \u00e0 fotoss\u00edntese e metabolismo vegetal de plantas cultivas ou de interesse.<\/p>\n<p><strong>Localiza\u00e7\u00e3o<\/strong><\/p>\n<p>&#8211; Campus: Cap\u00e3o do Le\u00e3o<\/p>\n<p>&#8211; Pr\u00e9dio\/Bloco: 21<\/p>\n<p><strong>Contato<\/strong><\/p>\n<p>Nome do respons\u00e1vel: Prof. Marcos Antonio Baccarin<\/p>\n<p>E-mail: bacarin@ufpel.edu.br<\/p>\n<p>&nbsp;<\/p>\n<p><strong>Equipamentos<\/strong><\/p>\n<p>Agitador de Tubo<\/p>\n<p>Balan\u00e7as anal\u00edtica e eletr\u00f4nica<\/p>\n<p>Banho maria<\/p>\n<p>Bloco digestor<\/p>\n<p>Bomba de Scholander (pressurechamber)<\/p>\n<p>Bomba de v\u00e1cuo<\/p>\n<p>Capela de exaust\u00e3o<\/p>\n<p>Centrifuga refrigerada<\/p>\n<p>Cilindro N2<\/p>\n<p>Computador e Impressoras<\/p>\n<p>Cromat\u00f3grafo a g\u00e1s Shimadzu GC2100<\/p>\n<p>Deionizador<\/p>\n<p>Destilador de fibras<\/p>\n<p>Destilador nitrog\u00eanio<\/p>\n<p>Espectrofot\u00f4metros<\/p>\n<p>Estufa secagem<\/p>\n<p>Evaporador rotativo com banho<\/p>\n<p>Fonte de luz para eletrodo de Clark<\/p>\n<p>Freezer e Geladeira<\/p>\n<p>Homogeneizador de amostra<\/p>\n<p>Leitura de Elisa com filtro<\/p>\n<p>Liofilizado<\/p>\n<p>M\u00e1quina de gelo<\/p>\n<p>Medidor \u00e1rea foliar LI300 &#8211; Licor<\/p>\n<p>Medidor de O2 (eletrodo de Clarck) &#8211; Hansatech<\/p>\n<p>Medidor de Fluoresc\u00eancia Dual Pam 100 &#8211; Walz<\/p>\n<p>Medidor de Fluoresc\u00eancia Modulada Imagim Max &#8211; Walz<\/p>\n<p>Medidor de Fluoresc\u00eancia Transiente &#8211; HandyPea &#8211; Hansatech<\/p>\n<p>Medidor de Fluoresc\u00eancia Transiente &#8211; MPEA &#8211; Hansatech<\/p>\n<p>Medidor de gases a infravermelho (IRGA) &#8211; Licor<\/p>\n<p>Medidor Fluoresc\u00eancia em meio l\u00edquido \u2013 Hanstech<\/p>\n<p>Medidor Fluoresc\u00eancia Modulada (FMS2) &#8211; Hansatech<\/p>\n<p>Medidor \u00cdndice de Clorofila &#8211; Hansatech<\/p>\n<p>Micro-onda<\/p>\n<p>Moinho de faca<\/p>\n<p>Placa aquecedora<\/p>\n<p>Sensor QuantunHansatech<\/p>\n<p>Sensor Quantun QSRED Hansatech<\/p>\n<p>Triturador de gelo<\/p>\n<p>Triturador tipo potter<\/p>\n<p>Ultra freezer<\/p>\n<p><a href=\"https:\/\/wp.ufpel.edu.br\/nulab\/files\/2020\/09\/plano-de-gerenciamento-residuos-LMV.pdf\">plano de gerenciamento residuos LMV<\/a><\/p>\n<p><a href=\"https:\/\/wp.ufpel.edu.br\/nulab\/files\/2020\/09\/Regimento-interno-LMV.pdf\">Regimento interno LMV<\/a><\/p>\n<p><strong>\u00a0<\/strong><\/p>\n","protected":false},"excerpt":{"rendered":"<p>\u00a0 \u00a0 Unidade: Instituto de Biologia Curso: Gradua\u00e7\u00e3o em Agronomia e Ci\u00eancias Biol\u00f3gicas (Licenciatura e Bacharelado)\u00a0 e P\u00f3s-Gradua\u00e7\u00e3o. Website: &#8212; C\u00f3digo NULAB: &#8212; Descri\u00e7\u00e3o do laborat\u00f3rio: O laborat\u00f3rio de Laborat\u00f3rio de Metabolismo Vegetal (LMV) \u00e9 constitu\u00eddo por dois ambientes localizados no Departamento de Bot\u00e2nica, e atende aos cursos de gradua\u00e7\u00e3o e p\u00f3s-gradua\u00e7\u00e3o da UFPel e [&hellip;]<\/p>\n","protected":false},"author":288,"featured_media":0,"parent":0,"menu_order":0,"comment_status":"closed","ping_status":"closed","template":"","meta":{"footnotes":""},"class_list":["post-4032","page","type-page","status-publish","hentry"],"_links":{"self":[{"href":"https:\/\/wp.ufpel.edu.br\/nulab\/wp-json\/wp\/v2\/pages\/4032","targetHints":{"allow":["GET"]}}],"collection":[{"href":"https:\/\/wp.ufpel.edu.br\/nulab\/wp-json\/wp\/v2\/pages"}],"about":[{"href":"https:\/\/wp.ufpel.edu.br\/nulab\/wp-json\/wp\/v2\/types\/page"}],"author":[{"embeddable":true,"href":"https:\/\/wp.ufpel.edu.br\/nulab\/wp-json\/wp\/v2\/users\/288"}],"replies":[{"embeddable":true,"href":"https:\/\/wp.ufpel.edu.br\/nulab\/wp-json\/wp\/v2\/comments?post=4032"}],"version-history":[{"count":8,"href":"https:\/\/wp.ufpel.edu.br\/nulab\/wp-json\/wp\/v2\/pages\/4032\/revisions"}],"predecessor-version":[{"id":4095,"href":"https:\/\/wp.ufpel.edu.br\/nulab\/wp-json\/wp\/v2\/pages\/4032\/revisions\/4095"}],"wp:attachment":[{"href":"https:\/\/wp.ufpel.edu.br\/nulab\/wp-json\/wp\/v2\/media?parent=4032"}],"curies":[{"name":"wp","href":"https:\/\/api.w.org\/{rel}","templated":true}]}}