{"id":4021,"date":"2020-09-20T10:42:47","date_gmt":"2020-09-20T13:42:47","guid":{"rendered":"https:\/\/wp.ufpel.edu.br\/nulab\/?page_id=4021"},"modified":"2020-09-20T10:43:39","modified_gmt":"2020-09-20T13:43:39","slug":"laboratorio-de-ecologia-vegetal-campestre","status":"publish","type":"page","link":"https:\/\/wp.ufpel.edu.br\/nulab\/laboratorio-de-ecologia-vegetal-campestre\/","title":{"rendered":"Laborat\u00f3rio de Ecologia Vegetal Campestre"},"content":{"rendered":"<p><strong>Nome do Laborat\u00f3rio: <\/strong>Laborat\u00f3rio de Ecologia Vegetal Campestre<\/p>\n<p><strong>Unidade:<\/strong> Instituto de Biologia<\/p>\n<p style=\"text-align: justify\"><strong>Curso<\/strong>: Gradua\u00e7\u00e3o em Ci\u00eancias Biol\u00f3gicas, Agronomia e Zootecnia, p\u00f3s-gradua\u00e7\u00e3o em Agronomia, Zootecnia e Sistemas de Produ\u00e7\u00e3o Agr\u00edcola Familiar<\/p>\n<p><strong>Website<\/strong>:-<\/p>\n<p><strong>C\u00f3digo NULAB:<\/strong>&#8211;<\/p>\n<p>&nbsp;<\/p>\n<p style=\"text-align: justify\"><strong>Descri\u00e7\u00e3o do laborat\u00f3rio: <\/strong>S\u00e3o desenvolvidos ou acompanhados projetos de ensino, pesquisa ou extens\u00e3o nas \u00e1reas de Ecologia de Comunidades Vegetais e Flor\u00edstica de Vegeta\u00e7\u00e3o Campestre e Vegeta\u00e7\u00e3o Antr\u00f3pica.<\/p>\n<p>&nbsp;<\/p>\n<p><strong>Localiza\u00e7\u00e3o<\/strong><\/p>\n<p>&#8211; Campus:Cap\u00e3o do Le\u00e3o<\/p>\n<p>&#8211; Pr\u00e9dio\/Bloco:22<\/p>\n<p>&#8211; Sala: sala de perman\u00eancia da Professora \u00c9len Nunes Garcia<\/p>\n<p>&nbsp;<\/p>\n<p><strong>Contato<\/strong><\/p>\n<p>Nome do respons\u00e1vel: \u00c9len Nunes Garcia<\/p>\n<p>E-mail: professoraelenbotanica@gmail.com<\/p>\n<p>&nbsp;<\/p>\n<p><strong>Equipamentos<\/strong><\/p>\n<p>Estufa de Secagem<\/p>\n<p>Microsc\u00f3pios estereosc\u00f3picos (lupas)<\/p>\n<p>Freezer<\/p>\n<p><a href=\"https:\/\/wp.ufpel.edu.br\/nulab\/files\/2020\/09\/REGIMENTO_INTERNO_LABORATORIO_Ecologia_Vegetal_Campestre_2.pdf\">REGIMENTO_INTERNO_LABORATORIO_Ecologia_Vegetal_Campestre_2<\/a><\/p>\n<p><a href=\"https:\/\/wp.ufpel.edu.br\/nulab\/files\/2020\/09\/plano-de-gerenciamento-de-residuos-Lab-Eco-Veg-Campestre2.pdf\">plano de gerenciamento de res\u00edduos Lab Eco Veg Campestre2<\/a><\/p>\n<p><strong>\u00a0<\/strong><\/p>\n<p><strong>\u00a0<\/strong><\/p>\n","protected":false},"excerpt":{"rendered":"<p>Nome do Laborat\u00f3rio: Laborat\u00f3rio de Ecologia Vegetal Campestre Unidade: Instituto de Biologia Curso: Gradua\u00e7\u00e3o em Ci\u00eancias Biol\u00f3gicas, Agronomia e Zootecnia, p\u00f3s-gradua\u00e7\u00e3o em Agronomia, Zootecnia e Sistemas de Produ\u00e7\u00e3o Agr\u00edcola Familiar Website:- C\u00f3digo NULAB:&#8211; &nbsp; Descri\u00e7\u00e3o do laborat\u00f3rio: S\u00e3o desenvolvidos ou acompanhados projetos de ensino, pesquisa ou extens\u00e3o nas \u00e1reas de Ecologia de Comunidades Vegetais e [&hellip;]<\/p>\n","protected":false},"author":288,"featured_media":0,"parent":0,"menu_order":0,"comment_status":"closed","ping_status":"closed","template":"","meta":{"_crdt_document":"","footnotes":""},"class_list":["post-4021","page","type-page","status-publish","hentry"],"_links":{"self":[{"href":"https:\/\/wp.ufpel.edu.br\/nulab\/wp-json\/wp\/v2\/pages\/4021","targetHints":{"allow":["GET"]}}],"collection":[{"href":"https:\/\/wp.ufpel.edu.br\/nulab\/wp-json\/wp\/v2\/pages"}],"about":[{"href":"https:\/\/wp.ufpel.edu.br\/nulab\/wp-json\/wp\/v2\/types\/page"}],"author":[{"embeddable":true,"href":"https:\/\/wp.ufpel.edu.br\/nulab\/wp-json\/wp\/v2\/users\/288"}],"replies":[{"embeddable":true,"href":"https:\/\/wp.ufpel.edu.br\/nulab\/wp-json\/wp\/v2\/comments?post=4021"}],"version-history":[{"count":1,"href":"https:\/\/wp.ufpel.edu.br\/nulab\/wp-json\/wp\/v2\/pages\/4021\/revisions"}],"predecessor-version":[{"id":4026,"href":"https:\/\/wp.ufpel.edu.br\/nulab\/wp-json\/wp\/v2\/pages\/4021\/revisions\/4026"}],"wp:attachment":[{"href":"https:\/\/wp.ufpel.edu.br\/nulab\/wp-json\/wp\/v2\/media?parent=4021"}],"curies":[{"name":"wp","href":"https:\/\/api.w.org\/{rel}","templated":true}]}}