{"id":4010,"date":"2020-09-18T16:12:04","date_gmt":"2020-09-18T19:12:04","guid":{"rendered":"https:\/\/wp.ufpel.edu.br\/nulab\/?page_id=4010"},"modified":"2020-09-18T16:16:19","modified_gmt":"2020-09-18T19:16:19","slug":"laboratorio-de-fisiologia-de-sementes","status":"publish","type":"page","link":"https:\/\/wp.ufpel.edu.br\/nulab\/laboratorio-de-fisiologia-de-sementes\/","title":{"rendered":"Laborat\u00f3rio de Fisiologia de Sementes"},"content":{"rendered":"<p><strong>Nome do Laborat\u00f3rio: <\/strong>Laborat\u00f3rio de Fisiologia de Sementes<\/p>\n<p><strong>Unidade:<\/strong> Instituto de Biologia<\/p>\n<p><strong>Cursos<\/strong>: Ci\u00eancias Biol\u00f3gicas \u2013 Bacharelado e Licenciatura; Agronomia; P\u00f3s Gradua\u00e7\u00e3o em Fisiologia Vegetal e P\u00f3s Gradua\u00e7\u00e3o em Ci\u00eancia e Tecnologia de Sementes<\/p>\n<p><strong>Website<\/strong>:<\/p>\n<p><strong>C\u00f3digo NULAB:<\/strong><\/p>\n<p>&nbsp;<\/p>\n<p><strong>Descri\u00e7\u00e3o do laborat\u00f3rio: <\/strong><\/p>\n<p style=\"text-align: justify\">O laborat\u00f3rio de Fisiologia de Sementes do Departamento de Bot\u00e2nica realiza atividades de ensino e pesquisa, atendendo alunos de gradua\u00e7\u00e3o dos cursos de Ci\u00eancias Biol\u00f3gicas e Agronomia, bem como dos Programas de P\u00f3s-Gradua\u00e7\u00e3o em Fisiologia Vegetal e Ci\u00eancia e Tecnologia de Sementes. Al\u00e9m de aulas pr\u00e1ticas, os experimentos de pesquisa envolvem avalia\u00e7\u00e3o da qualidade de sementes atrav\u00e9s de an\u00e1lises de crescimento de pl\u00e2ntulas\/plantas, quantifica\u00e7\u00e3o de metab\u00f3litos, atividade enzim\u00e1tica, atividade respirat\u00f3ria, dosagens por m\u00e9todos espectrom\u00e9tricos, armazenamento de material vegetal, manuseio e preparo de reagentes, manuseio de amostras congeladas em ultrafreezer e nitrog\u00eanio l\u00edquido.<\/p>\n<p>&nbsp;<\/p>\n<p><strong>Localiza\u00e7\u00e3o<\/strong><\/p>\n<p>Campus Cap\u00e3o do Le\u00e3o<\/p>\n<p>Pr\u00e9dio\/Bloco: 21<\/p>\n<p>Sala: &#8211;<\/p>\n<p>&nbsp;<\/p>\n<p><strong>Contato<\/strong><\/p>\n<p>Nome do respons\u00e1vel: Prof. Dr. Dario Munt de Moraes<\/p>\n<p>Email: <a href=\"blank\">moraesdm@ufpel.edu.br<\/a><\/p>\n<p>T\u00e9cnica respons\u00e1vel: Cristina Ferreira Larr\u00e9<\/p>\n<p>E mail: <a href=\"blank\">cristina_larre@yahoo.com.br<\/a><\/p>\n<p>&nbsp;<\/p>\n<p><strong>Equipamentos<\/strong><\/p>\n<p>Agitador magn\u00e9tico com aquecimento<\/p>\n<p>Balan\u00e7a Anal\u00edtica<\/p>\n<p>Banho-Maria<\/p>\n<p>C\u00e2mara de germina\u00e7\u00e3o tipo BOD<\/p>\n<p>Espectrofot\u00f4metro<\/p>\n<p>Freezer<\/p>\n<p>Refrigerador<\/p>\n<p><a href=\"https:\/\/wp.ufpel.edu.br\/nulab\/files\/2020\/09\/REGIMENTO-INTERNO-DO-LABORATORIO-DE-FISIOLOGIA-DE-SEMENTES-DO-DEPARTAMENTO-DE-BOTANICA.pdf\">REGIMENTO INTERNO DO LABORAT\u00d3RIO DE FISIOLOGIA DE SEMENTES DO DEPARTAMENTO DE BOT\u00c2NICA<\/a><\/p>\n<p><a href=\"https:\/\/wp.ufpel.edu.br\/nulab\/files\/2020\/09\/Plano-de-gerenciamento-de-residuos-do-Lab.-Fisologia-de-Sementes.pdf\">Plano de gerenciamento de res\u00edduos do Lab. Fisologia de Sementes<\/a><\/p>\n<p>&nbsp;<\/p>\n<p><strong>\u00a0<\/strong><\/p>\n<p><strong>\u00a0<\/strong><\/p>\n","protected":false},"excerpt":{"rendered":"<p>Nome do Laborat\u00f3rio: Laborat\u00f3rio de Fisiologia de Sementes Unidade: Instituto de Biologia Cursos: Ci\u00eancias Biol\u00f3gicas \u2013 Bacharelado e Licenciatura; Agronomia; P\u00f3s Gradua\u00e7\u00e3o em Fisiologia Vegetal e P\u00f3s Gradua\u00e7\u00e3o em Ci\u00eancia e Tecnologia de Sementes Website: C\u00f3digo NULAB: &nbsp; Descri\u00e7\u00e3o do laborat\u00f3rio: O laborat\u00f3rio de Fisiologia de Sementes do Departamento de Bot\u00e2nica realiza atividades de ensino [&hellip;]<\/p>\n","protected":false},"author":288,"featured_media":0,"parent":0,"menu_order":0,"comment_status":"closed","ping_status":"closed","template":"","meta":{"footnotes":""},"class_list":["post-4010","page","type-page","status-publish","hentry"],"_links":{"self":[{"href":"https:\/\/wp.ufpel.edu.br\/nulab\/wp-json\/wp\/v2\/pages\/4010","targetHints":{"allow":["GET"]}}],"collection":[{"href":"https:\/\/wp.ufpel.edu.br\/nulab\/wp-json\/wp\/v2\/pages"}],"about":[{"href":"https:\/\/wp.ufpel.edu.br\/nulab\/wp-json\/wp\/v2\/types\/page"}],"author":[{"embeddable":true,"href":"https:\/\/wp.ufpel.edu.br\/nulab\/wp-json\/wp\/v2\/users\/288"}],"replies":[{"embeddable":true,"href":"https:\/\/wp.ufpel.edu.br\/nulab\/wp-json\/wp\/v2\/comments?post=4010"}],"version-history":[{"count":6,"href":"https:\/\/wp.ufpel.edu.br\/nulab\/wp-json\/wp\/v2\/pages\/4010\/revisions"}],"predecessor-version":[{"id":4020,"href":"https:\/\/wp.ufpel.edu.br\/nulab\/wp-json\/wp\/v2\/pages\/4010\/revisions\/4020"}],"wp:attachment":[{"href":"https:\/\/wp.ufpel.edu.br\/nulab\/wp-json\/wp\/v2\/media?parent=4010"}],"curies":[{"name":"wp","href":"https:\/\/api.w.org\/{rel}","templated":true}]}}