{"id":4002,"date":"2020-09-18T14:55:01","date_gmt":"2020-09-18T17:55:01","guid":{"rendered":"https:\/\/wp.ufpel.edu.br\/nulab\/?page_id=4002"},"modified":"2020-09-18T14:56:02","modified_gmt":"2020-09-18T17:56:02","slug":"laboratorio-de-sistematica-e-evolucao-de-plantas","status":"publish","type":"page","link":"https:\/\/wp.ufpel.edu.br\/nulab\/laboratorio-de-sistematica-e-evolucao-de-plantas\/","title":{"rendered":"Laborat\u00f3rio de Sistem\u00e1tica e Evolu\u00e7\u00e3o de Plantas"},"content":{"rendered":"<p><strong>Nome do Laborat\u00f3rio: <\/strong>Laborat\u00f3rio de Sistem\u00e1tica e Evolu\u00e7\u00e3o de Plantas<\/p>\n<p><strong>Unidade:<\/strong> Instituto de Biologia<\/p>\n<p><strong>Curso<\/strong>: Ci\u00eancias Biol\u00f3gicas (Licenciatura e Bacharelado), Museologia<\/p>\n<p><strong>Website<\/strong>: https:\/\/wp.ufpel.edu.br\/igancilab\/<\/p>\n<p><strong>C\u00f3digo NULAB:<\/strong><\/p>\n<p>&nbsp;<\/p>\n<p><strong>Descri\u00e7\u00e3o do laborat\u00f3rio:<\/strong><\/p>\n<p style=\"text-align: justify\">O Laborat\u00f3rio de Sistem\u00e1tica e Evolu\u00e7\u00e3o de Plantas est\u00e1 situado junto \u00e0 sala de perman\u00eancia do Prof. Jo\u00e3o Iganci. No laborat\u00f3rio s\u00e3o desenvolvidas atividades de ensino, pesquisa e extens\u00e3o, com a participa\u00e7\u00e3o de estudantes e servidores da UFPel. Neste contexto destacam-se o projeto de ensino Jogos Bot\u00e2nicos, o projeto de pesquisa Flora do Pontal da Barra e o projeto de extens\u00e3o Ilustra\u00e7\u00e3o Bot\u00e2nica.<\/p>\n<p>&nbsp;<\/p>\n<p><strong>Localiza\u00e7\u00e3o<\/strong><\/p>\n<p>&#8211; Campus: Cap\u00e3o do Le\u00e3o<\/p>\n<p>&#8211; Pr\u00e9dio\/Bloco: 22<\/p>\n<p>&nbsp;<\/p>\n<p><strong>Contato<\/strong><\/p>\n<p>Nome do respons\u00e1vel: Prof. Jo\u00e3o Iganci<\/p>\n<p>E-mail: joaoiganci@gmail.com<\/p>\n<p>&nbsp;<\/p>\n<p><strong>Equipamentos<\/strong><\/p>\n<p>Microondas<\/p>\n<p>Microsc\u00f3pio estereosc\u00f3pico (lupa)<\/p>\n<p>Geladeira<br \/>\nComputadores<\/p>\n<p>Equipamentos de coleta de material bot\u00e2nico<\/p>\n<p><a href=\"https:\/\/wp.ufpel.edu.br\/nulab\/files\/2020\/09\/Laboratorio-de-Sistematica-e-Evolucao-de-Plantas_revisado.pdf\">Laborat\u00f3rio de Sistem\u00e1tica e Evolu\u00e7\u00e3o de Plantas_revisado<\/a><\/p>\n<p><a href=\"https:\/\/wp.ufpel.edu.br\/nulab\/files\/2020\/09\/Plano-Gerenciamento-de-Residuos.pdf\">Plano Gerenciamento de Res\u00edduos<\/a><\/p>\n","protected":false},"excerpt":{"rendered":"<p>Nome do Laborat\u00f3rio: Laborat\u00f3rio de Sistem\u00e1tica e Evolu\u00e7\u00e3o de Plantas Unidade: Instituto de Biologia Curso: Ci\u00eancias Biol\u00f3gicas (Licenciatura e Bacharelado), Museologia Website: https:\/\/wp.ufpel.edu.br\/igancilab\/ C\u00f3digo NULAB: &nbsp; Descri\u00e7\u00e3o do laborat\u00f3rio: O Laborat\u00f3rio de Sistem\u00e1tica e Evolu\u00e7\u00e3o de Plantas est\u00e1 situado junto \u00e0 sala de perman\u00eancia do Prof. Jo\u00e3o Iganci. No laborat\u00f3rio s\u00e3o desenvolvidas atividades de ensino, [&hellip;]<\/p>\n","protected":false},"author":288,"featured_media":0,"parent":0,"menu_order":0,"comment_status":"closed","ping_status":"closed","template":"","meta":{"footnotes":""},"class_list":["post-4002","page","type-page","status-publish","hentry"],"_links":{"self":[{"href":"https:\/\/wp.ufpel.edu.br\/nulab\/wp-json\/wp\/v2\/pages\/4002","targetHints":{"allow":["GET"]}}],"collection":[{"href":"https:\/\/wp.ufpel.edu.br\/nulab\/wp-json\/wp\/v2\/pages"}],"about":[{"href":"https:\/\/wp.ufpel.edu.br\/nulab\/wp-json\/wp\/v2\/types\/page"}],"author":[{"embeddable":true,"href":"https:\/\/wp.ufpel.edu.br\/nulab\/wp-json\/wp\/v2\/users\/288"}],"replies":[{"embeddable":true,"href":"https:\/\/wp.ufpel.edu.br\/nulab\/wp-json\/wp\/v2\/comments?post=4002"}],"version-history":[{"count":1,"href":"https:\/\/wp.ufpel.edu.br\/nulab\/wp-json\/wp\/v2\/pages\/4002\/revisions"}],"predecessor-version":[{"id":4004,"href":"https:\/\/wp.ufpel.edu.br\/nulab\/wp-json\/wp\/v2\/pages\/4002\/revisions\/4004"}],"wp:attachment":[{"href":"https:\/\/wp.ufpel.edu.br\/nulab\/wp-json\/wp\/v2\/media?parent=4002"}],"curies":[{"name":"wp","href":"https:\/\/api.w.org\/{rel}","templated":true}]}}