{"id":399,"date":"2016-03-28T09:32:03","date_gmt":"2016-03-28T12:32:03","guid":{"rendered":"https:\/\/wp.ufpel.edu.br\/nulab\/?page_id=399"},"modified":"2016-04-07T10:05:23","modified_gmt":"2016-04-07T13:05:23","slug":"conservacao-e-restauro-de-bens-culturais-moveis","status":"publish","type":"page","link":"https:\/\/wp.ufpel.edu.br\/nulab\/conservacao-e-restauro-de-bens-culturais-moveis\/","title":{"rendered":"Conserva\u00e7\u00e3o e Restauro de Bens Culturais M\u00f3veis"},"content":{"rendered":"<p><a href=\"https:\/\/wp.ufpel.edu.br\/nulab\/laboratorio-de-ciencia-da-conservacao\/\">Laborat\u00f3rio de Ci\u00eancia da Conserva\u00e7\u00e3o<\/a><\/p>\n<p><a href=\"https:\/\/wp.ufpel.edu.br\/nulab\/laboratorio-de-materiais-e-tecnicas\/\">Laborat\u00f3rio de Materiais e T\u00e9cnicas<\/a><\/p>\n<p><a href=\"https:\/\/wp.ufpel.edu.br\/nulab\/laboratorio-para-a-conservacao-e-restauracao-de-bens-culturais-em-madeira\/\">Laborat\u00f3rio para a Conserva\u00e7\u00e3o e Restaura\u00e7\u00e3o de Bens Culturais em Madeira<\/a><\/p>\n<p><a href=\"https:\/\/wp.ufpel.edu.br\/nulab\/laboratorio-para-a-conservacao-e-restauracao-de-bens-culturais-em-papel\/\">Laborat\u00f3rio para a Conserva\u00e7\u00e3o e Restaura\u00e7\u00e3o de Bens Culturais em Papel<\/a><\/p>\n<p><a href=\"https:\/\/wp.ufpel.edu.br\/nulab\/laboratorio-para-a-conservacao-e-restauracao-de-pinturas\/\">Laborat\u00f3rio para a Conserva\u00e7\u00e3o e Restaura\u00e7\u00e3o de Pinturas<\/a><\/p>\n","protected":false},"excerpt":{"rendered":"<p>Laborat\u00f3rio de Ci\u00eancia da Conserva\u00e7\u00e3o Laborat\u00f3rio de Materiais e T\u00e9cnicas Laborat\u00f3rio para a Conserva\u00e7\u00e3o e Restaura\u00e7\u00e3o de Bens Culturais em Madeira Laborat\u00f3rio para a Conserva\u00e7\u00e3o e Restaura\u00e7\u00e3o de Bens Culturais em Papel Laborat\u00f3rio para a Conserva\u00e7\u00e3o e Restaura\u00e7\u00e3o de Pinturas<\/p>\n","protected":false},"author":634,"featured_media":0,"parent":0,"menu_order":0,"comment_status":"closed","ping_status":"closed","template":"","meta":{"footnotes":""},"class_list":["post-399","page","type-page","status-publish","hentry"],"_links":{"self":[{"href":"https:\/\/wp.ufpel.edu.br\/nulab\/wp-json\/wp\/v2\/pages\/399","targetHints":{"allow":["GET"]}}],"collection":[{"href":"https:\/\/wp.ufpel.edu.br\/nulab\/wp-json\/wp\/v2\/pages"}],"about":[{"href":"https:\/\/wp.ufpel.edu.br\/nulab\/wp-json\/wp\/v2\/types\/page"}],"author":[{"embeddable":true,"href":"https:\/\/wp.ufpel.edu.br\/nulab\/wp-json\/wp\/v2\/users\/634"}],"replies":[{"embeddable":true,"href":"https:\/\/wp.ufpel.edu.br\/nulab\/wp-json\/wp\/v2\/comments?post=399"}],"version-history":[{"count":4,"href":"https:\/\/wp.ufpel.edu.br\/nulab\/wp-json\/wp\/v2\/pages\/399\/revisions"}],"predecessor-version":[{"id":818,"href":"https:\/\/wp.ufpel.edu.br\/nulab\/wp-json\/wp\/v2\/pages\/399\/revisions\/818"}],"wp:attachment":[{"href":"https:\/\/wp.ufpel.edu.br\/nulab\/wp-json\/wp\/v2\/media?parent=399"}],"curies":[{"name":"wp","href":"https:\/\/api.w.org\/{rel}","templated":true}]}}