{"id":3987,"date":"2020-09-18T13:42:55","date_gmt":"2020-09-18T16:42:55","guid":{"rendered":"https:\/\/wp.ufpel.edu.br\/nulab\/?page_id=3987"},"modified":"2020-09-22T14:04:12","modified_gmt":"2020-09-22T17:04:12","slug":"herbario-pel","status":"publish","type":"page","link":"https:\/\/wp.ufpel.edu.br\/nulab\/herbario-pel\/","title":{"rendered":"Herb\u00e1rio Pel"},"content":{"rendered":"<p style=\"text-align: center\"><a href=\"https:\/\/wp.ufpel.edu.br\/nulab\/files\/2020\/09\/Herbasrio-02.jpg\" target=\"_blank\" rel=\"noopener noreferrer\"><img class=\"alignnone wp-image-3988\" src=\"https:\/\/wp.ufpel.edu.br\/nulab\/files\/2020\/09\/Herbasrio-02.jpg\" alt=\"\" width=\"266\" height=\"199\" \/><\/a> <a href=\"https:\/\/wp.ufpel.edu.br\/nulab\/files\/2020\/09\/Herbario-01.jpg\" target=\"_blank\" rel=\"noopener noreferrer\"><img class=\"alignnone wp-image-3989\" src=\"https:\/\/wp.ufpel.edu.br\/nulab\/files\/2020\/09\/Herbario-01.jpg\" alt=\"\" width=\"268\" height=\"201\" \/><\/a><\/p>\n<p><strong>Unidade:<\/strong> Instituto de Biologia<\/p>\n<p><strong>Curso<\/strong>: Atende todos os cursos de gradua\u00e7\u00e3o e\/ou p\u00f3s-gradua\u00e7\u00e3o<\/p>\n<p><strong>Website<\/strong>:<\/p>\n<p><strong>C\u00f3digo NULAB:<\/strong><\/p>\n<p>&nbsp;<\/p>\n<p><strong>Descri\u00e7\u00e3o do laborat\u00f3rio:<\/strong><\/p>\n<p>O Herb\u00e1rio PEL tem como miss\u00e3o manter amostras de plantas (inclusive algas e fungos), conservadas adequadamente atrav\u00e9s de t\u00e9cnicas apropriadas, configurando uma cole\u00e7\u00e3o biol\u00f3gica permanente para estudos da flora e em constante expans\u00e3o; dispon\u00edvel para consulta pela comunidade cient\u00edfica e por estudiosos em geral, viabilizando o exerc\u00edcio das atividades de ensino, pesquisa e extens\u00e3o, indissoci\u00e1veis conforme princ\u00edpio desta Universidade.<\/p>\n<p style=\"text-align: justify\">Esta cole\u00e7\u00e3o tem por finalidades receber, tombar, armazenar e conservar materiais coletados, identificados como plantas (inclusive algas) e fungos; na forma de exsicatas, acompanhadas de suas respectivas estruturas reprodutivas e dados de coleta; e tamb\u00e9m, desidratados ou em meio l\u00edquido, proporcionando dessa forma, a documenta\u00e7\u00e3o dos esp\u00e9cimes, fornecendo base para identifica\u00e7\u00e3o, documenta\u00e7\u00e3o e gera\u00e7\u00e3o de dados para a pesquisa e suporte did\u00e1tico \u00e0s disciplinas de Bot\u00e2nica.\u00a0 Al\u00e9m disso, viabilizar permanentemente rotinas de intera\u00e7\u00e3o com a comunidade cient\u00edfica, efetuando permutas, empr\u00e9stimos e doa\u00e7\u00f5es; mantendo-se integrado com os demais herb\u00e1rios, jardins bot\u00e2nicos e museus, interagindo atrav\u00e9s de redes, grupos de discuss\u00e3o,<\/p>\n<p style=\"text-align: justify\">congressos, reuni\u00f5es, promovendo ou participando de cursos t\u00e9cnico-cient\u00edficos, em prol de atingir a qualifica\u00e7\u00e3o necess\u00e1ria para a plena realiza\u00e7\u00e3o dos objetivos propostos.<\/p>\n<p>&nbsp;<\/p>\n<p><strong>Localiza\u00e7\u00e3o<\/strong><\/p>\n<p>\u2013 Campus: Cap\u00e3o do Le\u00e3o<\/p>\n<p>\u2013 Pr\u00e9dio\/Bloco: 22<\/p>\n<p>&nbsp;<\/p>\n<p><strong>Contato<\/strong><\/p>\n<p>Nome do respons\u00e1vel: Caroline Scherer<\/p>\n<p>E-mail: <a href=\"mailto:cacabio@yahoo.com.br\">cacabio@yahoo.com.br<\/a>, <a href=\"mailto:herbario@ufpel.edu.br\">herbario@ufpel.edu.br<\/a><\/p>\n<p>&nbsp;<\/p>\n<p><strong>Equipamentos<\/strong><\/p>\n<p>Freezer<\/p>\n<p>Estufa<\/p>\n<p>Computadores<\/p>\n<p>Desumidificadores<\/p>\n<p><a href=\"https:\/\/wp.ufpel.edu.br\/nulab\/files\/2020\/09\/Plano_gerenciamento_Residuos_HerbarioPEL-1.pdf\">Plano_gerenciamento_Residuos_HerbarioPEL (1)<\/a><\/p>\n<p><a href=\"https:\/\/wp.ufpel.edu.br\/nulab\/files\/2020\/09\/Regimento_Interno_HerbarioPEL-1.pdf\">Regimento_Interno_HerbarioPEL (1)<\/a><\/p>\n<p>&nbsp;<\/p>\n","protected":false},"excerpt":{"rendered":"<p>Unidade: Instituto de Biologia Curso: Atende todos os cursos de gradua\u00e7\u00e3o e\/ou p\u00f3s-gradua\u00e7\u00e3o Website: C\u00f3digo NULAB: &nbsp; Descri\u00e7\u00e3o do laborat\u00f3rio: O Herb\u00e1rio PEL tem como miss\u00e3o manter amostras de plantas (inclusive algas e fungos), conservadas adequadamente atrav\u00e9s de t\u00e9cnicas apropriadas, configurando uma cole\u00e7\u00e3o biol\u00f3gica permanente para estudos da flora e em constante expans\u00e3o; dispon\u00edvel para [&hellip;]<\/p>\n","protected":false},"author":288,"featured_media":0,"parent":0,"menu_order":0,"comment_status":"closed","ping_status":"closed","template":"","meta":{"footnotes":""},"class_list":["post-3987","page","type-page","status-publish","hentry"],"_links":{"self":[{"href":"https:\/\/wp.ufpel.edu.br\/nulab\/wp-json\/wp\/v2\/pages\/3987","targetHints":{"allow":["GET"]}}],"collection":[{"href":"https:\/\/wp.ufpel.edu.br\/nulab\/wp-json\/wp\/v2\/pages"}],"about":[{"href":"https:\/\/wp.ufpel.edu.br\/nulab\/wp-json\/wp\/v2\/types\/page"}],"author":[{"embeddable":true,"href":"https:\/\/wp.ufpel.edu.br\/nulab\/wp-json\/wp\/v2\/users\/288"}],"replies":[{"embeddable":true,"href":"https:\/\/wp.ufpel.edu.br\/nulab\/wp-json\/wp\/v2\/comments?post=3987"}],"version-history":[{"count":5,"href":"https:\/\/wp.ufpel.edu.br\/nulab\/wp-json\/wp\/v2\/pages\/3987\/revisions"}],"predecessor-version":[{"id":4091,"href":"https:\/\/wp.ufpel.edu.br\/nulab\/wp-json\/wp\/v2\/pages\/3987\/revisions\/4091"}],"wp:attachment":[{"href":"https:\/\/wp.ufpel.edu.br\/nulab\/wp-json\/wp\/v2\/media?parent=3987"}],"curies":[{"name":"wp","href":"https:\/\/api.w.org\/{rel}","templated":true}]}}