{"id":3967,"date":"2020-09-18T13:23:46","date_gmt":"2020-09-18T16:23:46","guid":{"rendered":"https:\/\/wp.ufpel.edu.br\/nulab\/?page_id=3967"},"modified":"2020-09-22T12:36:17","modified_gmt":"2020-09-22T15:36:17","slug":"laboratorio-de-bacteriologia-e-bioensaios-labbio","status":"publish","type":"page","link":"https:\/\/wp.ufpel.edu.br\/nulab\/laboratorio-de-bacteriologia-e-bioensaios-labbio\/","title":{"rendered":"Laborat\u00f3rio de Bacteriologia e Bioensaios (LaBBio)"},"content":{"rendered":"<p><a href=\"https:\/\/wp.ufpel.edu.br\/nulab\/files\/2020\/09\/Foto-2-scaled.jpg\" target=\"_blank\" rel=\"noopener noreferrer\"><img class=\"alignnone wp-image-3971\" src=\"https:\/\/wp.ufpel.edu.br\/nulab\/files\/2020\/09\/Foto-2-400x293.jpg\" alt=\"\" width=\"250\" height=\"183\" srcset=\"https:\/\/wp.ufpel.edu.br\/nulab\/files\/2020\/09\/Foto-2-400x293.jpg 400w, https:\/\/wp.ufpel.edu.br\/nulab\/files\/2020\/09\/Foto-2-1024x749.jpg 1024w, https:\/\/wp.ufpel.edu.br\/nulab\/files\/2020\/09\/Foto-2-768x562.jpg 768w, https:\/\/wp.ufpel.edu.br\/nulab\/files\/2020\/09\/Foto-2-1536x1124.jpg 1536w, https:\/\/wp.ufpel.edu.br\/nulab\/files\/2020\/09\/Foto-2-2048x1499.jpg 2048w\" sizes=\"(max-width: 250px) 100vw, 250px\" \/><\/a> <a href=\"https:\/\/wp.ufpel.edu.br\/nulab\/files\/2020\/09\/Foto-3-scaled.jpg\" target=\"_blank\" rel=\"noopener noreferrer\"><img class=\"alignnone wp-image-3973\" src=\"https:\/\/wp.ufpel.edu.br\/nulab\/files\/2020\/09\/Foto-3-400x294.jpg\" alt=\"\" width=\"253\" height=\"186\" srcset=\"https:\/\/wp.ufpel.edu.br\/nulab\/files\/2020\/09\/Foto-3-400x294.jpg 400w, https:\/\/wp.ufpel.edu.br\/nulab\/files\/2020\/09\/Foto-3-1024x752.jpg 1024w, https:\/\/wp.ufpel.edu.br\/nulab\/files\/2020\/09\/Foto-3-768x564.jpg 768w, https:\/\/wp.ufpel.edu.br\/nulab\/files\/2020\/09\/Foto-3-1536x1128.jpg 1536w, https:\/\/wp.ufpel.edu.br\/nulab\/files\/2020\/09\/Foto-3-2048x1505.jpg 2048w\" sizes=\"(max-width: 253px) 100vw, 253px\" \/><\/a><\/p>\n<p><a href=\"https:\/\/wp.ufpel.edu.br\/nulab\/files\/2020\/09\/Foto-1-scaled.jpg\" target=\"_blank\" rel=\"noopener noreferrer\"><img class=\"alignleft wp-image-3974\" src=\"https:\/\/wp.ufpel.edu.br\/nulab\/files\/2020\/09\/Foto-1-400x278.jpg\" alt=\"\" width=\"252\" height=\"175\" srcset=\"https:\/\/wp.ufpel.edu.br\/nulab\/files\/2020\/09\/Foto-1-400x278.jpg 400w, https:\/\/wp.ufpel.edu.br\/nulab\/files\/2020\/09\/Foto-1-1024x711.jpg 1024w, https:\/\/wp.ufpel.edu.br\/nulab\/files\/2020\/09\/Foto-1-768x533.jpg 768w, https:\/\/wp.ufpel.edu.br\/nulab\/files\/2020\/09\/Foto-1-1536x1067.jpg 1536w, https:\/\/wp.ufpel.edu.br\/nulab\/files\/2020\/09\/Foto-1-2048x1423.jpg 2048w\" sizes=\"(max-width: 252px) 100vw, 252px\" \/><\/a><\/p>\n<p>&nbsp;<\/p>\n<p>&nbsp;<\/p>\n<p>&nbsp;<\/p>\n<p>&nbsp;<\/p>\n<p>&nbsp;<\/p>\n<p>&nbsp;<\/p>\n<p><strong>Nome do Laborat\u00f3rio: <\/strong>Laborat\u00f3rio de Bacteriologia e Bioensaios (LaBBio)<\/p>\n<p><strong>Unidade:<\/strong> Instituto de Biologia<\/p>\n<p><strong>Curso<\/strong>: Gradua\u00e7\u00e3o em Ci\u00eancias Biol\u00f3gicas, Farm\u00e1cia, Enfermagem e Biotecnologia. P\u00f3s-gradua\u00e7\u00e3o em Biotecnologia (PPGB) e P\u00f3s-gradua\u00e7\u00e3o em Microbiologia e Parasitologia (PPGMPar).<\/p>\n<p><strong>Website<\/strong>:<\/p>\n<p><strong>C\u00f3digo NULAB:<\/strong> 90534<\/p>\n<p>&nbsp;<\/p>\n<p><strong>Descri\u00e7\u00e3o do laborat\u00f3rio &#8211;<\/strong><\/p>\n<p style=\"text-align: justify\">\u00a0As linhas de pesquisa do Laborat\u00f3rio de Bacteriologia e Bioensaios (LaBBio) envolvem o estudo da resist\u00eancia bacteriana \u00e0 m\u00faltiplas drogas, genotipagem molecular, fatores de patogenicidade, forma\u00e7\u00e3o de biofilme e bioensaios para prospec\u00e7\u00e3o e reposicionamento de f\u00e1rmacos antibacterianos, uso de nanotecnologia, al\u00e9m do desenvolvimento de vacinas e testes de diagn\u00f3stico.<\/p>\n<p>&nbsp;<\/p>\n<p><strong>Localiza\u00e7\u00e3o &#8211;<\/strong><\/p>\n<p>&#8211; Campus: Campus Cap\u00e3o do Le\u00e3o, s\/n. CEP.: 96160-000<\/p>\n<p>&#8211; Pr\u00e9dio: 18<\/p>\n<p>&#8211; Sala: 15<\/p>\n<p>&nbsp;<\/p>\n<p><strong>Contato &#8211;<\/strong><\/p>\n<p>Nome do respons\u00e1vel: Profa. Dra. Daiane Drawanz Hartwig<\/p>\n<p>Email: daianehartwig@gmail.com<\/p>\n<p>&nbsp;<\/p>\n<p><strong>Equipamentos &#8211;<\/strong><\/p>\n<p>Cabine de seguran\u00e7a biol\u00f3gica<\/p>\n<p>Microcentr\u00edfuga<\/p>\n<p>Espectrofot\u00f4metro<\/p>\n<p>Balan\u00e7a de precis\u00e3o<\/p>\n<p>Banho-maria<\/p>\n<p>Fontes e cubas para eletroforese<\/p>\n<p>Termociclador<\/p>\n<p>Estufa BOD<\/p>\n<p>Freezer<\/p>\n<p>Geladeira<\/p>\n<p>Micro-ondas<\/p>\n<p>Microsc\u00f3pio \u00d3ptico<\/p>\n","protected":false},"excerpt":{"rendered":"<p>&nbsp; &nbsp; &nbsp; &nbsp; &nbsp; &nbsp; Nome do Laborat\u00f3rio: Laborat\u00f3rio de Bacteriologia e Bioensaios (LaBBio) Unidade: Instituto de Biologia Curso: Gradua\u00e7\u00e3o em Ci\u00eancias Biol\u00f3gicas, Farm\u00e1cia, Enfermagem e Biotecnologia. P\u00f3s-gradua\u00e7\u00e3o em Biotecnologia (PPGB) e P\u00f3s-gradua\u00e7\u00e3o em Microbiologia e Parasitologia (PPGMPar). Website: C\u00f3digo NULAB: 90534 &nbsp; Descri\u00e7\u00e3o do laborat\u00f3rio &#8211; \u00a0As linhas de pesquisa do Laborat\u00f3rio de [&hellip;]<\/p>\n","protected":false},"author":288,"featured_media":0,"parent":0,"menu_order":0,"comment_status":"closed","ping_status":"closed","template":"","meta":{"footnotes":""},"class_list":["post-3967","page","type-page","status-publish","hentry"],"_links":{"self":[{"href":"https:\/\/wp.ufpel.edu.br\/nulab\/wp-json\/wp\/v2\/pages\/3967","targetHints":{"allow":["GET"]}}],"collection":[{"href":"https:\/\/wp.ufpel.edu.br\/nulab\/wp-json\/wp\/v2\/pages"}],"about":[{"href":"https:\/\/wp.ufpel.edu.br\/nulab\/wp-json\/wp\/v2\/types\/page"}],"author":[{"embeddable":true,"href":"https:\/\/wp.ufpel.edu.br\/nulab\/wp-json\/wp\/v2\/users\/288"}],"replies":[{"embeddable":true,"href":"https:\/\/wp.ufpel.edu.br\/nulab\/wp-json\/wp\/v2\/comments?post=3967"}],"version-history":[{"count":6,"href":"https:\/\/wp.ufpel.edu.br\/nulab\/wp-json\/wp\/v2\/pages\/3967\/revisions"}],"predecessor-version":[{"id":4062,"href":"https:\/\/wp.ufpel.edu.br\/nulab\/wp-json\/wp\/v2\/pages\/3967\/revisions\/4062"}],"wp:attachment":[{"href":"https:\/\/wp.ufpel.edu.br\/nulab\/wp-json\/wp\/v2\/media?parent=3967"}],"curies":[{"name":"wp","href":"https:\/\/api.w.org\/{rel}","templated":true}]}}