{"id":3940,"date":"2020-09-18T12:53:09","date_gmt":"2020-09-18T15:53:09","guid":{"rendered":"https:\/\/wp.ufpel.edu.br\/nulab\/?page_id=3940"},"modified":"2020-09-18T12:54:11","modified_gmt":"2020-09-18T15:54:11","slug":"laboratorio-de-nutricao-de-plantas","status":"publish","type":"page","link":"https:\/\/wp.ufpel.edu.br\/nulab\/laboratorio-de-nutricao-de-plantas\/","title":{"rendered":"Laborat\u00f3rio de Nutri\u00e7\u00e3o de Plantas"},"content":{"rendered":"<p style=\"text-align: justify\"><strong>Nome do Laborat\u00f3rio: <\/strong>Laborat\u00f3rio de Nutri\u00e7\u00e3o de Plantas<\/p>\n<p style=\"text-align: justify\"><strong>Unidade:<\/strong> Instituto de Biologia<\/p>\n<p style=\"text-align: justify\"><strong>Curso<\/strong>: Gradua\u00e7\u00e3o: Agronomia e Ci\u00eancias Biol\u00f3gicas; P\u00f3s-Gradua\u00e7\u00e3o: PPG em Fisiologia Vegetal<\/p>\n<p style=\"text-align: justify\"><strong>Website<\/strong>:<\/p>\n<p style=\"text-align: justify\"><strong>C\u00f3digo NULAB:<\/strong><\/p>\n<p style=\"text-align: justify\"><strong>Descri\u00e7\u00e3o do laborat\u00f3rio:<\/strong> O Laborat\u00f3rio de Nutri\u00e7\u00e3o de Plantas se encontra equipado para a realiza\u00e7\u00e3o de atividades voltadas ao ensino e pesquisa, como an\u00e1lises bioqu\u00edmicas para a quantifica\u00e7\u00e3o de compostos do metabolismo vegetal prim\u00e1rio e secund\u00e1rio, extra\u00e7\u00e3o e quantifica\u00e7\u00e3o de enzimas (por espectrofotometria) e isoenzimas (via eletroforese), al\u00e9m do preparo e armazenamento de amostras de tecidos vegetais, manuseio e preparo de reagentes e solu\u00e7\u00f5es nutritivas para atividades de pesquisa e ensino.<\/p>\n<p style=\"text-align: justify\"><strong>Localiza\u00e7\u00e3o<\/strong><\/p>\n<p style=\"text-align: justify\">\u00a0&#8211; Campus: Travessa Andre Dreyfuss, s\/n, Pr\u00e9dio: 21, Campus Cap\u00e3o do Le\u00e3o \u2013 CEP 96010-900<\/p>\n<p style=\"text-align: justify\">\u00a0&#8211; Pr\u00e9dio\/Bloco: Departamento de Bot\u00e2nica, pr\u00e9dio 21<\/p>\n<p style=\"text-align: justify\">\u00a0&#8211; Sala: S\/N<\/p>\n<p style=\"text-align: justify\"><strong>Contato<\/strong><\/p>\n<p style=\"text-align: justify\">Nome do respons\u00e1vel: Sidnei Deuner<\/p>\n<p style=\"text-align: justify\">E-mail: sdeuner@yahoo.com.br<\/p>\n<p style=\"text-align: justify\"><strong>Equipamentos<\/strong><\/p>\n<p>Estufa de Secagem<\/p>\n<p>Geladeira<\/p>\n<p>Freezer<\/p>\n<p>C\u00e2mara de Germina\u00e7\u00e3o (BOD)<\/p>\n<p>Espectrofot\u00f4metro<\/p>\n<p>Clorofil\u00f4metro<\/p>\n<p>Osm\u00f4metro<\/p>\n<p>Bomba de Scholander<\/p>\n<p>Balan\u00e7a anal\u00edtica<\/p>\n<p><a href=\"https:\/\/wp.ufpel.edu.br\/nulab\/files\/2020\/09\/Plano-de-Gerenciamento-de-Residuos-do-Laboratorio-de-Nutricao-de-Plantas.pdf\">Plano de Gerenciamento de Res\u00edduos do Laborat\u00f3rio de Nutri\u00e7\u00e3o de Plantas<\/a><\/p>\n<p><a href=\"https:\/\/wp.ufpel.edu.br\/nulab\/files\/2020\/09\/Regimento-do-Laboratorio-de-Nutricao-de-Plantas-.pdf\">Regimento do Laborat\u00f3rio de Nutri\u00e7\u00e3o de Plantas<\/a><\/p>\n<p>&nbsp;<\/p>\n","protected":false},"excerpt":{"rendered":"<p>Nome do Laborat\u00f3rio: Laborat\u00f3rio de Nutri\u00e7\u00e3o de Plantas Unidade: Instituto de Biologia Curso: Gradua\u00e7\u00e3o: Agronomia e Ci\u00eancias Biol\u00f3gicas; P\u00f3s-Gradua\u00e7\u00e3o: PPG em Fisiologia Vegetal Website: C\u00f3digo NULAB: Descri\u00e7\u00e3o do laborat\u00f3rio: O Laborat\u00f3rio de Nutri\u00e7\u00e3o de Plantas se encontra equipado para a realiza\u00e7\u00e3o de atividades voltadas ao ensino e pesquisa, como an\u00e1lises bioqu\u00edmicas para a quantifica\u00e7\u00e3o de [&hellip;]<\/p>\n","protected":false},"author":288,"featured_media":0,"parent":0,"menu_order":0,"comment_status":"closed","ping_status":"closed","template":"","meta":{"footnotes":""},"class_list":["post-3940","page","type-page","status-publish","hentry"],"_links":{"self":[{"href":"https:\/\/wp.ufpel.edu.br\/nulab\/wp-json\/wp\/v2\/pages\/3940","targetHints":{"allow":["GET"]}}],"collection":[{"href":"https:\/\/wp.ufpel.edu.br\/nulab\/wp-json\/wp\/v2\/pages"}],"about":[{"href":"https:\/\/wp.ufpel.edu.br\/nulab\/wp-json\/wp\/v2\/types\/page"}],"author":[{"embeddable":true,"href":"https:\/\/wp.ufpel.edu.br\/nulab\/wp-json\/wp\/v2\/users\/288"}],"replies":[{"embeddable":true,"href":"https:\/\/wp.ufpel.edu.br\/nulab\/wp-json\/wp\/v2\/comments?post=3940"}],"version-history":[{"count":3,"href":"https:\/\/wp.ufpel.edu.br\/nulab\/wp-json\/wp\/v2\/pages\/3940\/revisions"}],"predecessor-version":[{"id":3946,"href":"https:\/\/wp.ufpel.edu.br\/nulab\/wp-json\/wp\/v2\/pages\/3940\/revisions\/3946"}],"wp:attachment":[{"href":"https:\/\/wp.ufpel.edu.br\/nulab\/wp-json\/wp\/v2\/media?parent=3940"}],"curies":[{"name":"wp","href":"https:\/\/api.w.org\/{rel}","templated":true}]}}