{"id":393,"date":"2016-03-28T09:29:04","date_gmt":"2016-03-28T12:29:04","guid":{"rendered":"https:\/\/wp.ufpel.edu.br\/nulab\/?page_id=393"},"modified":"2016-04-07T08:22:56","modified_gmt":"2016-04-07T11:22:56","slug":"antropologia-e-arqueologia","status":"publish","type":"page","link":"https:\/\/wp.ufpel.edu.br\/nulab\/antropologia-e-arqueologia\/","title":{"rendered":"Antropologia e Arqueologia"},"content":{"rendered":"<p><a href=\"https:\/\/wp.ufpel.edu.br\/nulab\/geeur\/\">GEEUR &#8211; Grupo de Estudos Etnogr\u00e1ficos Urbanos<\/a><\/p>\n<p><a href=\"https:\/\/wp.ufpel.edu.br\/nulab\/gentis\/\">GENTIS &#8211; Grupo de Estudos, Pesquisas e A\u00e7\u00f5es em Arqueologia, Etnologia e e Etno-hist\u00f3ria<\/a><\/p>\n<p><a href=\"https:\/\/wp.ufpel.edu.br\/nulab\/gepac\/\">GEPAC &#8211; Grupo de Estudos e Pesquisas em Alimenta\u00e7\u00e3o e Cultura<\/a><\/p>\n<p><a href=\"https:\/\/wp.ufpel.edu.br\/nulab\/lamina\/\">LAMINA &#8211; Laborat\u00f3rio Multidisciplinar de Investiga\u00e7\u00e3o Arqueol\u00f3gica<\/a><\/p>\n<p><a href=\"https:\/\/wp.ufpel.edu.br\/nulab\/leaa\/\">LEAA- Laborat\u00f3rio de Estudos Agr\u00e1rios e Ambientais<\/a><\/p>\n<p><a href=\"https:\/\/wp.ufpel.edu.br\/nulab\/leicma\/\">LEICMA &#8211; Laborat\u00f3rio de Estudos Interdisciplinares sobre Cultura Material<\/a><\/p>\n<p><a href=\"https:\/\/wp.ufpel.edu.br\/nulab\/lepaarq\/\">LEPAARQ &#8211; Laborat\u00f3rio de Estudos e Pesquisas em Antropologia e Arqueologia<\/a><\/p>\n<p><a href=\"https:\/\/wp.ufpel.edu.br\/nulab\/leppais\/\">LEPPAIS &#8211; Laboratorio de Ensino, Pesquisa e Produ\u00e7\u00e3o em Antropologia da Imagem e do Som<\/a><\/p>\n<p><a href=\"https:\/\/wp.ufpel.edu.br\/nulab\/museu-de-arqueologia-e-antropologia-da-ufpel\/\">Museu de Arqueologia e Antropologia da UFPel<\/a><\/p>\n<p><a href=\"https:\/\/wp.ufpel.edu.br\/nulab\/neta\/\">NETA &#8211; N\u00facleo de Etnologia Amer\u00edndia<\/a><\/p>\n<p>&nbsp;<\/p>\n","protected":false},"excerpt":{"rendered":"<p>GEEUR &#8211; Grupo de Estudos Etnogr\u00e1ficos Urbanos GENTIS &#8211; Grupo de Estudos, Pesquisas e A\u00e7\u00f5es em Arqueologia, Etnologia e e Etno-hist\u00f3ria GEPAC &#8211; Grupo de Estudos e Pesquisas em Alimenta\u00e7\u00e3o e Cultura LAMINA &#8211; Laborat\u00f3rio Multidisciplinar de Investiga\u00e7\u00e3o Arqueol\u00f3gica LEAA- Laborat\u00f3rio de Estudos Agr\u00e1rios e Ambientais LEICMA &#8211; Laborat\u00f3rio de Estudos Interdisciplinares sobre Cultura Material [&hellip;]<\/p>\n","protected":false},"author":634,"featured_media":0,"parent":0,"menu_order":0,"comment_status":"closed","ping_status":"closed","template":"","meta":{"footnotes":""},"class_list":["post-393","page","type-page","status-publish","hentry"],"_links":{"self":[{"href":"https:\/\/wp.ufpel.edu.br\/nulab\/wp-json\/wp\/v2\/pages\/393","targetHints":{"allow":["GET"]}}],"collection":[{"href":"https:\/\/wp.ufpel.edu.br\/nulab\/wp-json\/wp\/v2\/pages"}],"about":[{"href":"https:\/\/wp.ufpel.edu.br\/nulab\/wp-json\/wp\/v2\/types\/page"}],"author":[{"embeddable":true,"href":"https:\/\/wp.ufpel.edu.br\/nulab\/wp-json\/wp\/v2\/users\/634"}],"replies":[{"embeddable":true,"href":"https:\/\/wp.ufpel.edu.br\/nulab\/wp-json\/wp\/v2\/comments?post=393"}],"version-history":[{"count":4,"href":"https:\/\/wp.ufpel.edu.br\/nulab\/wp-json\/wp\/v2\/pages\/393\/revisions"}],"predecessor-version":[{"id":631,"href":"https:\/\/wp.ufpel.edu.br\/nulab\/wp-json\/wp\/v2\/pages\/393\/revisions\/631"}],"wp:attachment":[{"href":"https:\/\/wp.ufpel.edu.br\/nulab\/wp-json\/wp\/v2\/media?parent=393"}],"curies":[{"name":"wp","href":"https:\/\/api.w.org\/{rel}","templated":true}]}}