{"id":3884,"date":"2020-09-16T22:52:34","date_gmt":"2020-09-17T01:52:34","guid":{"rendered":"https:\/\/wp.ufpel.edu.br\/nulab\/?page_id=3884"},"modified":"2020-09-16T22:53:55","modified_gmt":"2020-09-17T01:53:55","slug":"laboratorio-de-microscopia","status":"publish","type":"page","link":"https:\/\/wp.ufpel.edu.br\/nulab\/laboratorio-de-microscopia\/","title":{"rendered":"Laborat\u00f3rio de Microscopia"},"content":{"rendered":"<p><strong><u>Nome do Laborat\u00f3rio<\/u><\/strong><strong>: <\/strong>Laborat\u00f3rio de Microscopia<\/p>\n<p><strong><u>Unidade<\/u><\/strong><strong>:<\/strong> Instituto de Biologia<\/p>\n<p><strong><u>Cursos<\/u><\/strong>: Ci\u00eancias Biol\u00f3gicas &#8211; Bacharelado e Licenciatura; Agronomia; Farm\u00e1cia; P\u00f3s-gradua\u00e7\u00e3o em Fisiologia Vegetal<\/p>\n<p><strong><u>Website<\/u><\/strong>:<\/p>\n<p><strong><u>C\u00f3digo NULAB<\/u><\/strong><strong>:<\/strong><\/p>\n<p>&nbsp;<\/p>\n<p style=\"text-align: justify\"><strong><u>Descri\u00e7\u00e3o do laborat\u00f3rio<\/u><\/strong><strong>:<\/strong> O Laborat\u00f3rio de Microscopia destina-se \u00e0s atividades did\u00e1ticas de aulas pr\u00e1ticas nas disciplinas dos cursos de gradua\u00e7\u00e3o em Ci\u00eancias Biol\u00f3gicas (Bacharelado e Licenciatura), Agronomia, Farm\u00e1cia e p\u00f3s-gradua\u00e7\u00e3o em Fisiologia Vegetal, vinculadas ao Departamento de Bot\u00e2nica e tamb\u00e9m \u00e0s disciplinas ministradas pelo Departamento de Zoologia, Ecologia e Gen\u00e9tica.<\/p>\n<p>&nbsp;<\/p>\n<p><strong><u>Localiza\u00e7\u00e3o<\/u><\/strong><\/p>\n<p>&#8211; Campus: Cap\u00e3o do Le\u00e3o<\/p>\n<p>&#8211; Pr\u00e9dio: 22<\/p>\n<p>&#8211; Sala: 04<\/p>\n<p>&nbsp;<\/p>\n<p><strong><u>Contato<\/u><\/strong><\/p>\n<p>Nome do respons\u00e1vel: Profa. Juliana Aparecida Fernando<\/p>\n<p>e-mail: <a href=\"blank\">juli_fernando@yahoo.com.br<\/a><\/p>\n<p>T\u00e9cnica respons\u00e1vel: Thaize Debatin Wehrmeister<\/p>\n<p>e-mail: thaizedw@gmail.com<\/p>\n<p>&nbsp;<\/p>\n<p><strong><u>Equipamentos<\/u><\/strong><\/p>\n<p>Estereomicrosc\u00f3pio (lupa)<\/p>\n<p>Microsc\u00f3pios<\/p>\n<p>Sistema captura de imagens: Microsc\u00f3pio Motic + Televisor<\/p>\n<p><a href=\"https:\/\/wp.ufpel.edu.br\/nulab\/files\/2020\/09\/Regimento-Interno-dos-Laboratorios-de-Ensino-do-Depto.-Botanica-predio-22.pdf\">Regimento Interno dos Laborat\u00f3rios de Ensino do Depto. Bot\u00e2nica-pr\u00e9dio 22<\/a> <a href=\"https:\/\/wp.ufpel.edu.br\/nulab\/files\/2020\/09\/Plano-Gerenciamento-Residuos-Microscopia-Depto-Botanica-sala-04.pdf\">Plano Gerenciamento Res\u00edduos Microscopia Depto Bot\u00e2nica sala 04<\/a><\/p>\n","protected":false},"excerpt":{"rendered":"<p>Nome do Laborat\u00f3rio: Laborat\u00f3rio de Microscopia Unidade: Instituto de Biologia Cursos: Ci\u00eancias Biol\u00f3gicas &#8211; Bacharelado e Licenciatura; Agronomia; Farm\u00e1cia; P\u00f3s-gradua\u00e7\u00e3o em Fisiologia Vegetal Website: C\u00f3digo NULAB: &nbsp; Descri\u00e7\u00e3o do laborat\u00f3rio: O Laborat\u00f3rio de Microscopia destina-se \u00e0s atividades did\u00e1ticas de aulas pr\u00e1ticas nas disciplinas dos cursos de gradua\u00e7\u00e3o em Ci\u00eancias Biol\u00f3gicas (Bacharelado e Licenciatura), Agronomia, Farm\u00e1cia [&hellip;]<\/p>\n","protected":false},"author":288,"featured_media":0,"parent":0,"menu_order":0,"comment_status":"closed","ping_status":"closed","template":"","meta":{"footnotes":""},"class_list":["post-3884","page","type-page","status-publish","hentry"],"_links":{"self":[{"href":"https:\/\/wp.ufpel.edu.br\/nulab\/wp-json\/wp\/v2\/pages\/3884","targetHints":{"allow":["GET"]}}],"collection":[{"href":"https:\/\/wp.ufpel.edu.br\/nulab\/wp-json\/wp\/v2\/pages"}],"about":[{"href":"https:\/\/wp.ufpel.edu.br\/nulab\/wp-json\/wp\/v2\/types\/page"}],"author":[{"embeddable":true,"href":"https:\/\/wp.ufpel.edu.br\/nulab\/wp-json\/wp\/v2\/users\/288"}],"replies":[{"embeddable":true,"href":"https:\/\/wp.ufpel.edu.br\/nulab\/wp-json\/wp\/v2\/comments?post=3884"}],"version-history":[{"count":3,"href":"https:\/\/wp.ufpel.edu.br\/nulab\/wp-json\/wp\/v2\/pages\/3884\/revisions"}],"predecessor-version":[{"id":3890,"href":"https:\/\/wp.ufpel.edu.br\/nulab\/wp-json\/wp\/v2\/pages\/3884\/revisions\/3890"}],"wp:attachment":[{"href":"https:\/\/wp.ufpel.edu.br\/nulab\/wp-json\/wp\/v2\/media?parent=3884"}],"curies":[{"name":"wp","href":"https:\/\/api.w.org\/{rel}","templated":true}]}}