{"id":3860,"date":"2020-09-16T22:31:42","date_gmt":"2020-09-17T01:31:42","guid":{"rendered":"https:\/\/wp.ufpel.edu.br\/nulab\/?page_id=3860"},"modified":"2020-09-17T12:39:33","modified_gmt":"2020-09-17T15:39:33","slug":"laboratorio-de-anatomia-vegetal","status":"publish","type":"page","link":"https:\/\/wp.ufpel.edu.br\/nulab\/laboratorio-de-anatomia-vegetal\/","title":{"rendered":"Laborat\u00f3rio de Anatomia Vegetal"},"content":{"rendered":"<p><strong>Unidade:<\/strong>\u00a0Instituto de Biologia (IB)<br \/>\n<strong>Curso:<\/strong> Ci\u00eancias Biol\u00f3gicas &#8211; Bacharelado e Licenciatura; Agronomia; Farm\u00e1cia; P\u00f3s-gradua\u00e7\u00e3o em Fisiologia Vegetal<br \/>\n<strong>Website:<\/strong>\u00a0\u2013<br \/>\n<strong>C\u00f3digo NULAB:<\/strong><\/p>\n<p style=\"text-align: justify\"><strong>Descri\u00e7\u00e3o<br \/>\n<\/strong>\u00a0O Laborat\u00f3rio de Anatomia Vegetal tem por objetivos desenvolver atividades did\u00e1ticas nas disciplinas dos cursos de gradua\u00e7\u00e3o em Ci\u00eancias Biol\u00f3gicas (Bacharelado e Licenciatura), Agronomia, Farm\u00e1cia e p\u00f3s-gradua\u00e7\u00e3o em Fisiologia Vegetal e auxiliar no desenvolvimento das atividades de pesquisa que incluam a Anatomia Vegetal em disserta\u00e7\u00f5es, teses e demais trabalhos de outros cursos de p\u00f3s-gradua\u00e7\u00e3o da Universidade Federal de Pelotas\/UFPel. \u00a0Al\u00e9m disso, o Laborat\u00f3rio confecciona o material did\u00e1tico utilizado nas aulas, assim como desenvolve projetos de ensino que auxiliem na forma\u00e7\u00e3o dos discentes e divulguem a Anatomia Vegetal como importante \u00e1rea da Bot\u00e2nica.<\/p>\n<p><strong>Localiza\u00e7\u00e3o<\/strong><br \/>\n<strong>Campus:<\/strong>\u00a0Cap\u00e3o do Le\u00e3o<br \/>\n<strong>Pr\u00e9dio\/Bloco:<\/strong> 22<\/p>\n<p><strong>Contato<\/strong><\/p>\n<p>Nome do respons\u00e1vel: Profa. Juliana Aparecida Fernando<\/p>\n<p>e-mail: <a href=\"blank\">juli_fernando@yahoo.com.br<\/a><\/p>\n<p>T\u00e9cnica respons\u00e1vel: Thaize Debatin Wehrmeister<\/p>\n<p>e-mail: thaizedw@gmail.com<\/p>\n<p><strong>Equipamentos<br \/>\n<\/strong><\/p>\n<p>Agitador\/Aquecedor<\/p>\n<p>Balan\u00e7a anal\u00edtica<\/p>\n<p>Estereomicrosc\u00f3pio (lupa)<\/p>\n<p>Estufa<\/p>\n<p>Refrigerador<\/p>\n<p>Microsc\u00f3pios<\/p>\n<p>Micr\u00f3tomo<\/p>\n<p>Placa aquecedora<\/p>\n<p><a href=\"https:\/\/wp.ufpel.edu.br\/nulab\/files\/2020\/09\/Plano-Gerenciamento-de-Residuos-Anatomia-Vegetal-Versao-Final.pdf\">Plano Gerenciamento de Res\u00edduos Anatomia Vegetal Vers\u00e3o Final<\/a> <a href=\"https:\/\/wp.ufpel.edu.br\/nulab\/files\/2020\/09\/REGIMENTO-LABORATORIO-DE-ANATOMIA-VEGETAL.pdf\">REGIMENTO LABORAT\u00d3RIO DE ANATOMIA VEGETAL<\/a><\/p>\n","protected":false},"excerpt":{"rendered":"<p>Unidade:\u00a0Instituto de Biologia (IB) Curso: Ci\u00eancias Biol\u00f3gicas &#8211; Bacharelado e Licenciatura; Agronomia; Farm\u00e1cia; P\u00f3s-gradua\u00e7\u00e3o em Fisiologia Vegetal Website:\u00a0\u2013 C\u00f3digo NULAB: Descri\u00e7\u00e3o \u00a0O Laborat\u00f3rio de Anatomia Vegetal tem por objetivos desenvolver atividades did\u00e1ticas nas disciplinas dos cursos de gradua\u00e7\u00e3o em Ci\u00eancias Biol\u00f3gicas (Bacharelado e Licenciatura), Agronomia, Farm\u00e1cia e p\u00f3s-gradua\u00e7\u00e3o em Fisiologia Vegetal e auxiliar no desenvolvimento [&hellip;]<\/p>\n","protected":false},"author":288,"featured_media":0,"parent":0,"menu_order":0,"comment_status":"closed","ping_status":"closed","template":"","meta":{"footnotes":""},"class_list":["post-3860","page","type-page","status-publish","hentry"],"_links":{"self":[{"href":"https:\/\/wp.ufpel.edu.br\/nulab\/wp-json\/wp\/v2\/pages\/3860","targetHints":{"allow":["GET"]}}],"collection":[{"href":"https:\/\/wp.ufpel.edu.br\/nulab\/wp-json\/wp\/v2\/pages"}],"about":[{"href":"https:\/\/wp.ufpel.edu.br\/nulab\/wp-json\/wp\/v2\/types\/page"}],"author":[{"embeddable":true,"href":"https:\/\/wp.ufpel.edu.br\/nulab\/wp-json\/wp\/v2\/users\/288"}],"replies":[{"embeddable":true,"href":"https:\/\/wp.ufpel.edu.br\/nulab\/wp-json\/wp\/v2\/comments?post=3860"}],"version-history":[{"count":4,"href":"https:\/\/wp.ufpel.edu.br\/nulab\/wp-json\/wp\/v2\/pages\/3860\/revisions"}],"predecessor-version":[{"id":3915,"href":"https:\/\/wp.ufpel.edu.br\/nulab\/wp-json\/wp\/v2\/pages\/3860\/revisions\/3915"}],"wp:attachment":[{"href":"https:\/\/wp.ufpel.edu.br\/nulab\/wp-json\/wp\/v2\/media?parent=3860"}],"curies":[{"name":"wp","href":"https:\/\/api.w.org\/{rel}","templated":true}]}}