{"id":3290,"date":"2016-11-22T11:38:23","date_gmt":"2016-11-22T13:38:23","guid":{"rendered":"https:\/\/wp.ufpel.edu.br\/nulab\/?page_id=3290"},"modified":"2020-09-22T14:16:26","modified_gmt":"2020-09-22T17:16:26","slug":"departamento-de-morfologia","status":"publish","type":"page","link":"https:\/\/wp.ufpel.edu.br\/nulab\/ib\/departamento-de-morfologia\/","title":{"rendered":"Departamento de Morfologia"},"content":{"rendered":"<p><a href=\"https:\/\/wp.ufpel.edu.br\/nulab\/laboratorio-de-neuro-modulacao-celular\/\" target=\"_blank\" rel=\"noopener noreferrer\">Laborat\u00f3rio de Cultivo e Neuromodula\u00e7\u00e3o Celular (NeuroCell)<\/a><\/p>\n<p><a href=\"https:\/\/wp.ufpel.edu.br\/nulab\/laboratorio-anatomico\/\" target=\"_blank\" rel=\"noopener noreferrer\">Laborat\u00f3rio Anat\u00f4mico<\/a><\/p>\n<p><a href=\"https:\/\/wp.ufpel.edu.br\/nulab\/laboratorio-de-preparacao\/\" target=\"_blank\" rel=\"noopener noreferrer\">Laborat\u00f3rio de Prepara\u00e7\u00e3o de Biologia Celular, Histologia e Anatomia do Desenvolvimento<\/a><\/p>\n<p><a href=\"https:\/\/wp.ufpel.edu.br\/nulab\/sala-de-aulas-praticas\/\" target=\"_blank\" rel=\"noopener noreferrer\">Salas de Aulas Pr\u00e1ticas<\/a><\/p>\n<p><a href=\"https:\/\/wp.ufpel.edu.br\/nulab\/laboratorio-de-captura-de-imagens\/\" target=\"_blank\" rel=\"noopener noreferrer\">Laborat\u00f3rio de Captura de Imagens<\/a><\/p>\n<p><a href=\"https:\/\/wp.ufpel.edu.br\/nulab\/laboratorio-de-biologia-celular\/\" target=\"_blank\" rel=\"noopener noreferrer\">Laborat\u00f3rio de Biologia Celular<\/a><\/p>\n<p>&nbsp;<\/p>\n","protected":false},"excerpt":{"rendered":"<p>Laborat\u00f3rio de Cultivo e Neuromodula\u00e7\u00e3o Celular (NeuroCell) Laborat\u00f3rio Anat\u00f4mico Laborat\u00f3rio de Prepara\u00e7\u00e3o de Biologia Celular, Histologia e Anatomia do Desenvolvimento Salas de Aulas Pr\u00e1ticas Laborat\u00f3rio de Captura de Imagens Laborat\u00f3rio de Biologia Celular &nbsp;<\/p>\n","protected":false},"author":634,"featured_media":0,"parent":71,"menu_order":0,"comment_status":"closed","ping_status":"closed","template":"","meta":{"footnotes":""},"class_list":["post-3290","page","type-page","status-publish","hentry"],"_links":{"self":[{"href":"https:\/\/wp.ufpel.edu.br\/nulab\/wp-json\/wp\/v2\/pages\/3290","targetHints":{"allow":["GET"]}}],"collection":[{"href":"https:\/\/wp.ufpel.edu.br\/nulab\/wp-json\/wp\/v2\/pages"}],"about":[{"href":"https:\/\/wp.ufpel.edu.br\/nulab\/wp-json\/wp\/v2\/types\/page"}],"author":[{"embeddable":true,"href":"https:\/\/wp.ufpel.edu.br\/nulab\/wp-json\/wp\/v2\/users\/634"}],"replies":[{"embeddable":true,"href":"https:\/\/wp.ufpel.edu.br\/nulab\/wp-json\/wp\/v2\/comments?post=3290"}],"version-history":[{"count":11,"href":"https:\/\/wp.ufpel.edu.br\/nulab\/wp-json\/wp\/v2\/pages\/3290\/revisions"}],"predecessor-version":[{"id":4096,"href":"https:\/\/wp.ufpel.edu.br\/nulab\/wp-json\/wp\/v2\/pages\/3290\/revisions\/4096"}],"up":[{"embeddable":true,"href":"https:\/\/wp.ufpel.edu.br\/nulab\/wp-json\/wp\/v2\/pages\/71"}],"wp:attachment":[{"href":"https:\/\/wp.ufpel.edu.br\/nulab\/wp-json\/wp\/v2\/media?parent=3290"}],"curies":[{"name":"wp","href":"https:\/\/api.w.org\/{rel}","templated":true}]}}