{"id":3286,"date":"2016-11-22T11:37:23","date_gmt":"2016-11-22T13:37:23","guid":{"rendered":"https:\/\/wp.ufpel.edu.br\/nulab\/?page_id=3286"},"modified":"2022-04-30T09:52:21","modified_gmt":"2022-04-30T12:52:21","slug":"departamento-de-microbiologia-e-parasitologia","status":"publish","type":"page","link":"https:\/\/wp.ufpel.edu.br\/nulab\/ib\/departamento-de-microbiologia-e-parasitologia\/","title":{"rendered":"Departamento de Microbiologia e Parasitologia"},"content":{"rendered":"<p><a href=\"https:\/\/wp.ufpel.edu.br\/nulab\/laboratorio-de-aulas-praticas-de-parasitologia\/\" target=\"_blank\" rel=\"noopener noreferrer\">Laborat\u00f3rio de Aulas Pr\u00e1ticas de Parasitologia<\/a><\/p>\n<p>Laborat\u00f3rio de Bacteriologia <strong>(Extinto)<\/strong><\/p>\n<p><a href=\"https:\/\/wp.ufpel.edu.br\/nulab\/laboratorio-de-bacteriologia-e-bioensaios-labbio\/\" target=\"_blank\" rel=\"noopener noreferrer\">Laborat\u00f3rio de Bacteriologia e Bioensaios (LaBBio)<\/a><\/p>\n<p><a href=\"https:\/\/wp.ufpel.edu.br\/nulab\/laboratorio-de-biologia-de-insetos\/\" target=\"_blank\" rel=\"noopener noreferrer\">Laborat\u00f3rio de Biologia de Insetos<\/a><\/p>\n<p><a href=\"https:\/\/wp.ufpel.edu.br\/nulab\/lbmm\/\" target=\"_blank\" rel=\"noopener noreferrer\">Laborat\u00f3rio de Biologia Molecular de Micro-Organismos (LBMM)<\/a><\/p>\n<p><a href=\"https:\/\/wp.ufpel.edu.br\/nulab\/lepav\/\" target=\"_blank\" rel=\"noopener noreferrer\">Laborat\u00f3rio de Ecologia de Parasitos e Vetores (LEPAV)<\/a><\/p>\n<p><a href=\"https:\/\/wp.ufpel.edu.br\/nulab\/laboratorio-de-ensino-de-ciencias-e-biologia\/\" target=\"_blank\" rel=\"noopener noreferrer\">Laborat\u00f3rio de Ensino de Ci\u00eancias e Biologia (LENCIBIO)<\/a><\/p>\n<p><a href=\"https:\/\/wp.ufpel.edu.br\/nulab\/laboratorio-genetica-de-microrganismos\/\" target=\"_blank\" rel=\"noopener noreferrer\">Laborat\u00f3rio Gen\u00e9tica de Microrganismos<\/a><\/p>\n<p><a href=\"https:\/\/wp.ufpel.edu.br\/nulab\/laboratorio-de-helmintos\/\" target=\"_blank\" rel=\"noopener noreferrer\">Laborat\u00f3rio de Helmintos<\/a><\/p>\n<p><a href=\"https:\/\/wp.ufpel.edu.br\/nulab\/laboratorio-de-micologia\/\" target=\"_blank\" rel=\"noopener noreferrer\">Laborat\u00f3rio de Micologia<\/a><\/p>\n<p><a href=\"https:\/\/wp.ufpel.edu.br\/nulab\/laboratorio-de-micologia-e-bioprospeccao\/\" target=\"_blank\" rel=\"noopener noreferrer\">Laborat\u00f3rio de Micologia e Bioprospec\u00e7\u00e3o<\/a><\/p>\n<p><a href=\"https:\/\/wp.ufpel.edu.br\/nulab\/laboratorio-de-microbiologia\/\" target=\"_blank\" rel=\"noopener noreferrer\">Laborat\u00f3rio de Microbiologia<\/a><\/p>\n<p><a href=\"https:\/\/wp.ufpel.edu.br\/nulab\/microbiologia-ambiental\/\" target=\"_blank\" rel=\"noopener noreferrer\">Laborat\u00f3rio de Microbiologia Ambiental<\/a><\/p>\n<p><a href=\"https:\/\/wp.ufpel.edu.br\/nulab\/laboratorio-de-microbiologia-aplicada\/\" target=\"_blank\" rel=\"noopener noreferrer\">Laborat\u00f3rio de Microbiologia Aplicada<\/a><\/p>\n<p><a href=\"https:\/\/wp.ufpel.edu.br\/nulab\/laboratorio-de-parasitologia\/\" target=\"_blank\" rel=\"noopener noreferrer\">Laborat\u00f3rio de Parasitologia<\/a><\/p>\n<p><a href=\"https:\/\/wp.ufpel.edu.br\/nulab\/lapasil\/\" target=\"_blank\" rel=\"noopener noreferrer\">Laborat\u00f3rio de Parasitologia de Animais Silvestres (LAPASIL)<\/a><\/p>\n<p><a href=\"https:\/\/wp.ufpel.edu.br\/nulab\/parasitologia-humana\/\" target=\"_blank\" rel=\"noopener noreferrer\">Laborat\u00f3rio de Parasitologia Humana<\/a><\/p>\n<p><a href=\"https:\/\/wp.ufpel.edu.br\/nulab\/?p=3502&amp;preview=true\" target=\"_blank\" rel=\"noopener noreferrer\">Laborat\u00f3rio de Preparo de Aulas Pr\u00e1ticas de Microbiologia<\/a><\/p>\n<p><a href=\"https:\/\/wp.ufpel.edu.br\/nulab\/laboratorio-de-preparo-de-aulas-praticas-de-parasitologia\/\">Laborat\u00f3rio de Preparo de Aulas Pr\u00e1ticas de Parasitologia<\/a><\/p>\n<p><a href=\"https:\/\/wp.ufpel.edu.br\/nulab\/laboratorio-de-tecnicas-imunomoleculares\/\" target=\"_blank\" rel=\"noopener noreferrer\">Laborat\u00f3rio de T\u00e9cnicas Imunomoleculares\u00a0<\/a><\/p>\n","protected":false},"excerpt":{"rendered":"<p>Laborat\u00f3rio de Aulas Pr\u00e1ticas de Parasitologia Laborat\u00f3rio de Bacteriologia (Extinto) Laborat\u00f3rio de Bacteriologia e Bioensaios (LaBBio) Laborat\u00f3rio de Biologia de Insetos Laborat\u00f3rio de Biologia Molecular de Micro-Organismos (LBMM) Laborat\u00f3rio de Ecologia de Parasitos e Vetores (LEPAV) Laborat\u00f3rio de Ensino de Ci\u00eancias e Biologia (LENCIBIO) Laborat\u00f3rio Gen\u00e9tica de Microrganismos Laborat\u00f3rio de Helmintos Laborat\u00f3rio de Micologia Laborat\u00f3rio [&hellip;]<\/p>\n","protected":false},"author":634,"featured_media":0,"parent":71,"menu_order":0,"comment_status":"closed","ping_status":"closed","template":"","meta":{"footnotes":""},"class_list":["post-3286","page","type-page","status-publish","hentry"],"_links":{"self":[{"href":"https:\/\/wp.ufpel.edu.br\/nulab\/wp-json\/wp\/v2\/pages\/3286","targetHints":{"allow":["GET"]}}],"collection":[{"href":"https:\/\/wp.ufpel.edu.br\/nulab\/wp-json\/wp\/v2\/pages"}],"about":[{"href":"https:\/\/wp.ufpel.edu.br\/nulab\/wp-json\/wp\/v2\/types\/page"}],"author":[{"embeddable":true,"href":"https:\/\/wp.ufpel.edu.br\/nulab\/wp-json\/wp\/v2\/users\/634"}],"replies":[{"embeddable":true,"href":"https:\/\/wp.ufpel.edu.br\/nulab\/wp-json\/wp\/v2\/comments?post=3286"}],"version-history":[{"count":27,"href":"https:\/\/wp.ufpel.edu.br\/nulab\/wp-json\/wp\/v2\/pages\/3286\/revisions"}],"predecessor-version":[{"id":4079,"href":"https:\/\/wp.ufpel.edu.br\/nulab\/wp-json\/wp\/v2\/pages\/3286\/revisions\/4079"}],"up":[{"embeddable":true,"href":"https:\/\/wp.ufpel.edu.br\/nulab\/wp-json\/wp\/v2\/pages\/71"}],"wp:attachment":[{"href":"https:\/\/wp.ufpel.edu.br\/nulab\/wp-json\/wp\/v2\/media?parent=3286"}],"curies":[{"name":"wp","href":"https:\/\/api.w.org\/{rel}","templated":true}]}}