{"id":3282,"date":"2016-11-22T11:36:21","date_gmt":"2016-11-22T13:36:21","guid":{"rendered":"https:\/\/wp.ufpel.edu.br\/nulab\/?page_id=3282"},"modified":"2020-09-22T14:26:27","modified_gmt":"2020-09-22T17:26:27","slug":"departamento-de-fisiologia-e-farmacologia","status":"publish","type":"page","link":"https:\/\/wp.ufpel.edu.br\/nulab\/ib\/departamento-de-fisiologia-e-farmacologia\/","title":{"rendered":"Departamento de Fisiologia e Farmacologia"},"content":{"rendered":"<p><a href=\"https:\/\/wp.ufpel.edu.br\/nulab\/laboratorio-de-ensino-i\/\" target=\"_blank\" rel=\"noopener noreferrer\">Laborat\u00f3rio de Ensino I<\/a><\/p>\n<p><a href=\"https:\/\/wp.ufpel.edu.br\/nulab\/laboratorio-de-ensino-ii\/\" target=\"_blank\" rel=\"noopener noreferrer\">Laborat\u00f3rio de Ensino II<\/a><\/p>\n<p><a href=\"https:\/\/wp.ufpel.edu.br\/nulab\/lafaaq\/\" target=\"_blank\" rel=\"noopener noreferrer\">Laborat\u00f3rio de Fisiologia Aplicada a Aquicultura (LAFAAq)<\/a><\/p>\n<p><a href=\"https:\/\/wp.ufpel.edu.br\/nulab\/laboratorio-de-fisiologia-molecular\/\" target=\"_blank\" rel=\"noopener noreferrer\">Laborat\u00f3rio de Fisiologia Molecular<\/a><\/p>\n<p><a href=\"https:\/\/wp.ufpel.edu.br\/nulab\/laboratorio-de-neuropsicofarmacologia\/\" target=\"_blank\" rel=\"noopener noreferrer\">Laborat\u00f3rio de\u00a0Neuropsicofarmacologia<\/a><\/p>\n","protected":false},"excerpt":{"rendered":"<p>Laborat\u00f3rio de Ensino I Laborat\u00f3rio de Ensino II Laborat\u00f3rio de Fisiologia Aplicada a Aquicultura (LAFAAq) Laborat\u00f3rio de Fisiologia Molecular Laborat\u00f3rio de\u00a0Neuropsicofarmacologia<\/p>\n","protected":false},"author":634,"featured_media":0,"parent":71,"menu_order":0,"comment_status":"closed","ping_status":"closed","template":"","meta":{"footnotes":""},"class_list":["post-3282","page","type-page","status-publish","hentry"],"_links":{"self":[{"href":"https:\/\/wp.ufpel.edu.br\/nulab\/wp-json\/wp\/v2\/pages\/3282","targetHints":{"allow":["GET"]}}],"collection":[{"href":"https:\/\/wp.ufpel.edu.br\/nulab\/wp-json\/wp\/v2\/pages"}],"about":[{"href":"https:\/\/wp.ufpel.edu.br\/nulab\/wp-json\/wp\/v2\/types\/page"}],"author":[{"embeddable":true,"href":"https:\/\/wp.ufpel.edu.br\/nulab\/wp-json\/wp\/v2\/users\/634"}],"replies":[{"embeddable":true,"href":"https:\/\/wp.ufpel.edu.br\/nulab\/wp-json\/wp\/v2\/comments?post=3282"}],"version-history":[{"count":7,"href":"https:\/\/wp.ufpel.edu.br\/nulab\/wp-json\/wp\/v2\/pages\/3282\/revisions"}],"predecessor-version":[{"id":4105,"href":"https:\/\/wp.ufpel.edu.br\/nulab\/wp-json\/wp\/v2\/pages\/3282\/revisions\/4105"}],"up":[{"embeddable":true,"href":"https:\/\/wp.ufpel.edu.br\/nulab\/wp-json\/wp\/v2\/pages\/71"}],"wp:attachment":[{"href":"https:\/\/wp.ufpel.edu.br\/nulab\/wp-json\/wp\/v2\/media?parent=3282"}],"curies":[{"name":"wp","href":"https:\/\/api.w.org\/{rel}","templated":true}]}}