{"id":3279,"date":"2016-11-22T11:35:31","date_gmt":"2016-11-22T13:35:31","guid":{"rendered":"https:\/\/wp.ufpel.edu.br\/nulab\/?page_id=3279"},"modified":"2020-09-22T13:04:20","modified_gmt":"2020-09-22T16:04:20","slug":"departamento-de-ecologia-zoologia-e-genetica","status":"publish","type":"page","link":"https:\/\/wp.ufpel.edu.br\/nulab\/ib\/departamento-de-ecologia-zoologia-e-genetica\/","title":{"rendered":"Departamento de Ecologia, Zoologia e Gen\u00e9tica"},"content":{"rendered":"<p><a href=\"https:\/\/wp.ufpel.edu.br\/nulab\/diverge\/\" target=\"_blank\" rel=\"noopener noreferrer\">Laborat\u00f3rio de Diversidade Gen\u00e9tica e Evolu\u00e7\u00e3o (DIVERGE)<\/a><\/p>\n<p><a href=\"https:\/\/wp.ufpel.edu.br\/nulab\/labgen\/\" target=\"_blank\" rel=\"noopener noreferrer\">Laborat\u00f3rio de Gen\u00e9tica (LABGEN)<\/a><\/p>\n<p><a href=\"https:\/\/wp.ufpel.edu.br\/nulab\/lema\/\" target=\"_blank\" rel=\"noopener noreferrer\">Laborat\u00f3rio de Ecologia de Mam\u00edferos e Aves (LEMA)<\/a><\/p>\n<p><a href=\"https:\/\/wp.ufpel.edu.br\/nulab\/laboratorio-de-evolucao-e-genetica-de-insetos-legin\/\" target=\"_blank\" rel=\"noopener noreferrer\">Laborat\u00f3rio de Evolu\u00e7\u00e3o e Gen\u00e9tica de Insetos (LEGIN)<\/a><\/p>\n<p><a href=\"https:\/\/wp.ufpel.edu.br\/nulab\/laboratorio-de-zoologia-de-vertebrados\/\" target=\"_blank\" rel=\"noopener noreferrer\">Laborat\u00f3rio de Zoologia de Vertebrados<\/a><\/p>\n<p><a href=\"https:\/\/wp.ufpel.edu.br\/nulab\/invert\/\" target=\"_blank\" rel=\"noopener noreferrer\">Laborat\u00f3rio de Zoologia de Invertebrados (INVERT)<\/a><\/p>\n<p><a href=\"https:\/\/wp.ufpel.edu.br\/nulab\/laboratorio-de-comportamento-e-ecologia-de-formigas-lacef\/\" target=\"_blank\" rel=\"noopener noreferrer\">Laborat\u00f3rio de Comportamento e Ecologia de Formigas (LaCEF)<\/a><\/p>\n<p><a href=\"https:\/\/wp.ufpel.edu.br\/nulab\/laboratorio-de-ecologia-de-lepidoptera-lelep\/\" target=\"_blank\" rel=\"noopener noreferrer\">Laborat\u00f3rio de Ecologia de Lepidoptera (LELep)<\/a><\/p>\n","protected":false},"excerpt":{"rendered":"<p>Laborat\u00f3rio de Diversidade Gen\u00e9tica e Evolu\u00e7\u00e3o (DIVERGE) Laborat\u00f3rio de Gen\u00e9tica (LABGEN) Laborat\u00f3rio de Ecologia de Mam\u00edferos e Aves (LEMA) Laborat\u00f3rio de Evolu\u00e7\u00e3o e Gen\u00e9tica de Insetos (LEGIN) Laborat\u00f3rio de Zoologia de Vertebrados Laborat\u00f3rio de Zoologia de Invertebrados (INVERT) Laborat\u00f3rio de Comportamento e Ecologia de Formigas (LaCEF) Laborat\u00f3rio de Ecologia de Lepidoptera (LELep)<\/p>\n","protected":false},"author":634,"featured_media":0,"parent":71,"menu_order":0,"comment_status":"closed","ping_status":"closed","template":"","meta":{"footnotes":""},"class_list":["post-3279","page","type-page","status-publish","hentry"],"_links":{"self":[{"href":"https:\/\/wp.ufpel.edu.br\/nulab\/wp-json\/wp\/v2\/pages\/3279","targetHints":{"allow":["GET"]}}],"collection":[{"href":"https:\/\/wp.ufpel.edu.br\/nulab\/wp-json\/wp\/v2\/pages"}],"about":[{"href":"https:\/\/wp.ufpel.edu.br\/nulab\/wp-json\/wp\/v2\/types\/page"}],"author":[{"embeddable":true,"href":"https:\/\/wp.ufpel.edu.br\/nulab\/wp-json\/wp\/v2\/users\/634"}],"replies":[{"embeddable":true,"href":"https:\/\/wp.ufpel.edu.br\/nulab\/wp-json\/wp\/v2\/comments?post=3279"}],"version-history":[{"count":14,"href":"https:\/\/wp.ufpel.edu.br\/nulab\/wp-json\/wp\/v2\/pages\/3279\/revisions"}],"predecessor-version":[{"id":4086,"href":"https:\/\/wp.ufpel.edu.br\/nulab\/wp-json\/wp\/v2\/pages\/3279\/revisions\/4086"}],"up":[{"embeddable":true,"href":"https:\/\/wp.ufpel.edu.br\/nulab\/wp-json\/wp\/v2\/pages\/71"}],"wp:attachment":[{"href":"https:\/\/wp.ufpel.edu.br\/nulab\/wp-json\/wp\/v2\/media?parent=3279"}],"curies":[{"name":"wp","href":"https:\/\/api.w.org\/{rel}","templated":true}]}}