{"id":3276,"date":"2016-11-22T11:34:13","date_gmt":"2016-11-22T13:34:13","guid":{"rendered":"https:\/\/wp.ufpel.edu.br\/nulab\/?page_id=3276"},"modified":"2020-09-22T14:02:35","modified_gmt":"2020-09-22T17:02:35","slug":"departamento-de-botanica","status":"publish","type":"page","link":"https:\/\/wp.ufpel.edu.br\/nulab\/ib\/departamento-de-botanica\/","title":{"rendered":"Departamento de Bot\u00e2nica"},"content":{"rendered":"<p><a href=\"https:\/\/wp.ufpel.edu.br\/nulab\/?page_id=3860&amp;preview=true\" target=\"_blank\" rel=\"noopener noreferrer\">Laborat\u00f3rio de Anatomia Vegetal<\/a><\/p>\n<p><a href=\"https:\/\/wp.ufpel.edu.br\/nulab\/laboratorio-de-cultura-de-tecidos-de-plantas\/\" target=\"_blank\" rel=\"noopener noreferrer\">Laborat\u00f3rio de Cultura de Tecidos de Plantas Dr. Jos\u00e9 Antonio Peters<\/a><\/p>\n<p><a href=\"https:\/\/wp.ufpel.edu.br\/nulab\/laboratorio-de-microscopia\/\" target=\"_blank\" rel=\"noopener noreferrer\">Laborat\u00f3rio de Microscopia<\/a><\/p>\n<p><a href=\"https:\/\/wp.ufpel.edu.br\/nulab\/laboratorio-de-ensino-de-estereomicroscopia\/\" target=\"_blank\" rel=\"noopener noreferrer\">Laborat\u00f3rio de Ensino de Estereomicroscopia<\/a><\/p>\n<p><a href=\"https:\/\/wp.ufpel.edu.br\/nulab\/laboratorio-de-sistematica-de-fanerogamas\/\" target=\"_blank\" rel=\"noopener noreferrer\">Laborat\u00f3rio de Sistem\u00e1tica de Faner\u00f3gamas<\/a><\/p>\n<p><a href=\"https:\/\/wp.ufpel.edu.br\/nulab\/herbario-pel\/\" target=\"_blank\" rel=\"noopener noreferrer\">Herb\u00e1rio PEL<\/a><\/p>\n<p><a href=\"https:\/\/wp.ufpel.edu.br\/nulab\/laboratorio-de-sistematica-e-evolucao-de-plantas\/\" target=\"_blank\" rel=\"noopener noreferrer\">Laborat\u00f3rio de Sistem\u00e1tica e Evolu\u00e7\u00e3o de Plantas<\/a><\/p>\n<p><a href=\"https:\/\/wp.ufpel.edu.br\/nulab\/laboratorio-de-ensino-de-ciencias-e-biologia\/\" target=\"_blank\" rel=\"noopener noreferrer\">Laborat\u00f3rio de Ensino de Ci\u00eancias e Biologia<\/a><a href=\"https:\/\/wp.ufpel.edu.br\/nulab\/laboratorio-de-ensino-de-ciencias-e-biologia\/\">(LENCIBIO)<\/a><\/p>\n<p><a href=\"https:\/\/wp.ufpel.edu.br\/nulab\/?page_id=3940&amp;preview=true\" target=\"_blank\" rel=\"noopener noreferrer\">Laborat\u00f3rio de Nutri\u00e7\u00e3o de Plantas<\/a><\/p>\n<p><a href=\"https:\/\/wp.ufpel.edu.br\/nulab\/laboratorio-de-fisiologia-de-sementes\/\" target=\"_blank\" rel=\"noopener noreferrer\">Laborat\u00f3rio de Fisiologia de Sementes<\/a><\/p>\n<p><a href=\"https:\/\/wp.ufpel.edu.br\/nulab\/?page_id=4021&amp;preview=true\" target=\"_blank\" rel=\"noopener noreferrer\">Laborat\u00f3rio de Ecologia Vegetal Campestre<\/a><\/p>\n<p><a href=\"https:\/\/wp.ufpel.edu.br\/nulab\/laboratorio-de-metabolismo-vegetal\/\" target=\"_blank\" rel=\"noopener noreferrer\">Laborat\u00f3rio de Metabolismo Vegetal<\/a><\/p>\n","protected":false},"excerpt":{"rendered":"<p>Laborat\u00f3rio de Anatomia Vegetal Laborat\u00f3rio de Cultura de Tecidos de Plantas Dr. Jos\u00e9 Antonio Peters Laborat\u00f3rio de Microscopia Laborat\u00f3rio de Ensino de Estereomicroscopia Laborat\u00f3rio de Sistem\u00e1tica de Faner\u00f3gamas Herb\u00e1rio PEL Laborat\u00f3rio de Sistem\u00e1tica e Evolu\u00e7\u00e3o de Plantas Laborat\u00f3rio de Ensino de Ci\u00eancias e Biologia(LENCIBIO) Laborat\u00f3rio de Nutri\u00e7\u00e3o de Plantas Laborat\u00f3rio de Fisiologia de Sementes Laborat\u00f3rio [&hellip;]<\/p>\n","protected":false},"author":634,"featured_media":0,"parent":71,"menu_order":0,"comment_status":"closed","ping_status":"closed","template":"","meta":{"footnotes":""},"class_list":["post-3276","page","type-page","status-publish","hentry"],"_links":{"self":[{"href":"https:\/\/wp.ufpel.edu.br\/nulab\/wp-json\/wp\/v2\/pages\/3276","targetHints":{"allow":["GET"]}}],"collection":[{"href":"https:\/\/wp.ufpel.edu.br\/nulab\/wp-json\/wp\/v2\/pages"}],"about":[{"href":"https:\/\/wp.ufpel.edu.br\/nulab\/wp-json\/wp\/v2\/types\/page"}],"author":[{"embeddable":true,"href":"https:\/\/wp.ufpel.edu.br\/nulab\/wp-json\/wp\/v2\/users\/634"}],"replies":[{"embeddable":true,"href":"https:\/\/wp.ufpel.edu.br\/nulab\/wp-json\/wp\/v2\/comments?post=3276"}],"version-history":[{"count":20,"href":"https:\/\/wp.ufpel.edu.br\/nulab\/wp-json\/wp\/v2\/pages\/3276\/revisions"}],"predecessor-version":[{"id":4087,"href":"https:\/\/wp.ufpel.edu.br\/nulab\/wp-json\/wp\/v2\/pages\/3276\/revisions\/4087"}],"up":[{"embeddable":true,"href":"https:\/\/wp.ufpel.edu.br\/nulab\/wp-json\/wp\/v2\/pages\/71"}],"wp:attachment":[{"href":"https:\/\/wp.ufpel.edu.br\/nulab\/wp-json\/wp\/v2\/media?parent=3276"}],"curies":[{"name":"wp","href":"https:\/\/api.w.org\/{rel}","templated":true}]}}