{"id":3201,"date":"2016-11-16T09:43:01","date_gmt":"2016-11-16T11:43:01","guid":{"rendered":"https:\/\/wp.ufpel.edu.br\/nulab\/?page_id=3201"},"modified":"2020-09-22T14:23:55","modified_gmt":"2020-09-22T17:23:55","slug":"ciencias-biologicas-2","status":"publish","type":"page","link":"https:\/\/wp.ufpel.edu.br\/nulab\/ib\/ciencias-biologicas-2\/","title":{"rendered":"C\u00ed\u00eancias Biol\u00f3gicas"},"content":{"rendered":"<p><a href=\"https:\/\/wp.ufpel.edu.br\/nulab\/diverge\/\" target=\"_blank\" rel=\"noopener noreferrer\">Laborat\u00f3rio de Diversidade Gen\u00e9tica e Evolu\u00e7\u00e3o (DIVERGE)<\/a><\/p>\n<p><a href=\"https:\/\/wp.ufpel.edu.br\/nulab\/lafaaq\/\" target=\"_blank\" rel=\"noopener noreferrer\">Laborat\u00f3rio de Fisiologia Aplicada a Aquicultura (LAFAAq)<\/a><\/p>\n<p>&nbsp;<\/p>\n","protected":false},"excerpt":{"rendered":"<p>Laborat\u00f3rio de Diversidade Gen\u00e9tica e Evolu\u00e7\u00e3o (DIVERGE) Laborat\u00f3rio de Fisiologia Aplicada a Aquicultura (LAFAAq) &nbsp;<\/p>\n","protected":false},"author":634,"featured_media":0,"parent":71,"menu_order":0,"comment_status":"closed","ping_status":"closed","template":"","meta":{"footnotes":""},"class_list":["post-3201","page","type-page","status-publish","hentry"],"_links":{"self":[{"href":"https:\/\/wp.ufpel.edu.br\/nulab\/wp-json\/wp\/v2\/pages\/3201","targetHints":{"allow":["GET"]}}],"collection":[{"href":"https:\/\/wp.ufpel.edu.br\/nulab\/wp-json\/wp\/v2\/pages"}],"about":[{"href":"https:\/\/wp.ufpel.edu.br\/nulab\/wp-json\/wp\/v2\/types\/page"}],"author":[{"embeddable":true,"href":"https:\/\/wp.ufpel.edu.br\/nulab\/wp-json\/wp\/v2\/users\/634"}],"replies":[{"embeddable":true,"href":"https:\/\/wp.ufpel.edu.br\/nulab\/wp-json\/wp\/v2\/comments?post=3201"}],"version-history":[{"count":7,"href":"https:\/\/wp.ufpel.edu.br\/nulab\/wp-json\/wp\/v2\/pages\/3201\/revisions"}],"predecessor-version":[{"id":4103,"href":"https:\/\/wp.ufpel.edu.br\/nulab\/wp-json\/wp\/v2\/pages\/3201\/revisions\/4103"}],"up":[{"embeddable":true,"href":"https:\/\/wp.ufpel.edu.br\/nulab\/wp-json\/wp\/v2\/pages\/71"}],"wp:attachment":[{"href":"https:\/\/wp.ufpel.edu.br\/nulab\/wp-json\/wp\/v2\/media?parent=3201"}],"curies":[{"name":"wp","href":"https:\/\/api.w.org\/{rel}","templated":true}]}}