{"id":3021,"date":"2016-10-18T08:21:16","date_gmt":"2016-10-18T10:21:16","guid":{"rendered":"https:\/\/wp.ufpel.edu.br\/nulab\/?page_id=3021"},"modified":"2016-10-18T11:06:04","modified_gmt":"2016-10-18T13:06:04","slug":"fisica","status":"publish","type":"page","link":"https:\/\/wp.ufpel.edu.br\/nulab\/ifm\/fisica\/","title":{"rendered":"F\u00edsica &#8211; Bacharelado e Licenciatura"},"content":{"rendered":"<p><a href=\"https:\/\/wp.ufpel.edu.br\/nulab\/laboratorio-de-mecanica-1\/\">Laborat\u00f3rio de Mec\u00e2nica 1<\/a><\/p>\n<p><a href=\"https:\/\/wp.ufpel.edu.br\/nulab\/laboratorio-de-mecanica-fisica-moderna-e-contemporanea\/\">Laborat\u00f3rio de Mec\u00e2nica, F\u00edsica Moderna e Contempor\u00e2nea<\/a><\/p>\n<p><a href=\"https:\/\/wp.ufpel.edu.br\/nulab\/laboratorio-de-mecanica-dos-fluidos-e-termodinamica\/\">Laborat\u00f3rio de Mec\u00e2nica dos Flu\u00eddos e Termodin\u00e2mica<\/a><\/p>\n<p><a href=\"https:\/\/wp.ufpel.edu.br\/nulab\/laboratorio-de-eletricidade-magnetismo-e-optica-1\/\">Laborat\u00f3rio de Eletricidade, Magnetismo e \u00d3ptica 1<\/a><\/p>\n<p><a href=\"https:\/\/wp.ufpel.edu.br\/nulab\/laboratorio-de-eletricidade-magnetismo-e-optica-2\/\">Laborat\u00f3rio de Eletricidade, Magnetismo e \u00d3ptica 2<\/a><\/p>\n<p><a href=\"https:\/\/wp.ufpel.edu.br\/nulab\/laboratorio-de-novas-tecnologias\/\">Laborat\u00f3rio de Novas Tecnologias<\/a><\/p>\n<p><a href=\"https:\/\/wp.ufpel.edu.br\/nulab\/laboratorio-de-ensino-de-fisica-1\/\">Laborat\u00f3rio de Ensino de F\u00edsica 1<\/a><\/p>\n<p><a href=\"https:\/\/wp.ufpel.edu.br\/nulab\/lig-ifm\/\">Laborat\u00f3rio de Ensino da Gradua\u00e7\u00e3o (LIG)<\/a><\/p>\n<p>&nbsp;<\/p>\n<p>&nbsp;<\/p>\n","protected":false},"excerpt":{"rendered":"<p>Laborat\u00f3rio de Mec\u00e2nica 1 Laborat\u00f3rio de Mec\u00e2nica, F\u00edsica Moderna e Contempor\u00e2nea Laborat\u00f3rio de Mec\u00e2nica dos Flu\u00eddos e Termodin\u00e2mica Laborat\u00f3rio de Eletricidade, Magnetismo e \u00d3ptica 1 Laborat\u00f3rio de Eletricidade, Magnetismo e \u00d3ptica 2 Laborat\u00f3rio de Novas Tecnologias Laborat\u00f3rio de Ensino de F\u00edsica 1 Laborat\u00f3rio de Ensino da Gradua\u00e7\u00e3o (LIG) &nbsp; &nbsp;<\/p>\n","protected":false},"author":634,"featured_media":0,"parent":77,"menu_order":0,"comment_status":"closed","ping_status":"closed","template":"","meta":{"footnotes":""},"class_list":["post-3021","page","type-page","status-publish","hentry"],"_links":{"self":[{"href":"https:\/\/wp.ufpel.edu.br\/nulab\/wp-json\/wp\/v2\/pages\/3021","targetHints":{"allow":["GET"]}}],"collection":[{"href":"https:\/\/wp.ufpel.edu.br\/nulab\/wp-json\/wp\/v2\/pages"}],"about":[{"href":"https:\/\/wp.ufpel.edu.br\/nulab\/wp-json\/wp\/v2\/types\/page"}],"author":[{"embeddable":true,"href":"https:\/\/wp.ufpel.edu.br\/nulab\/wp-json\/wp\/v2\/users\/634"}],"replies":[{"embeddable":true,"href":"https:\/\/wp.ufpel.edu.br\/nulab\/wp-json\/wp\/v2\/comments?post=3021"}],"version-history":[{"count":7,"href":"https:\/\/wp.ufpel.edu.br\/nulab\/wp-json\/wp\/v2\/pages\/3021\/revisions"}],"predecessor-version":[{"id":3073,"href":"https:\/\/wp.ufpel.edu.br\/nulab\/wp-json\/wp\/v2\/pages\/3021\/revisions\/3073"}],"up":[{"embeddable":true,"href":"https:\/\/wp.ufpel.edu.br\/nulab\/wp-json\/wp\/v2\/pages\/77"}],"wp:attachment":[{"href":"https:\/\/wp.ufpel.edu.br\/nulab\/wp-json\/wp\/v2\/media?parent=3021"}],"curies":[{"name":"wp","href":"https:\/\/api.w.org\/{rel}","templated":true}]}}