{"id":297,"date":"2016-03-28T08:30:29","date_gmt":"2016-03-28T11:30:29","guid":{"rendered":"https:\/\/wp.ufpel.edu.br\/nulab\/?page_id=297"},"modified":"2016-05-12T11:42:36","modified_gmt":"2016-05-12T14:42:36","slug":"farmacia","status":"publish","type":"page","link":"https:\/\/wp.ufpel.edu.br\/nulab\/farmacia\/","title":{"rendered":"Farm\u00e1cia"},"content":{"rendered":"<p><a href=\"https:\/\/wp.ufpel.edu.br\/nulab\/laboratorio-de-analises-clinicas\/\">Laborat\u00f3rio de An\u00e1lises Cl\u00ednicas<\/a><br \/>\n<a href=\"https:\/\/wp.ufpel.edu.br\/nulab\/laboratorio-de-toxicologia-2\/\">Laborat\u00f3rio de Toxicologia<\/a><br \/>\n<a href=\"https:\/\/wp.ufpel.edu.br\/nulab\/laboratorio-de-metodologias-ativas\/\">Laborat\u00f3rio de Metodologias Ativas<\/a><br \/>\n<a href=\"https:\/\/wp.ufpel.edu.br\/nulab\/laboratorio-de-farmacotecnica-e-cosmetologia\/\">Laborat\u00f3rio de Farmacot\u00e9cnica e Cosmetologia<\/a><\/p>\n","protected":false},"excerpt":{"rendered":"<p>Laborat\u00f3rio de An\u00e1lises Cl\u00ednicas Laborat\u00f3rio de Toxicologia Laborat\u00f3rio de Metodologias Ativas Laborat\u00f3rio de Farmacot\u00e9cnica e Cosmetologia<\/p>\n","protected":false},"author":634,"featured_media":0,"parent":0,"menu_order":0,"comment_status":"closed","ping_status":"closed","template":"","meta":{"footnotes":""},"class_list":["post-297","page","type-page","status-publish","hentry"],"_links":{"self":[{"href":"https:\/\/wp.ufpel.edu.br\/nulab\/wp-json\/wp\/v2\/pages\/297","targetHints":{"allow":["GET"]}}],"collection":[{"href":"https:\/\/wp.ufpel.edu.br\/nulab\/wp-json\/wp\/v2\/pages"}],"about":[{"href":"https:\/\/wp.ufpel.edu.br\/nulab\/wp-json\/wp\/v2\/types\/page"}],"author":[{"embeddable":true,"href":"https:\/\/wp.ufpel.edu.br\/nulab\/wp-json\/wp\/v2\/users\/634"}],"replies":[{"embeddable":true,"href":"https:\/\/wp.ufpel.edu.br\/nulab\/wp-json\/wp\/v2\/comments?post=297"}],"version-history":[{"count":12,"href":"https:\/\/wp.ufpel.edu.br\/nulab\/wp-json\/wp\/v2\/pages\/297\/revisions"}],"predecessor-version":[{"id":1368,"href":"https:\/\/wp.ufpel.edu.br\/nulab\/wp-json\/wp\/v2\/pages\/297\/revisions\/1368"}],"wp:attachment":[{"href":"https:\/\/wp.ufpel.edu.br\/nulab\/wp-json\/wp\/v2\/media?parent=297"}],"curies":[{"name":"wp","href":"https:\/\/api.w.org\/{rel}","templated":true}]}}