{"id":29,"date":"2016-03-24T09:40:35","date_gmt":"2016-03-24T12:40:35","guid":{"rendered":"https:\/\/wp.ufpel.edu.br\/nulab\/?page_id=29"},"modified":"2016-11-22T10:49:12","modified_gmt":"2016-11-22T12:49:12","slug":"fvet","status":"publish","type":"page","link":"https:\/\/wp.ufpel.edu.br\/nulab\/fvet\/","title":{"rendered":"Faculdade de Veterin\u00e1ria (FVET)"},"content":{"rendered":"<p><a href=\"https:\/\/wp.ufpel.edu.br\/nulab\/lna\/\">Laborat\u00f3rio de Nutri\u00e7\u00e3o Animal<\/a><\/p>\n<p><a href=\"https:\/\/wp.ufpel.edu.br\/nulab\/laboratorio-regional-de-diagnostico-lrd\/\">Laborat\u00f3rio Regional de Diagn\u00f3sticos (LRD)<\/a><\/p>\n<p><a href=\"https:\/\/wp.ufpel.edu.br\/nulab\/repropel\/\">N\u00facleo de Ensino e Pesquisa em Reprodu\u00e7\u00e3o Animal (ReproPel)<\/a><\/p>\n<p><a href=\"https:\/\/wp.ufpel.edu.br\/nulab\/laboratorio-de-saude-coletiva\/\">Laborat\u00f3rio de Sa\u00fade Coletiva<\/a><\/p>\n","protected":false},"excerpt":{"rendered":"<p>Laborat\u00f3rio de Nutri\u00e7\u00e3o Animal Laborat\u00f3rio Regional de Diagn\u00f3sticos (LRD) N\u00facleo de Ensino e Pesquisa em Reprodu\u00e7\u00e3o Animal (ReproPel) Laborat\u00f3rio de Sa\u00fade Coletiva<\/p>\n","protected":false},"author":634,"featured_media":0,"parent":0,"menu_order":0,"comment_status":"closed","ping_status":"closed","template":"","meta":{"footnotes":""},"class_list":["post-29","page","type-page","status-publish","hentry"],"_links":{"self":[{"href":"https:\/\/wp.ufpel.edu.br\/nulab\/wp-json\/wp\/v2\/pages\/29","targetHints":{"allow":["GET"]}}],"collection":[{"href":"https:\/\/wp.ufpel.edu.br\/nulab\/wp-json\/wp\/v2\/pages"}],"about":[{"href":"https:\/\/wp.ufpel.edu.br\/nulab\/wp-json\/wp\/v2\/types\/page"}],"author":[{"embeddable":true,"href":"https:\/\/wp.ufpel.edu.br\/nulab\/wp-json\/wp\/v2\/users\/634"}],"replies":[{"embeddable":true,"href":"https:\/\/wp.ufpel.edu.br\/nulab\/wp-json\/wp\/v2\/comments?post=29"}],"version-history":[{"count":10,"href":"https:\/\/wp.ufpel.edu.br\/nulab\/wp-json\/wp\/v2\/pages\/29\/revisions"}],"predecessor-version":[{"id":3273,"href":"https:\/\/wp.ufpel.edu.br\/nulab\/wp-json\/wp\/v2\/pages\/29\/revisions\/3273"}],"wp:attachment":[{"href":"https:\/\/wp.ufpel.edu.br\/nulab\/wp-json\/wp\/v2\/media?parent=29"}],"curies":[{"name":"wp","href":"https:\/\/api.w.org\/{rel}","templated":true}]}}