{"id":2813,"date":"2016-09-02T09:29:48","date_gmt":"2016-09-02T12:29:48","guid":{"rendered":"https:\/\/wp.ufpel.edu.br\/nulab\/?page_id=2813"},"modified":"2016-09-02T10:42:01","modified_gmt":"2016-09-02T13:42:01","slug":"zootecnia","status":"publish","type":"page","link":"https:\/\/wp.ufpel.edu.br\/nulab\/faem\/zootecnia\/","title":{"rendered":"Zootecnia"},"content":{"rendered":"<p><a href=\"https:\/\/wp.ufpel.edu.br\/nulab\/laboratorio-de-analise-sensorial-e-instrumental-de-carnes\/\">Laborat\u00f3rio de An\u00e1lise Sensorial e Instrumental de Carnes<\/a><\/p>\n<p><a href=\"https:\/\/wp.ufpel.edu.br\/nulab\/lna\/\">Laborat\u00f3rio de Nutri\u00e7\u00e3o Animal<\/a><\/p>\n<p>&nbsp;<\/p>\n","protected":false},"excerpt":{"rendered":"<p>Laborat\u00f3rio de An\u00e1lise Sensorial e Instrumental de Carnes Laborat\u00f3rio de Nutri\u00e7\u00e3o Animal &nbsp;<\/p>\n","protected":false},"author":634,"featured_media":0,"parent":18,"menu_order":0,"comment_status":"closed","ping_status":"closed","template":"","meta":{"footnotes":""},"class_list":["post-2813","page","type-page","status-publish","hentry"],"_links":{"self":[{"href":"https:\/\/wp.ufpel.edu.br\/nulab\/wp-json\/wp\/v2\/pages\/2813","targetHints":{"allow":["GET"]}}],"collection":[{"href":"https:\/\/wp.ufpel.edu.br\/nulab\/wp-json\/wp\/v2\/pages"}],"about":[{"href":"https:\/\/wp.ufpel.edu.br\/nulab\/wp-json\/wp\/v2\/types\/page"}],"author":[{"embeddable":true,"href":"https:\/\/wp.ufpel.edu.br\/nulab\/wp-json\/wp\/v2\/users\/634"}],"replies":[{"embeddable":true,"href":"https:\/\/wp.ufpel.edu.br\/nulab\/wp-json\/wp\/v2\/comments?post=2813"}],"version-history":[{"count":3,"href":"https:\/\/wp.ufpel.edu.br\/nulab\/wp-json\/wp\/v2\/pages\/2813\/revisions"}],"predecessor-version":[{"id":2835,"href":"https:\/\/wp.ufpel.edu.br\/nulab\/wp-json\/wp\/v2\/pages\/2813\/revisions\/2835"}],"up":[{"embeddable":true,"href":"https:\/\/wp.ufpel.edu.br\/nulab\/wp-json\/wp\/v2\/pages\/18"}],"wp:attachment":[{"href":"https:\/\/wp.ufpel.edu.br\/nulab\/wp-json\/wp\/v2\/media?parent=2813"}],"curies":[{"name":"wp","href":"https:\/\/api.w.org\/{rel}","templated":true}]}}