{"id":2808,"date":"2016-09-02T09:28:47","date_gmt":"2016-09-02T12:28:47","guid":{"rendered":"https:\/\/wp.ufpel.edu.br\/nulab\/?page_id=2808"},"modified":"2016-11-22T09:53:22","modified_gmt":"2016-11-22T11:53:22","slug":"agronomia","status":"publish","type":"page","link":"https:\/\/wp.ufpel.edu.br\/nulab\/faem\/agronomia\/","title":{"rendered":"Agronomia"},"content":{"rendered":"<p><a href=\"https:\/\/wp.ufpel.edu.br\/nulab\/laboratorio-de-biologia-molecular-aplicada-a-herbologia\/\">Laborat\u00f3rio de Biologia Molecular Aplicada a Herbologia<\/a><\/p>\n<p><a href=\"https:\/\/wp.ufpel.edu.br\/nulab\/laboratorio-de-biometria\/\">Laborat\u00f3rio de Biometria<\/a><\/p>\n<p><a href=\"https:\/\/wp.ufpel.edu.br\/nulab\/laboratorio-de-cultura-de-tecidos\/\">Laborat\u00f3rio de Cultura de Tecidos<\/a><\/p>\n<p><a href=\"https:\/\/wp.ufpel.edu.br\/nulab\/lipp\/\">Laborat\u00f3rio Intera\u00e7\u00e3o de Planta-Pat\u00f3geno (LIPP)<\/a><\/p>\n<p><a href=\"https:\/\/wp.ufpel.edu.br\/nulab\/laboratorio-de-metabolismo-secundario-em-herbologia\/\">Laborat\u00f3rio de Metabolismo Secund\u00e1rio em Herbologia<\/a><\/p>\n<p><a href=\"https:\/\/wp.ufpel.edu.br\/nulab\/lna\/\">Laborat\u00f3rio de Nutri\u00e7\u00e3o Animal<\/a><\/p>\n<p><a href=\"https:\/\/wp.ufpel.edu.br\/nulab\/cgf\/\">Centro de Gen\u00f4mica e Fitomelhoramento (CGF)<\/a><\/p>\n","protected":false},"excerpt":{"rendered":"<p>Laborat\u00f3rio de Biologia Molecular Aplicada a Herbologia Laborat\u00f3rio de Biometria Laborat\u00f3rio de Cultura de Tecidos Laborat\u00f3rio Intera\u00e7\u00e3o de Planta-Pat\u00f3geno (LIPP) Laborat\u00f3rio de Metabolismo Secund\u00e1rio em Herbologia Laborat\u00f3rio de Nutri\u00e7\u00e3o Animal Centro de Gen\u00f4mica e Fitomelhoramento (CGF)<\/p>\n","protected":false},"author":634,"featured_media":0,"parent":18,"menu_order":0,"comment_status":"closed","ping_status":"closed","template":"","meta":{"footnotes":""},"class_list":["post-2808","page","type-page","status-publish","hentry"],"_links":{"self":[{"href":"https:\/\/wp.ufpel.edu.br\/nulab\/wp-json\/wp\/v2\/pages\/2808","targetHints":{"allow":["GET"]}}],"collection":[{"href":"https:\/\/wp.ufpel.edu.br\/nulab\/wp-json\/wp\/v2\/pages"}],"about":[{"href":"https:\/\/wp.ufpel.edu.br\/nulab\/wp-json\/wp\/v2\/types\/page"}],"author":[{"embeddable":true,"href":"https:\/\/wp.ufpel.edu.br\/nulab\/wp-json\/wp\/v2\/users\/634"}],"replies":[{"embeddable":true,"href":"https:\/\/wp.ufpel.edu.br\/nulab\/wp-json\/wp\/v2\/comments?post=2808"}],"version-history":[{"count":2,"href":"https:\/\/wp.ufpel.edu.br\/nulab\/wp-json\/wp\/v2\/pages\/2808\/revisions"}],"predecessor-version":[{"id":3262,"href":"https:\/\/wp.ufpel.edu.br\/nulab\/wp-json\/wp\/v2\/pages\/2808\/revisions\/3262"}],"up":[{"embeddable":true,"href":"https:\/\/wp.ufpel.edu.br\/nulab\/wp-json\/wp\/v2\/pages\/18"}],"wp:attachment":[{"href":"https:\/\/wp.ufpel.edu.br\/nulab\/wp-json\/wp\/v2\/media?parent=2808"}],"curies":[{"name":"wp","href":"https:\/\/api.w.org\/{rel}","templated":true}]}}