{"id":2567,"date":"2016-07-04T10:06:41","date_gmt":"2016-07-04T13:06:41","guid":{"rendered":"https:\/\/wp.ufpel.edu.br\/nulab\/?page_id=2567"},"modified":"2016-07-07T09:27:47","modified_gmt":"2016-07-07T12:27:47","slug":"terapia-ocupacional","status":"publish","type":"page","link":"https:\/\/wp.ufpel.edu.br\/nulab\/fm\/terapia-ocupacional\/","title":{"rendered":"Terapia Ocupacional"},"content":{"rendered":"<p><a href=\"https:\/\/wp.ufpel.edu.br\/nulab\/laboratorio-de-atividades-de-vida-diaria\/\">Laborat\u00f3rio de Atividades de Vida Di\u00e1ria<\/a><\/p>\n<p><a href=\"https:\/\/wp.ufpel.edu.br\/nulab\/laboratorio-de-recursos-terapeuticos\/\">Laborat\u00f3rio de Recursos Terap\u00eauticos<\/a><\/p>\n<p><a href=\"https:\/\/wp.ufpel.edu.br\/nulab\/laboratorio-de-tecnologia-assistiva\/\">Laborat\u00f3rio de Tecnologia Assistiva<\/a><\/p>\n","protected":false},"excerpt":{"rendered":"<p>Laborat\u00f3rio de Atividades de Vida Di\u00e1ria Laborat\u00f3rio de Recursos Terap\u00eauticos Laborat\u00f3rio de Tecnologia Assistiva<\/p>\n","protected":false},"author":634,"featured_media":0,"parent":42,"menu_order":0,"comment_status":"closed","ping_status":"closed","template":"","meta":{"footnotes":""},"class_list":["post-2567","page","type-page","status-publish","hentry"],"_links":{"self":[{"href":"https:\/\/wp.ufpel.edu.br\/nulab\/wp-json\/wp\/v2\/pages\/2567","targetHints":{"allow":["GET"]}}],"collection":[{"href":"https:\/\/wp.ufpel.edu.br\/nulab\/wp-json\/wp\/v2\/pages"}],"about":[{"href":"https:\/\/wp.ufpel.edu.br\/nulab\/wp-json\/wp\/v2\/types\/page"}],"author":[{"embeddable":true,"href":"https:\/\/wp.ufpel.edu.br\/nulab\/wp-json\/wp\/v2\/users\/634"}],"replies":[{"embeddable":true,"href":"https:\/\/wp.ufpel.edu.br\/nulab\/wp-json\/wp\/v2\/comments?post=2567"}],"version-history":[{"count":2,"href":"https:\/\/wp.ufpel.edu.br\/nulab\/wp-json\/wp\/v2\/pages\/2567\/revisions"}],"predecessor-version":[{"id":2636,"href":"https:\/\/wp.ufpel.edu.br\/nulab\/wp-json\/wp\/v2\/pages\/2567\/revisions\/2636"}],"up":[{"embeddable":true,"href":"https:\/\/wp.ufpel.edu.br\/nulab\/wp-json\/wp\/v2\/pages\/42"}],"wp:attachment":[{"href":"https:\/\/wp.ufpel.edu.br\/nulab\/wp-json\/wp\/v2\/media?parent=2567"}],"curies":[{"name":"wp","href":"https:\/\/api.w.org\/{rel}","templated":true}]}}