{"id":2560,"date":"2016-07-04T10:02:09","date_gmt":"2016-07-04T13:02:09","guid":{"rendered":"https:\/\/wp.ufpel.edu.br\/nulab\/?page_id=2560"},"modified":"2016-07-07T08:35:07","modified_gmt":"2016-07-07T11:35:07","slug":"medicina","status":"publish","type":"page","link":"https:\/\/wp.ufpel.edu.br\/nulab\/fm\/medicina\/","title":{"rendered":"Medicina"},"content":{"rendered":"<p><a href=\"https:\/\/wp.ufpel.edu.br\/nulab\/laboratorio-de-bases-da-tecnica-cirurgica-e-da-anestesia-btca\/\">Laborat\u00f3rio de Bases da T\u00e9cnica Cir\u00fargica e da Anestesia (BTCA)<\/a><\/p>\n<p><a href=\"https:\/\/wp.ufpel.edu.br\/nulab\/laboratorio-de-patologia\/\">Laborat\u00f3rio de Patologia<\/a><\/p>\n<p><a href=\"https:\/\/wp.ufpel.edu.br\/nulab\/laboratorio-de-simulacao\/\">Laborat\u00f3rio de Simula\u00e7\u00e3o<\/a><\/p>\n","protected":false},"excerpt":{"rendered":"<p>Laborat\u00f3rio de Bases da T\u00e9cnica Cir\u00fargica e da Anestesia (BTCA) Laborat\u00f3rio de Patologia Laborat\u00f3rio de Simula\u00e7\u00e3o<\/p>\n","protected":false},"author":634,"featured_media":0,"parent":42,"menu_order":0,"comment_status":"closed","ping_status":"closed","template":"","meta":{"footnotes":""},"class_list":["post-2560","page","type-page","status-publish","hentry"],"_links":{"self":[{"href":"https:\/\/wp.ufpel.edu.br\/nulab\/wp-json\/wp\/v2\/pages\/2560","targetHints":{"allow":["GET"]}}],"collection":[{"href":"https:\/\/wp.ufpel.edu.br\/nulab\/wp-json\/wp\/v2\/pages"}],"about":[{"href":"https:\/\/wp.ufpel.edu.br\/nulab\/wp-json\/wp\/v2\/types\/page"}],"author":[{"embeddable":true,"href":"https:\/\/wp.ufpel.edu.br\/nulab\/wp-json\/wp\/v2\/users\/634"}],"replies":[{"embeddable":true,"href":"https:\/\/wp.ufpel.edu.br\/nulab\/wp-json\/wp\/v2\/comments?post=2560"}],"version-history":[{"count":3,"href":"https:\/\/wp.ufpel.edu.br\/nulab\/wp-json\/wp\/v2\/pages\/2560\/revisions"}],"predecessor-version":[{"id":2581,"href":"https:\/\/wp.ufpel.edu.br\/nulab\/wp-json\/wp\/v2\/pages\/2560\/revisions\/2581"}],"up":[{"embeddable":true,"href":"https:\/\/wp.ufpel.edu.br\/nulab\/wp-json\/wp\/v2\/pages\/42"}],"wp:attachment":[{"href":"https:\/\/wp.ufpel.edu.br\/nulab\/wp-json\/wp\/v2\/media?parent=2560"}],"curies":[{"name":"wp","href":"https:\/\/api.w.org\/{rel}","templated":true}]}}