{"id":2469,"date":"2016-06-20T10:49:28","date_gmt":"2016-06-20T13:49:28","guid":{"rendered":"https:\/\/wp.ufpel.edu.br\/nulab\/?page_id=2469"},"modified":"2016-06-20T10:57:43","modified_gmt":"2016-06-20T13:57:43","slug":"gestao-ambiental-tecnologico","status":"publish","type":"page","link":"https:\/\/wp.ufpel.edu.br\/nulab\/cim\/gestao-ambiental-tecnologico\/","title":{"rendered":"Gest\u00e3o Ambiental (Tecnol\u00f3gico)"},"content":{"rendered":"<p><a href=\"https:\/\/wp.ufpel.edu.br\/nulab\/laboratorio-de-informatica-da-graduacao-cim1\/\">Laborat\u00f3rio de Inform\u00e1tica da Gradua\u00e7\u00e3o (LIG)<\/a><\/p>\n","protected":false},"excerpt":{"rendered":"<p>Laborat\u00f3rio de Inform\u00e1tica da Gradua\u00e7\u00e3o (LIG)<\/p>\n","protected":false},"author":634,"featured_media":0,"parent":6,"menu_order":0,"comment_status":"closed","ping_status":"closed","template":"","meta":{"footnotes":""},"class_list":["post-2469","page","type-page","status-publish","hentry"],"_links":{"self":[{"href":"https:\/\/wp.ufpel.edu.br\/nulab\/wp-json\/wp\/v2\/pages\/2469","targetHints":{"allow":["GET"]}}],"collection":[{"href":"https:\/\/wp.ufpel.edu.br\/nulab\/wp-json\/wp\/v2\/pages"}],"about":[{"href":"https:\/\/wp.ufpel.edu.br\/nulab\/wp-json\/wp\/v2\/types\/page"}],"author":[{"embeddable":true,"href":"https:\/\/wp.ufpel.edu.br\/nulab\/wp-json\/wp\/v2\/users\/634"}],"replies":[{"embeddable":true,"href":"https:\/\/wp.ufpel.edu.br\/nulab\/wp-json\/wp\/v2\/comments?post=2469"}],"version-history":[{"count":3,"href":"https:\/\/wp.ufpel.edu.br\/nulab\/wp-json\/wp\/v2\/pages\/2469\/revisions"}],"predecessor-version":[{"id":2486,"href":"https:\/\/wp.ufpel.edu.br\/nulab\/wp-json\/wp\/v2\/pages\/2469\/revisions\/2486"}],"up":[{"embeddable":true,"href":"https:\/\/wp.ufpel.edu.br\/nulab\/wp-json\/wp\/v2\/pages\/6"}],"wp:attachment":[{"href":"https:\/\/wp.ufpel.edu.br\/nulab\/wp-json\/wp\/v2\/media?parent=2469"}],"curies":[{"name":"wp","href":"https:\/\/api.w.org\/{rel}","templated":true}]}}