{"id":2431,"date":"2016-06-20T09:33:36","date_gmt":"2016-06-20T12:33:36","guid":{"rendered":"https:\/\/wp.ufpel.edu.br\/nulab\/?page_id=2431"},"modified":"2016-06-20T09:36:43","modified_gmt":"2016-06-20T12:36:43","slug":"quimica-forense","status":"publish","type":"page","link":"https:\/\/wp.ufpel.edu.br\/nulab\/ccqfa\/quimica-forense\/","title":{"rendered":"Qu\u00edmica Forense"},"content":{"rendered":"<p>EM CONSTRU\u00c7\u00c3O<\/p>\n","protected":false},"excerpt":{"rendered":"<p>EM CONSTRU\u00c7\u00c3O<\/p>\n","protected":false},"author":634,"featured_media":0,"parent":89,"menu_order":0,"comment_status":"closed","ping_status":"closed","template":"","meta":{"footnotes":""},"class_list":["post-2431","page","type-page","status-publish","hentry"],"_links":{"self":[{"href":"https:\/\/wp.ufpel.edu.br\/nulab\/wp-json\/wp\/v2\/pages\/2431","targetHints":{"allow":["GET"]}}],"collection":[{"href":"https:\/\/wp.ufpel.edu.br\/nulab\/wp-json\/wp\/v2\/pages"}],"about":[{"href":"https:\/\/wp.ufpel.edu.br\/nulab\/wp-json\/wp\/v2\/types\/page"}],"author":[{"embeddable":true,"href":"https:\/\/wp.ufpel.edu.br\/nulab\/wp-json\/wp\/v2\/users\/634"}],"replies":[{"embeddable":true,"href":"https:\/\/wp.ufpel.edu.br\/nulab\/wp-json\/wp\/v2\/comments?post=2431"}],"version-history":[{"count":2,"href":"https:\/\/wp.ufpel.edu.br\/nulab\/wp-json\/wp\/v2\/pages\/2431\/revisions"}],"predecessor-version":[{"id":2447,"href":"https:\/\/wp.ufpel.edu.br\/nulab\/wp-json\/wp\/v2\/pages\/2431\/revisions\/2447"}],"up":[{"embeddable":true,"href":"https:\/\/wp.ufpel.edu.br\/nulab\/wp-json\/wp\/v2\/pages\/89"}],"wp:attachment":[{"href":"https:\/\/wp.ufpel.edu.br\/nulab\/wp-json\/wp\/v2\/media?parent=2431"}],"curies":[{"name":"wp","href":"https:\/\/api.w.org\/{rel}","templated":true}]}}