{"id":220,"date":"2016-03-24T11:06:42","date_gmt":"2016-03-24T14:06:42","guid":{"rendered":"https:\/\/wp.ufpel.edu.br\/nulab\/?page_id=220"},"modified":"2016-04-07T09:36:21","modified_gmt":"2016-04-07T12:36:21","slug":"ciencia-da-computacao","status":"publish","type":"page","link":"https:\/\/wp.ufpel.edu.br\/nulab\/ciencia-da-computacao\/","title":{"rendered":"Ci\u00eancia da Computa\u00e7\u00e3o"},"content":{"rendered":"<p><a href=\"https:\/\/wp.ufpel.edu.br\/nulab\/laboratorio-de-computacao-1\/\">Laborat\u00f3rio de Computa\u00e7\u00e3o 1<\/a><\/p>\n<p><a href=\"https:\/\/wp.ufpel.edu.br\/nulab\/laboratorio-de-computacao-grafica\/\">Laborat\u00f3rio de Computa\u00e7\u00e3o Gr\u00e1fica<\/a><\/p>\n<p><a href=\"https:\/\/wp.ufpel.edu.br\/nulab\/laboratorio-de-hardware\/\">Laborat\u00f3rio de Hardware<\/a><\/p>\n<p><a href=\"https:\/\/wp.ufpel.edu.br\/nulab\/laboratorio-de-programacao-de-computadores-1\/\">Laborat\u00f3rio de Programa\u00e7\u00e3o de Computadores 1<\/a><\/p>\n<p><a href=\"https:\/\/wp.ufpel.edu.br\/nulab\/laboratorio-de-redes-e-sistemas-operacionais\/\">Laborat\u00f3rio de Redes e Sistemas Operacionais<\/a><\/p>\n","protected":false},"excerpt":{"rendered":"<p>Laborat\u00f3rio de Computa\u00e7\u00e3o 1 Laborat\u00f3rio de Computa\u00e7\u00e3o Gr\u00e1fica Laborat\u00f3rio de Hardware Laborat\u00f3rio de Programa\u00e7\u00e3o de Computadores 1 Laborat\u00f3rio de Redes e Sistemas Operacionais<\/p>\n","protected":false},"author":634,"featured_media":0,"parent":0,"menu_order":0,"comment_status":"closed","ping_status":"closed","template":"","meta":{"footnotes":""},"class_list":["post-220","page","type-page","status-publish","hentry"],"_links":{"self":[{"href":"https:\/\/wp.ufpel.edu.br\/nulab\/wp-json\/wp\/v2\/pages\/220","targetHints":{"allow":["GET"]}}],"collection":[{"href":"https:\/\/wp.ufpel.edu.br\/nulab\/wp-json\/wp\/v2\/pages"}],"about":[{"href":"https:\/\/wp.ufpel.edu.br\/nulab\/wp-json\/wp\/v2\/types\/page"}],"author":[{"embeddable":true,"href":"https:\/\/wp.ufpel.edu.br\/nulab\/wp-json\/wp\/v2\/users\/634"}],"replies":[{"embeddable":true,"href":"https:\/\/wp.ufpel.edu.br\/nulab\/wp-json\/wp\/v2\/comments?post=220"}],"version-history":[{"count":5,"href":"https:\/\/wp.ufpel.edu.br\/nulab\/wp-json\/wp\/v2\/pages\/220\/revisions"}],"predecessor-version":[{"id":757,"href":"https:\/\/wp.ufpel.edu.br\/nulab\/wp-json\/wp\/v2\/pages\/220\/revisions\/757"}],"wp:attachment":[{"href":"https:\/\/wp.ufpel.edu.br\/nulab\/wp-json\/wp\/v2\/media?parent=220"}],"curies":[{"name":"wp","href":"https:\/\/api.w.org\/{rel}","templated":true}]}}