{"id":2137,"date":"2016-06-09T11:39:37","date_gmt":"2016-06-09T14:39:37","guid":{"rendered":"https:\/\/wp.ufpel.edu.br\/nulab\/?page_id=2137"},"modified":"2016-06-13T09:04:57","modified_gmt":"2016-06-13T12:04:57","slug":"portugues-e-espanhol-ensino-a-distancia","status":"publish","type":"page","link":"https:\/\/wp.ufpel.edu.br\/nulab\/clc\/letras-licenciaturas\/portugues-e-espanhol-ensino-a-distancia\/","title":{"rendered":"Portugu\u00eas e Espanhol (Ensino a Dist\u00e2ncia)"},"content":{"rendered":"<p><a href=\"https:\/\/wp.ufpel.edu.br\/nulab\/laboratorio-de-ensino-a-distancia\/\">Laborat\u00f3rio de Ensino a Dist\u00e2ncia<\/a><\/p>\n<p><a href=\"https:\/\/wp.ufpel.edu.br\/nulab\/laboratorio-de-traducao\/\">Laborat\u00f3rio de Tradu\u00e7\u00e3o<\/a><\/p>\n<p><a href=\"https:\/\/wp.ufpel.edu.br\/nulab\/laboratorio-de-linguas\/\">Laborat\u00f3rio de L\u00ednguas<\/a><\/p>\n","protected":false},"excerpt":{"rendered":"<p>Laborat\u00f3rio de Ensino a Dist\u00e2ncia Laborat\u00f3rio de Tradu\u00e7\u00e3o Laborat\u00f3rio de L\u00ednguas<\/p>\n","protected":false},"author":634,"featured_media":0,"parent":1981,"menu_order":0,"comment_status":"closed","ping_status":"closed","template":"","meta":{"footnotes":""},"class_list":["post-2137","page","type-page","status-publish","hentry"],"_links":{"self":[{"href":"https:\/\/wp.ufpel.edu.br\/nulab\/wp-json\/wp\/v2\/pages\/2137","targetHints":{"allow":["GET"]}}],"collection":[{"href":"https:\/\/wp.ufpel.edu.br\/nulab\/wp-json\/wp\/v2\/pages"}],"about":[{"href":"https:\/\/wp.ufpel.edu.br\/nulab\/wp-json\/wp\/v2\/types\/page"}],"author":[{"embeddable":true,"href":"https:\/\/wp.ufpel.edu.br\/nulab\/wp-json\/wp\/v2\/users\/634"}],"replies":[{"embeddable":true,"href":"https:\/\/wp.ufpel.edu.br\/nulab\/wp-json\/wp\/v2\/comments?post=2137"}],"version-history":[{"count":4,"href":"https:\/\/wp.ufpel.edu.br\/nulab\/wp-json\/wp\/v2\/pages\/2137\/revisions"}],"predecessor-version":[{"id":2317,"href":"https:\/\/wp.ufpel.edu.br\/nulab\/wp-json\/wp\/v2\/pages\/2137\/revisions\/2317"}],"up":[{"embeddable":true,"href":"https:\/\/wp.ufpel.edu.br\/nulab\/wp-json\/wp\/v2\/pages\/1981"}],"wp:attachment":[{"href":"https:\/\/wp.ufpel.edu.br\/nulab\/wp-json\/wp\/v2\/media?parent=2137"}],"curies":[{"name":"wp","href":"https:\/\/api.w.org\/{rel}","templated":true}]}}