{"id":2132,"date":"2016-06-09T11:38:31","date_gmt":"2016-06-09T14:38:31","guid":{"rendered":"https:\/\/wp.ufpel.edu.br\/nulab\/?page_id=2132"},"modified":"2016-06-13T09:08:00","modified_gmt":"2016-06-13T12:08:00","slug":"portugues-e-espanhol","status":"publish","type":"page","link":"https:\/\/wp.ufpel.edu.br\/nulab\/clc\/letras-licenciaturas\/portugues-e-espanhol\/","title":{"rendered":"Portugu\u00eas e Espanhol"},"content":{"rendered":"<p><a href=\"https:\/\/wp.ufpel.edu.br\/nulab\/laboratorio-de-traducao\/\">Laborat\u00f3rio de Tradu\u00e7\u00e3o<\/a><\/p>\n<p><a href=\"https:\/\/wp.ufpel.edu.br\/nulab\/laboratorio-de-linguas\/\">Laborat\u00f3rio de L\u00ednguas<\/a><\/p>\n<p><a href=\"https:\/\/wp.ufpel.edu.br\/nulab\/laboratorio-de-emergencia-da-lingua-oral-lelo\/\">Laborat\u00f3rio de Emergencia da L\u00edngua Oral (LELO)<\/a><\/p>\n<p><a href=\"https:\/\/wp.ufpel.edu.br\/nulab\/laboratorio-de-multimidia-de-pesquisas-em-estudos-da-linguagem-e-literatura-lampell\/\">Laborat\u00f3rio de Multim\u00eddia de Pesquisas em Estudos da Linguagem e Literatura (LAMPELL)<\/a><\/p>\n","protected":false},"excerpt":{"rendered":"<p>Laborat\u00f3rio de Tradu\u00e7\u00e3o Laborat\u00f3rio de L\u00ednguas Laborat\u00f3rio de Emergencia da L\u00edngua Oral (LELO) Laborat\u00f3rio de Multim\u00eddia de Pesquisas em Estudos da Linguagem e Literatura (LAMPELL)<\/p>\n","protected":false},"author":634,"featured_media":0,"parent":1981,"menu_order":0,"comment_status":"closed","ping_status":"closed","template":"","meta":{"footnotes":""},"class_list":["post-2132","page","type-page","status-publish","hentry"],"_links":{"self":[{"href":"https:\/\/wp.ufpel.edu.br\/nulab\/wp-json\/wp\/v2\/pages\/2132","targetHints":{"allow":["GET"]}}],"collection":[{"href":"https:\/\/wp.ufpel.edu.br\/nulab\/wp-json\/wp\/v2\/pages"}],"about":[{"href":"https:\/\/wp.ufpel.edu.br\/nulab\/wp-json\/wp\/v2\/types\/page"}],"author":[{"embeddable":true,"href":"https:\/\/wp.ufpel.edu.br\/nulab\/wp-json\/wp\/v2\/users\/634"}],"replies":[{"embeddable":true,"href":"https:\/\/wp.ufpel.edu.br\/nulab\/wp-json\/wp\/v2\/comments?post=2132"}],"version-history":[{"count":5,"href":"https:\/\/wp.ufpel.edu.br\/nulab\/wp-json\/wp\/v2\/pages\/2132\/revisions"}],"predecessor-version":[{"id":2328,"href":"https:\/\/wp.ufpel.edu.br\/nulab\/wp-json\/wp\/v2\/pages\/2132\/revisions\/2328"}],"up":[{"embeddable":true,"href":"https:\/\/wp.ufpel.edu.br\/nulab\/wp-json\/wp\/v2\/pages\/1981"}],"wp:attachment":[{"href":"https:\/\/wp.ufpel.edu.br\/nulab\/wp-json\/wp\/v2\/media?parent=2132"}],"curies":[{"name":"wp","href":"https:\/\/api.w.org\/{rel}","templated":true}]}}