{"id":2090,"date":"2016-06-07T11:58:37","date_gmt":"2016-06-07T14:58:37","guid":{"rendered":"https:\/\/wp.ufpel.edu.br\/nulab\/?page_id=2090"},"modified":"2016-06-28T10:21:12","modified_gmt":"2016-06-28T13:21:12","slug":"engenharia-de-petroleo","status":"publish","type":"page","link":"https:\/\/wp.ufpel.edu.br\/nulab\/ceng\/engenharia-de-petroleo\/","title":{"rendered":"Engenharia de Petr\u00f3leo"},"content":{"rendered":"<p><a href=\"https:\/\/wp.ufpel.edu.br\/nulab\/laboratorio-de-materiais-e-tecnicas-construtivas\/\">Laborat\u00f3rio de Materiais e T\u00e9cnicas Construtivas<\/a><\/p>\n<p><a href=\"https:\/\/wp.ufpel.edu.br\/nulab\/laboratorio-de-geoprocessamento\/\">Laborat\u00f3rio de Geoprocessamento<\/a><\/p>\n<p><a href=\"https:\/\/wp.ufpel.edu.br\/nulab\/laboratorio-de-mineralogia-e-petrologia\/\">Laborat\u00f3rio de Mineralogia e Petrologia<\/a><\/p>\n<p><a href=\"https:\/\/wp.ufpel.edu.br\/nulab\/nemc\/\">N\u00facleo de Estudos de Materiais Comp\u00f3sitos (NEMC)<\/a><\/p>\n<p><a href=\"https:\/\/wp.ufpel.edu.br\/nulab\/laboratorio-de-sistemas-de-controle\/\">Laborat\u00f3rio de Sistemas de Controle<\/a><\/p>\n<p><a href=\"https:\/\/wp.ufpel.edu.br\/nulab\/laboratorio-de-informatica-da-graduacao-ceng1\/\">Laborat\u00f3rio de Inform\u00e1tica da Gradua\u00e7\u00e3o (LIG)<\/a><\/p>\n<p><a href=\"https:\/\/wp.ufpel.edu.br\/nulab\/laboratorio-de-eletrotecnica\/\">Laborat\u00f3rio de Eletrot\u00e9cnica<\/a><\/p>\n","protected":false},"excerpt":{"rendered":"<p>Laborat\u00f3rio de Materiais e T\u00e9cnicas Construtivas Laborat\u00f3rio de Geoprocessamento Laborat\u00f3rio de Mineralogia e Petrologia N\u00facleo de Estudos de Materiais Comp\u00f3sitos (NEMC) Laborat\u00f3rio de Sistemas de Controle Laborat\u00f3rio de Inform\u00e1tica da Gradua\u00e7\u00e3o (LIG) Laborat\u00f3rio de Eletrot\u00e9cnica<\/p>\n","protected":false},"author":634,"featured_media":0,"parent":86,"menu_order":0,"comment_status":"closed","ping_status":"closed","template":"","meta":{"footnotes":""},"class_list":["post-2090","page","type-page","status-publish","hentry"],"_links":{"self":[{"href":"https:\/\/wp.ufpel.edu.br\/nulab\/wp-json\/wp\/v2\/pages\/2090","targetHints":{"allow":["GET"]}}],"collection":[{"href":"https:\/\/wp.ufpel.edu.br\/nulab\/wp-json\/wp\/v2\/pages"}],"about":[{"href":"https:\/\/wp.ufpel.edu.br\/nulab\/wp-json\/wp\/v2\/types\/page"}],"author":[{"embeddable":true,"href":"https:\/\/wp.ufpel.edu.br\/nulab\/wp-json\/wp\/v2\/users\/634"}],"replies":[{"embeddable":true,"href":"https:\/\/wp.ufpel.edu.br\/nulab\/wp-json\/wp\/v2\/comments?post=2090"}],"version-history":[{"count":10,"href":"https:\/\/wp.ufpel.edu.br\/nulab\/wp-json\/wp\/v2\/pages\/2090\/revisions"}],"predecessor-version":[{"id":2553,"href":"https:\/\/wp.ufpel.edu.br\/nulab\/wp-json\/wp\/v2\/pages\/2090\/revisions\/2553"}],"up":[{"embeddable":true,"href":"https:\/\/wp.ufpel.edu.br\/nulab\/wp-json\/wp\/v2\/pages\/86"}],"wp:attachment":[{"href":"https:\/\/wp.ufpel.edu.br\/nulab\/wp-json\/wp\/v2\/media?parent=2090"}],"curies":[{"name":"wp","href":"https:\/\/api.w.org\/{rel}","templated":true}]}}