{"id":2088,"date":"2016-06-07T11:58:25","date_gmt":"2016-06-07T14:58:25","guid":{"rendered":"https:\/\/wp.ufpel.edu.br\/nulab\/?page_id=2088"},"modified":"2016-11-24T11:16:42","modified_gmt":"2016-11-24T13:16:42","slug":"engenharia-industrial-madeireira","status":"publish","type":"page","link":"https:\/\/wp.ufpel.edu.br\/nulab\/ceng\/engenharia-industrial-madeireira\/","title":{"rendered":"Engenharia Industrial Madeireira"},"content":{"rendered":"<p><a href=\"https:\/\/wp.ufpel.edu.br\/nulab\/lam\/\">Laborat\u00f3rio de Anatomia da Madeira (LAM)<\/a><\/p>\n<p><a href=\"https:\/\/wp.ufpel.edu.br\/nulab\/laboratorio-de-biodegradacao-da-madeira\/\">Laborat\u00f3rio de Biodegrada\u00e7\u00e3o da Madeira<\/a><\/p>\n<p><a href=\"https:\/\/wp.ufpel.edu.br\/nulab\/celulose-papel\/\">Laborat\u00f3rio de Celulose e Papel<\/a><\/p>\n<p><a href=\"https:\/\/wp.ufpel.edu.br\/nulab\/prof-dr-celso-foelkel\/\">Laborat\u00f3rio de Ensino &#8211; Sala de Estudos Prof. Dr. Celso Foelkel<\/a><\/p>\n<p><a href=\"https:\/\/wp.ufpel.edu.br\/nulab\/lapam\/\">Laborat\u00f3rio de Pain\u00e9is da Madeira (LAPAM)<\/a><\/p>\n<p><a href=\"https:\/\/wp.ufpel.edu.br\/nulab\/laboratorio-de-propriedades-mecanicas-da-madeira\/\">Laborat\u00f3rio de Propriedades Mec\u00e2nicas da Madeira<\/a><\/p>\n<p><a href=\"https:\/\/wp.ufpel.edu.br\/nulab\/laboratorio-de-propriedade-fisicas-da-madeira\/\">Laborat\u00f3rio de Propriedades F\u00edsicas da Madeira<\/a><\/p>\n<p><a href=\"https:\/\/wp.ufpel.edu.br\/nulab\/laboratorio-de-quimica-da-madeira\/\">Laborat\u00f3rio de Qu\u00edmica da Madeira<\/a><\/p>\n<p><a href=\"https:\/\/wp.ufpel.edu.br\/nulab\/laboratorio-de-secagem-da-madeira\/\">Laborat\u00f3rio de Secagem da Madeira<\/a><\/p>\n<p><a href=\"https:\/\/wp.ufpel.edu.br\/nulab\/xiloteca\/\">Xiloteca<\/a><\/p>\n<p><a href=\"https:\/\/wp.ufpel.edu.br\/nulab\/laboratorio-de-materiais-e-tecnicas-construtivas\/\">Laborat\u00f3rio de Materiais e T\u00e9cnicas Construtivas<\/a><\/p>\n<p><a href=\"https:\/\/wp.ufpel.edu.br\/nulab\/laboratorio-de-projetos\/\">Laborat\u00f3rio de Projetos<\/a><\/p>\n<p><a href=\"https:\/\/wp.ufpel.edu.br\/nulab\/laboratorio-de-analise-de-aguas-e-efluentes\/\">Laborat\u00f3rio de An\u00e1lise de \u00c1guas e Efluentes<\/a><\/p>\n<p><a href=\"https:\/\/wp.ufpel.edu.br\/nulab\/nemc\/\">N\u00facleo de Estudos de Materiais Comp\u00f3sitos (NEMC)<\/a><\/p>\n<p><a href=\"https:\/\/wp.ufpel.edu.br\/nulab\/laboratorio-de-informatica-da-graduacao-ceng1\/\">Laborat\u00f3rio de Inform\u00e1tica da Gradua\u00e7\u00e3o (LIG)<\/a><\/p>\n<p><a href=\"https:\/\/wp.ufpel.edu.br\/nulab\/laboratorio-de-eletrotecnica\/\">Laborat\u00f3rio de Eletrot\u00e9cnica<\/a><\/p>\n<p><a href=\"https:\/\/wp.ufpel.edu.br\/nulab\/laboratorio-de-automacao-industrial\/\">Laborat\u00f3rio de Automa\u00e7\u00e3o Industrial<\/a><\/p>\n","protected":false},"excerpt":{"rendered":"<p>Laborat\u00f3rio de Anatomia da Madeira (LAM) Laborat\u00f3rio de Biodegrada\u00e7\u00e3o da Madeira Laborat\u00f3rio de Celulose e Papel Laborat\u00f3rio de Ensino &#8211; Sala de Estudos Prof. Dr. Celso Foelkel Laborat\u00f3rio de Pain\u00e9is da Madeira (LAPAM) Laborat\u00f3rio de Propriedades Mec\u00e2nicas da Madeira Laborat\u00f3rio de Propriedades F\u00edsicas da Madeira Laborat\u00f3rio de Qu\u00edmica da Madeira Laborat\u00f3rio de Secagem da Madeira [&hellip;]<\/p>\n","protected":false},"author":634,"featured_media":0,"parent":86,"menu_order":0,"comment_status":"closed","ping_status":"closed","template":"","meta":{"footnotes":""},"class_list":["post-2088","page","type-page","status-publish","hentry"],"_links":{"self":[{"href":"https:\/\/wp.ufpel.edu.br\/nulab\/wp-json\/wp\/v2\/pages\/2088","targetHints":{"allow":["GET"]}}],"collection":[{"href":"https:\/\/wp.ufpel.edu.br\/nulab\/wp-json\/wp\/v2\/pages"}],"about":[{"href":"https:\/\/wp.ufpel.edu.br\/nulab\/wp-json\/wp\/v2\/types\/page"}],"author":[{"embeddable":true,"href":"https:\/\/wp.ufpel.edu.br\/nulab\/wp-json\/wp\/v2\/users\/634"}],"replies":[{"embeddable":true,"href":"https:\/\/wp.ufpel.edu.br\/nulab\/wp-json\/wp\/v2\/comments?post=2088"}],"version-history":[{"count":17,"href":"https:\/\/wp.ufpel.edu.br\/nulab\/wp-json\/wp\/v2\/pages\/2088\/revisions"}],"predecessor-version":[{"id":3322,"href":"https:\/\/wp.ufpel.edu.br\/nulab\/wp-json\/wp\/v2\/pages\/2088\/revisions\/3322"}],"up":[{"embeddable":true,"href":"https:\/\/wp.ufpel.edu.br\/nulab\/wp-json\/wp\/v2\/pages\/86"}],"wp:attachment":[{"href":"https:\/\/wp.ufpel.edu.br\/nulab\/wp-json\/wp\/v2\/media?parent=2088"}],"curies":[{"name":"wp","href":"https:\/\/api.w.org\/{rel}","templated":true}]}}