{"id":2087,"date":"2016-06-07T11:58:14","date_gmt":"2016-06-07T14:58:14","guid":{"rendered":"https:\/\/wp.ufpel.edu.br\/nulab\/?page_id=2087"},"modified":"2016-06-28T10:21:00","modified_gmt":"2016-06-28T13:21:00","slug":"engenharia-eletronica","status":"publish","type":"page","link":"https:\/\/wp.ufpel.edu.br\/nulab\/ceng\/engenharia-eletronica\/","title":{"rendered":"Engenharia Eletr\u00f4nica"},"content":{"rendered":"<p><a href=\"https:\/\/wp.ufpel.edu.br\/nulab\/laboratorio-de-materiais-e-tecnicas-construtivas\/\">Laborat\u00f3rio de Materiais e T\u00e9cnicas Construtivas<\/a><\/p>\n<p><a href=\"https:\/\/wp.ufpel.edu.br\/nulab\/nemc\/\">N\u00facleo de Estudos de Materiais Comp\u00f3sitos (NEMC)<\/a><\/p>\n<p><a href=\"https:\/\/wp.ufpel.edu.br\/nulab\/laboratorio-de-sistemas-de-controle\/\">Laborat\u00f3rio de Sistemas de Controle<\/a><\/p>\n<p><a href=\"https:\/\/wp.ufpel.edu.br\/nulab\/laboratorio-de-sistemas-digitais\/\">Laborat\u00f3rio de Sistemas Digitais<\/a><\/p>\n<p><a href=\"https:\/\/wp.ufpel.edu.br\/nulab\/laboratorio-de-informatica-da-graduacao-ceng1\/\">Laborat\u00f3rio de Inform\u00e1tica da Gradua\u00e7\u00e3o (LIG)<\/a><\/p>\n<p><a href=\"https:\/\/wp.ufpel.edu.br\/nulab\/laboratorio-de-eletronica-analogica\/\">Laborat\u00f3rio de Eletr\u00f4nica Anal\u00f3gica<\/a><\/p>\n<p><a href=\"https:\/\/wp.ufpel.edu.br\/nulab\/laboratorio-de-eletrotecnica\/\">Laborat\u00f3rio de Eletrot\u00e9cnica<\/a><\/p>\n","protected":false},"excerpt":{"rendered":"<p>Laborat\u00f3rio de Materiais e T\u00e9cnicas Construtivas N\u00facleo de Estudos de Materiais Comp\u00f3sitos (NEMC) Laborat\u00f3rio de Sistemas de Controle Laborat\u00f3rio de Sistemas Digitais Laborat\u00f3rio de Inform\u00e1tica da Gradua\u00e7\u00e3o (LIG) Laborat\u00f3rio de Eletr\u00f4nica Anal\u00f3gica Laborat\u00f3rio de Eletrot\u00e9cnica<\/p>\n","protected":false},"author":634,"featured_media":0,"parent":86,"menu_order":0,"comment_status":"closed","ping_status":"closed","template":"","meta":{"footnotes":""},"class_list":["post-2087","page","type-page","status-publish","hentry"],"_links":{"self":[{"href":"https:\/\/wp.ufpel.edu.br\/nulab\/wp-json\/wp\/v2\/pages\/2087","targetHints":{"allow":["GET"]}}],"collection":[{"href":"https:\/\/wp.ufpel.edu.br\/nulab\/wp-json\/wp\/v2\/pages"}],"about":[{"href":"https:\/\/wp.ufpel.edu.br\/nulab\/wp-json\/wp\/v2\/types\/page"}],"author":[{"embeddable":true,"href":"https:\/\/wp.ufpel.edu.br\/nulab\/wp-json\/wp\/v2\/users\/634"}],"replies":[{"embeddable":true,"href":"https:\/\/wp.ufpel.edu.br\/nulab\/wp-json\/wp\/v2\/comments?post=2087"}],"version-history":[{"count":9,"href":"https:\/\/wp.ufpel.edu.br\/nulab\/wp-json\/wp\/v2\/pages\/2087\/revisions"}],"predecessor-version":[{"id":2551,"href":"https:\/\/wp.ufpel.edu.br\/nulab\/wp-json\/wp\/v2\/pages\/2087\/revisions\/2551"}],"up":[{"embeddable":true,"href":"https:\/\/wp.ufpel.edu.br\/nulab\/wp-json\/wp\/v2\/pages\/86"}],"wp:attachment":[{"href":"https:\/\/wp.ufpel.edu.br\/nulab\/wp-json\/wp\/v2\/media?parent=2087"}],"curies":[{"name":"wp","href":"https:\/\/api.w.org\/{rel}","templated":true}]}}