{"id":2085,"date":"2016-06-07T11:58:04","date_gmt":"2016-06-07T14:58:04","guid":{"rendered":"https:\/\/wp.ufpel.edu.br\/nulab\/?page_id=2085"},"modified":"2016-11-24T11:16:05","modified_gmt":"2016-11-24T13:16:05","slug":"engenharia-de-producao","status":"publish","type":"page","link":"https:\/\/wp.ufpel.edu.br\/nulab\/ceng\/engenharia-de-producao\/","title":{"rendered":"Engenharia de Produ\u00e7\u00e3o"},"content":{"rendered":"<p><a href=\"https:\/\/wp.ufpel.edu.br\/nulab\/laboratorio-de-analise-e-controle-estatistico-de-processos\/\">Laborat\u00f3rio de An\u00e1lise e Controle Est\u00e1tistico de Processos<\/a><\/p>\n<p><a href=\"https:\/\/wp.ufpel.edu.br\/nulab\/laboratorio-de-design-e-layout-produtivo\/\">Laborat\u00f3rio de Design e Layout Produtivo<\/a><\/p>\n<p><a href=\"https:\/\/wp.ufpel.edu.br\/nulab\/labserg\/\">Laborat\u00f3rio de Seguran\u00e7a e Ergonomia (LABSERG)<\/a><\/p>\n<p><a href=\"https:\/\/wp.ufpel.edu.br\/nulab\/laboratorio-de-automacao-industrial\/\">Laborat\u00f3rio de Automa\u00e7\u00e3o Industrial<\/a><\/p>\n<p><a href=\"https:\/\/wp.ufpel.edu.br\/nulab\/laboratorio-de-materiais-e-tecnicas-construtivas\/\">Laborat\u00f3rio de Materiais e T\u00e9cnicas Construtivas<\/a><\/p>\n<p><a href=\"https:\/\/wp.ufpel.edu.br\/nulab\/nemc\/\">N\u00facleo de Estudos de Materiais Comp\u00f3sitos (NEMC)<\/a><\/p>\n<p><a href=\"https:\/\/wp.ufpel.edu.br\/nulab\/laboratorio-de-informatica-da-graduacao-ceng1\/\">Laborat\u00f3rio de Inform\u00e1tica da Gradua\u00e7\u00e3o (LIG)<\/a><\/p>\n<p><a href=\"https:\/\/wp.ufpel.edu.br\/nulab\/laboratorio-de-eletrotecnica\/\">Laborat\u00f3rio de Eletrot\u00e9cnica<\/a><\/p>\n","protected":false},"excerpt":{"rendered":"<p>Laborat\u00f3rio de An\u00e1lise e Controle Est\u00e1tistico de Processos Laborat\u00f3rio de Design e Layout Produtivo Laborat\u00f3rio de Seguran\u00e7a e Ergonomia (LABSERG) Laborat\u00f3rio de Automa\u00e7\u00e3o Industrial Laborat\u00f3rio de Materiais e T\u00e9cnicas Construtivas N\u00facleo de Estudos de Materiais Comp\u00f3sitos (NEMC) Laborat\u00f3rio de Inform\u00e1tica da Gradua\u00e7\u00e3o (LIG) Laborat\u00f3rio de Eletrot\u00e9cnica<\/p>\n","protected":false},"author":634,"featured_media":0,"parent":86,"menu_order":0,"comment_status":"closed","ping_status":"closed","template":"","meta":{"footnotes":""},"class_list":["post-2085","page","type-page","status-publish","hentry"],"_links":{"self":[{"href":"https:\/\/wp.ufpel.edu.br\/nulab\/wp-json\/wp\/v2\/pages\/2085","targetHints":{"allow":["GET"]}}],"collection":[{"href":"https:\/\/wp.ufpel.edu.br\/nulab\/wp-json\/wp\/v2\/pages"}],"about":[{"href":"https:\/\/wp.ufpel.edu.br\/nulab\/wp-json\/wp\/v2\/types\/page"}],"author":[{"embeddable":true,"href":"https:\/\/wp.ufpel.edu.br\/nulab\/wp-json\/wp\/v2\/users\/634"}],"replies":[{"embeddable":true,"href":"https:\/\/wp.ufpel.edu.br\/nulab\/wp-json\/wp\/v2\/comments?post=2085"}],"version-history":[{"count":10,"href":"https:\/\/wp.ufpel.edu.br\/nulab\/wp-json\/wp\/v2\/pages\/2085\/revisions"}],"predecessor-version":[{"id":3320,"href":"https:\/\/wp.ufpel.edu.br\/nulab\/wp-json\/wp\/v2\/pages\/2085\/revisions\/3320"}],"up":[{"embeddable":true,"href":"https:\/\/wp.ufpel.edu.br\/nulab\/wp-json\/wp\/v2\/pages\/86"}],"wp:attachment":[{"href":"https:\/\/wp.ufpel.edu.br\/nulab\/wp-json\/wp\/v2\/media?parent=2085"}],"curies":[{"name":"wp","href":"https:\/\/api.w.org\/{rel}","templated":true}]}}