{"id":2082,"date":"2016-06-07T11:57:36","date_gmt":"2016-06-07T14:57:36","guid":{"rendered":"https:\/\/wp.ufpel.edu.br\/nulab\/?page_id=2082"},"modified":"2016-06-28T10:20:43","modified_gmt":"2016-06-28T13:20:43","slug":"engenharia-civil","status":"publish","type":"page","link":"https:\/\/wp.ufpel.edu.br\/nulab\/ceng\/engenharia-civil\/","title":{"rendered":"Engenharia Civil"},"content":{"rendered":"<p><a href=\"https:\/\/wp.ufpel.edu.br\/nulab\/laboratorio-de-materiais-e-tecnicas-construtivas\/\">Laborat\u00f3rio de Materiais e T\u00e9cnicas Construtivas<\/a><\/p>\n<p><a href=\"https:\/\/wp.ufpel.edu.br\/nulab\/laboratorio-de-projetos\/\">Laborat\u00f3rio de Projetos<\/a><\/p>\n<p><a href=\"https:\/\/wp.ufpel.edu.br\/nulab\/laboratorio-de-geoprocessamento-aplicado-a-estudos-ambientais\/\">Laborat\u00f3rio de Geoprocessamento Aplicado a Estudos Ambientais<\/a><\/p>\n<p><a href=\"https:\/\/wp.ufpel.edu.br\/nulab\/nemc\/\">N\u00facleo de Estudos de Materiais Comp\u00f3sitos (NEMC)<\/a><\/p>\n<p><a href=\"https:\/\/wp.ufpel.edu.br\/nulab\/laca\/\">Laborat\u00f3rio de Conforto Ambiental (LACA)<\/a><\/p>\n<p><a href=\"https:\/\/wp.ufpel.edu.br\/nulab\/laboratorio-de-mecanica-dos-solos\/\">Laborat\u00f3rio de Mec\u00e2nica dos Solos<\/a><\/p>\n<p><a href=\"https:\/\/wp.ufpel.edu.br\/nulab\/laboratorio-de-informatica-da-graduacao-ceng1\/\">Laborat\u00f3rio de Inform\u00e1tica da Gradua\u00e7\u00e3o (LIG)<\/a><\/p>\n<p><a href=\"https:\/\/wp.ufpel.edu.br\/nulab\/laboratorio-de-eletrotecnica\/\">Laborat\u00f3rio de Eletrot\u00e9cnica<\/a><\/p>\n","protected":false},"excerpt":{"rendered":"<p>Laborat\u00f3rio de Materiais e T\u00e9cnicas Construtivas Laborat\u00f3rio de Projetos Laborat\u00f3rio de Geoprocessamento Aplicado a Estudos Ambientais N\u00facleo de Estudos de Materiais Comp\u00f3sitos (NEMC) Laborat\u00f3rio de Conforto Ambiental (LACA) Laborat\u00f3rio de Mec\u00e2nica dos Solos Laborat\u00f3rio de Inform\u00e1tica da Gradua\u00e7\u00e3o (LIG) Laborat\u00f3rio de Eletrot\u00e9cnica<\/p>\n","protected":false},"author":634,"featured_media":0,"parent":86,"menu_order":0,"comment_status":"closed","ping_status":"closed","template":"","meta":{"footnotes":""},"class_list":["post-2082","page","type-page","status-publish","hentry"],"_links":{"self":[{"href":"https:\/\/wp.ufpel.edu.br\/nulab\/wp-json\/wp\/v2\/pages\/2082","targetHints":{"allow":["GET"]}}],"collection":[{"href":"https:\/\/wp.ufpel.edu.br\/nulab\/wp-json\/wp\/v2\/pages"}],"about":[{"href":"https:\/\/wp.ufpel.edu.br\/nulab\/wp-json\/wp\/v2\/types\/page"}],"author":[{"embeddable":true,"href":"https:\/\/wp.ufpel.edu.br\/nulab\/wp-json\/wp\/v2\/users\/634"}],"replies":[{"embeddable":true,"href":"https:\/\/wp.ufpel.edu.br\/nulab\/wp-json\/wp\/v2\/comments?post=2082"}],"version-history":[{"count":13,"href":"https:\/\/wp.ufpel.edu.br\/nulab\/wp-json\/wp\/v2\/pages\/2082\/revisions"}],"predecessor-version":[{"id":2548,"href":"https:\/\/wp.ufpel.edu.br\/nulab\/wp-json\/wp\/v2\/pages\/2082\/revisions\/2548"}],"up":[{"embeddable":true,"href":"https:\/\/wp.ufpel.edu.br\/nulab\/wp-json\/wp\/v2\/pages\/86"}],"wp:attachment":[{"href":"https:\/\/wp.ufpel.edu.br\/nulab\/wp-json\/wp\/v2\/media?parent=2082"}],"curies":[{"name":"wp","href":"https:\/\/api.w.org\/{rel}","templated":true}]}}