{"id":2080,"date":"2016-06-07T11:57:22","date_gmt":"2016-06-07T14:57:22","guid":{"rendered":"https:\/\/wp.ufpel.edu.br\/nulab\/?page_id=2080"},"modified":"2016-09-26T09:03:09","modified_gmt":"2016-09-26T12:03:09","slug":"engenharia-ambiental-e-sanitaria","status":"publish","type":"page","link":"https:\/\/wp.ufpel.edu.br\/nulab\/ceng\/engenharia-ambiental-e-sanitaria\/","title":{"rendered":"Engenharia Ambiental e Sanit\u00e1ria"},"content":{"rendered":"<p><a href=\"https:\/\/wp.ufpel.edu.br\/nulab\/laboratorio-de-materiais-e-tecnicas-construtivas\/\">Laborat\u00f3rio de Materiais e T\u00e9cnicas Construtivas<\/a><\/p>\n<p><a href=\"https:\/\/wp.ufpel.edu.br\/nulab\/laboratorio-de-geoprocessamento-aplicado-a-estudos-ambientais\/\">Laborat\u00f3rio de Geoprocessamento Aplicado a Estudos Ambientais<\/a><\/p>\n<p><a href=\"https:\/\/wp.ufpel.edu.br\/nulab\/laboratorio-de-analise-de-aguas-e-efluentes\/\">Laborat\u00f3rio de An\u00e1lise de \u00c1guas e Efluentes<\/a><\/p>\n<p><a href=\"https:\/\/wp.ufpel.edu.br\/nulab\/nepers\/\">Laborat\u00f3rio de Res\u00edduos e Ecotoxicologia (NEPERS)<\/a><\/p>\n<p><a href=\"https:\/\/wp.ufpel.edu.br\/nulab\/laboratorio-de-bioenergia\/\">Laborat\u00f3rio de Bioenergia<\/a><\/p>\n<p><a href=\"https:\/\/wp.ufpel.edu.br\/nulab\/nemc\/\">N\u00facleo de Estudos de Materiais Comp\u00f3sitos (NEMC)<\/a><\/p>\n<p><a href=\"https:\/\/wp.ufpel.edu.br\/nulab\/laboratorio-de-informatica-da-graduacao-ceng1\/\">Laborat\u00f3rio de Inform\u00e1tica da Gradua\u00e7\u00e3o (LIG)<\/a><\/p>\n<p><a href=\"https:\/\/wp.ufpel.edu.br\/nulab\/laboratorio-de-eletrotecnica\/\">Laborat\u00f3rio de Eletrot\u00e9cnica<\/a><\/p>\n","protected":false},"excerpt":{"rendered":"<p>Laborat\u00f3rio de Materiais e T\u00e9cnicas Construtivas Laborat\u00f3rio de Geoprocessamento Aplicado a Estudos Ambientais Laborat\u00f3rio de An\u00e1lise de \u00c1guas e Efluentes Laborat\u00f3rio de Res\u00edduos e Ecotoxicologia (NEPERS) Laborat\u00f3rio de Bioenergia N\u00facleo de Estudos de Materiais Comp\u00f3sitos (NEMC) Laborat\u00f3rio de Inform\u00e1tica da Gradua\u00e7\u00e3o (LIG) Laborat\u00f3rio de Eletrot\u00e9cnica<\/p>\n","protected":false},"author":634,"featured_media":0,"parent":86,"menu_order":0,"comment_status":"closed","ping_status":"closed","template":"","meta":{"footnotes":""},"class_list":["post-2080","page","type-page","status-publish","hentry"],"_links":{"self":[{"href":"https:\/\/wp.ufpel.edu.br\/nulab\/wp-json\/wp\/v2\/pages\/2080","targetHints":{"allow":["GET"]}}],"collection":[{"href":"https:\/\/wp.ufpel.edu.br\/nulab\/wp-json\/wp\/v2\/pages"}],"about":[{"href":"https:\/\/wp.ufpel.edu.br\/nulab\/wp-json\/wp\/v2\/types\/page"}],"author":[{"embeddable":true,"href":"https:\/\/wp.ufpel.edu.br\/nulab\/wp-json\/wp\/v2\/users\/634"}],"replies":[{"embeddable":true,"href":"https:\/\/wp.ufpel.edu.br\/nulab\/wp-json\/wp\/v2\/comments?post=2080"}],"version-history":[{"count":15,"href":"https:\/\/wp.ufpel.edu.br\/nulab\/wp-json\/wp\/v2\/pages\/2080\/revisions"}],"predecessor-version":[{"id":2905,"href":"https:\/\/wp.ufpel.edu.br\/nulab\/wp-json\/wp\/v2\/pages\/2080\/revisions\/2905"}],"up":[{"embeddable":true,"href":"https:\/\/wp.ufpel.edu.br\/nulab\/wp-json\/wp\/v2\/pages\/86"}],"wp:attachment":[{"href":"https:\/\/wp.ufpel.edu.br\/nulab\/wp-json\/wp\/v2\/media?parent=2080"}],"curies":[{"name":"wp","href":"https:\/\/api.w.org\/{rel}","templated":true}]}}