{"id":2055,"date":"2016-06-07T11:33:22","date_gmt":"2016-06-07T14:33:22","guid":{"rendered":"https:\/\/wp.ufpel.edu.br\/nulab\/?page_id=2055"},"modified":"2016-06-07T11:34:23","modified_gmt":"2016-06-07T14:34:23","slug":"gastronomia","status":"publish","type":"page","link":"https:\/\/wp.ufpel.edu.br\/nulab\/fn\/gastronomia\/","title":{"rendered":"Gastronomia"},"content":{"rendered":"<p><a href=\"https:\/\/wp.ufpel.edu.br\/nulab\/laboratorio-de-alimentacao-coletiva\/\">Laborat\u00f3rio de Alimenta\u00e7\u00e3o Coletiva<\/a><\/p>\n<p><a href=\"https:\/\/wp.ufpel.edu.br\/nulab\/laboratorio-de-informatica-fn\/\">Laborat\u00f3rio de Inform\u00e1tica (LIG)<\/a><\/p>\n<p><a href=\"https:\/\/wp.ufpel.edu.br\/nulab\/laboratorio-de-tecnica-dieteticas\/\">Laborat\u00f3rio de T\u00e9cnica Diet\u00e9tica<\/a><\/p>\n","protected":false},"excerpt":{"rendered":"<p>Laborat\u00f3rio de Alimenta\u00e7\u00e3o Coletiva Laborat\u00f3rio de Inform\u00e1tica (LIG) Laborat\u00f3rio de T\u00e9cnica Diet\u00e9tica<\/p>\n","protected":false},"author":634,"featured_media":0,"parent":48,"menu_order":0,"comment_status":"closed","ping_status":"closed","template":"","meta":{"footnotes":""},"class_list":["post-2055","page","type-page","status-publish","hentry"],"_links":{"self":[{"href":"https:\/\/wp.ufpel.edu.br\/nulab\/wp-json\/wp\/v2\/pages\/2055","targetHints":{"allow":["GET"]}}],"collection":[{"href":"https:\/\/wp.ufpel.edu.br\/nulab\/wp-json\/wp\/v2\/pages"}],"about":[{"href":"https:\/\/wp.ufpel.edu.br\/nulab\/wp-json\/wp\/v2\/types\/page"}],"author":[{"embeddable":true,"href":"https:\/\/wp.ufpel.edu.br\/nulab\/wp-json\/wp\/v2\/users\/634"}],"replies":[{"embeddable":true,"href":"https:\/\/wp.ufpel.edu.br\/nulab\/wp-json\/wp\/v2\/comments?post=2055"}],"version-history":[{"count":2,"href":"https:\/\/wp.ufpel.edu.br\/nulab\/wp-json\/wp\/v2\/pages\/2055\/revisions"}],"predecessor-version":[{"id":2067,"href":"https:\/\/wp.ufpel.edu.br\/nulab\/wp-json\/wp\/v2\/pages\/2055\/revisions\/2067"}],"up":[{"embeddable":true,"href":"https:\/\/wp.ufpel.edu.br\/nulab\/wp-json\/wp\/v2\/pages\/48"}],"wp:attachment":[{"href":"https:\/\/wp.ufpel.edu.br\/nulab\/wp-json\/wp\/v2\/media?parent=2055"}],"curies":[{"name":"wp","href":"https:\/\/api.w.org\/{rel}","templated":true}]}}