{"id":2053,"date":"2016-06-07T11:33:25","date_gmt":"2016-06-07T14:33:25","guid":{"rendered":"https:\/\/wp.ufpel.edu.br\/nulab\/?page_id=2053"},"modified":"2016-06-07T11:34:50","modified_gmt":"2016-06-07T14:34:50","slug":"nutricao","status":"publish","type":"page","link":"https:\/\/wp.ufpel.edu.br\/nulab\/fn\/nutricao\/","title":{"rendered":"Nutri\u00e7\u00e3o"},"content":{"rendered":"<p><a href=\"https:\/\/wp.ufpel.edu.br\/nulab\/laboratorio-de-alimentacao-coletiva\/\">Laborat\u00f3rio de Alimenta\u00e7\u00e3o Coletiva<\/a><\/p>\n<p><a href=\"https:\/\/wp.ufpel.edu.br\/nulab\/laboratorio-de-avaliacao-nutricional\/\">Laborat\u00f3rio de Avalia\u00e7\u00e3o Nutricional<\/a><\/p>\n<p><a href=\"https:\/\/wp.ufpel.edu.br\/nulab\/laboratorio-de-bromatologia\/\">Laborat\u00f3rio de Bromatologia<\/a><\/p>\n<p><a href=\"https:\/\/wp.ufpel.edu.br\/nulab\/laboratorio-de-informatica-fn\/\">Laborat\u00f3rio de Inform\u00e1tica (LIG)<\/a><\/p>\n<p><a href=\"https:\/\/wp.ufpel.edu.br\/nulab\/laboratorio-de-microbiologia-de-alimentos\/\">Laborat\u00f3rio de Microbiologia de Alimentos<\/a><\/p>\n<p><a href=\"https:\/\/wp.ufpel.edu.br\/nulab\/laboratorio-de-nutricao-experimental\/\">Laborat\u00f3rio de Nutri\u00e7\u00e3o Experimental<\/a><\/p>\n<p><a href=\"https:\/\/wp.ufpel.edu.br\/nulab\/laboratorio-de-nutrigenomica-e-metabologia\/\">Laborat\u00f3rio de Nutrigen\u00f4mica e Metabologia<\/a><\/p>\n<p><a href=\"https:\/\/wp.ufpel.edu.br\/nulab\/laboratorio-de-tecnica-dieteticas\/\">Laborat\u00f3rio de T\u00e9cnica Diet\u00e9tica<\/a><\/p>\n","protected":false},"excerpt":{"rendered":"<p>Laborat\u00f3rio de Alimenta\u00e7\u00e3o Coletiva Laborat\u00f3rio de Avalia\u00e7\u00e3o Nutricional Laborat\u00f3rio de Bromatologia Laborat\u00f3rio de Inform\u00e1tica (LIG) Laborat\u00f3rio de Microbiologia de Alimentos Laborat\u00f3rio de Nutri\u00e7\u00e3o Experimental Laborat\u00f3rio de Nutrigen\u00f4mica e Metabologia Laborat\u00f3rio de T\u00e9cnica Diet\u00e9tica<\/p>\n","protected":false},"author":634,"featured_media":0,"parent":48,"menu_order":0,"comment_status":"closed","ping_status":"closed","template":"","meta":{"footnotes":""},"class_list":["post-2053","page","type-page","status-publish","hentry"],"_links":{"self":[{"href":"https:\/\/wp.ufpel.edu.br\/nulab\/wp-json\/wp\/v2\/pages\/2053","targetHints":{"allow":["GET"]}}],"collection":[{"href":"https:\/\/wp.ufpel.edu.br\/nulab\/wp-json\/wp\/v2\/pages"}],"about":[{"href":"https:\/\/wp.ufpel.edu.br\/nulab\/wp-json\/wp\/v2\/types\/page"}],"author":[{"embeddable":true,"href":"https:\/\/wp.ufpel.edu.br\/nulab\/wp-json\/wp\/v2\/users\/634"}],"replies":[{"embeddable":true,"href":"https:\/\/wp.ufpel.edu.br\/nulab\/wp-json\/wp\/v2\/comments?post=2053"}],"version-history":[{"count":1,"href":"https:\/\/wp.ufpel.edu.br\/nulab\/wp-json\/wp\/v2\/pages\/2053\/revisions"}],"predecessor-version":[{"id":2065,"href":"https:\/\/wp.ufpel.edu.br\/nulab\/wp-json\/wp\/v2\/pages\/2053\/revisions\/2065"}],"up":[{"embeddable":true,"href":"https:\/\/wp.ufpel.edu.br\/nulab\/wp-json\/wp\/v2\/pages\/48"}],"wp:attachment":[{"href":"https:\/\/wp.ufpel.edu.br\/nulab\/wp-json\/wp\/v2\/media?parent=2053"}],"curies":[{"name":"wp","href":"https:\/\/api.w.org\/{rel}","templated":true}]}}