{"id":2,"date":"2016-03-23T14:04:55","date_gmt":"2016-03-23T14:04:55","guid":{"rendered":"https:\/\/wp.ufpel.edu.br\/nulab\/?page_id=2"},"modified":"2016-05-05T10:54:39","modified_gmt":"2016-05-05T13:54:39","slug":"pagina-exemplo","status":"publish","type":"page","link":"https:\/\/wp.ufpel.edu.br\/nulab\/pagina-exemplo\/","title":{"rendered":"Unidades"},"content":{"rendered":"<p><a href=\"https:\/\/wp.ufpel.edu.br\/nulab\/ca\/\">Centro de Artes (CA)<\/a><\/p>\n<p><a href=\"https:\/\/wp.ufpel.edu.br\/nulab\/ccqfa\/\">Centro de Ci\u00eancias Qu\u00edmicas, Farmac\u00eauticas e de Alimentos (CCQFA)<\/a><\/p>\n<p><a href=\"https:\/\/wp.ufpel.edu.br\/nulab\/cdtec\/\">Centro de Desenvolvimento Tecnol\u00f3gico (CDTEC)<\/a><\/p>\n<p><a href=\"https:\/\/wp.ufpel.edu.br\/nulab\/cead\/\">Centro de Educa\u00e7\u00e3o \u00e0 Dist\u00e2ncia (CEAD)<\/a><\/p>\n<p><a href=\"https:\/\/wp.ufpel.edu.br\/nulab\/ceng\/\">Centro de Engenharias (CENG)<\/a><\/p>\n<p><a href=\"https:\/\/wp.ufpel.edu.br\/nulab\/cim\">Centro de Integra\u00e7\u00e3o do Mercosul (CIM)<\/a><\/p>\n<p><a href=\"https:\/\/wp.ufpel.edu.br\/nulab\/clc\/\">Centro de Letras e Comunica\u00e7\u00e3o (CLC)<\/a><\/p>\n<p><a href=\"https:\/\/wp.ufpel.edu.br\/nulab\/esef\/\">Escola Superior de Educa\u00e7\u00e3o F\u00edsica (ESEF)<\/a><\/p>\n<p><a href=\"https:\/\/wp.ufpel.edu.br\/nulab\/fat\/\">Faculdade de Administra\u00e7\u00e3o e de Turismo (FAT)<\/a><\/p>\n<p><a href=\"https:\/\/wp.ufpel.edu.br\/nulab\/faem\/\">Faculdade de Agronomia (FAEM)<\/a><\/p>\n<p><a href=\"https:\/\/wp.ufpel.edu.br\/nulab\/faurb\/\">Faculdade de Arquitetura e Urbanismo (FAURB)<\/a><\/p>\n<p><a href=\"https:\/\/wp.ufpel.edu.br\/nulab\/fd\/\">Faculdade de Direito (FD)<\/a><\/p>\n<p><a href=\"https:\/\/wp.ufpel.edu.br\/nulab\/fae\/\">Faculdade de Educa\u00e7\u00e3o (FAE)<\/a><\/p>\n<p><a href=\"https:\/\/wp.ufpel.edu.br\/nulab\/feo\/\">Faculdade de Enfermagem e Obstetr\u00edcia (FEO)<\/a><\/p>\n<p><a href=\"https:\/\/wp.ufpel.edu.br\/nulab\/fm\/\">Faculdade de Medicina (FM)<\/a><\/p>\n<p><a href=\"https:\/\/wp.ufpel.edu.br\/nulab\/fmet\/\">Faculdade de Meteorologia (FMET)<\/a><\/p>\n<p><a href=\"https:\/\/wp.ufpel.edu.br\/nulab\/fn\/\">Faculdade de Nutri\u00e7\u00e3o (FN)<\/a><\/p>\n<p><a href=\"https:\/\/wp.ufpel.edu.br\/nulab\/fo\/\">Faculdade de Odontologia (FO)<\/a><\/p>\n<p><a href=\"https:\/\/wp.ufpel.edu.br\/nulab\/fvet\">Faculdade de Veterin\u00e1ria (FVET)<\/a><\/p>\n<p><a href=\"https:\/\/wp.ufpel.edu.br\/nulab\/ib\/\">Instituto de Biologia (IB)<\/a><\/p>\n<p><a href=\"https:\/\/wp.ufpel.edu.br\/nulab\/ich\/\">Instituto de Ci\u00eancias Humanas (ICH)<\/a><\/p>\n<p><a href=\"https:\/\/wp.ufpel.edu.br\/nulab\/ifisp\/\">Instituto de Filosofia, Sociologia e Pol\u00edtica (IFISP)<\/a><\/p>\n<p><a href=\"https:\/\/wp.ufpel.edu.br\/nulab\/ifm\/\">Instituto de F\u00edsica e Matem\u00e1tica (IFM)<\/a><\/p>\n","protected":false},"excerpt":{"rendered":"<p>Centro de Artes (CA) Centro de Ci\u00eancias Qu\u00edmicas, Farmac\u00eauticas e de Alimentos (CCQFA) Centro de Desenvolvimento Tecnol\u00f3gico (CDTEC) Centro de Educa\u00e7\u00e3o \u00e0 Dist\u00e2ncia (CEAD) Centro de Engenharias (CENG) Centro de Integra\u00e7\u00e3o do Mercosul (CIM) Centro de Letras e Comunica\u00e7\u00e3o (CLC) Escola Superior de Educa\u00e7\u00e3o F\u00edsica (ESEF) Faculdade de Administra\u00e7\u00e3o e de Turismo (FAT) Faculdade de [&hellip;]<\/p>\n","protected":false},"author":634,"featured_media":0,"parent":0,"menu_order":0,"comment_status":"closed","ping_status":"closed","template":"","meta":{"footnotes":""},"class_list":["post-2","page","type-page","status-publish","hentry"],"_links":{"self":[{"href":"https:\/\/wp.ufpel.edu.br\/nulab\/wp-json\/wp\/v2\/pages\/2","targetHints":{"allow":["GET"]}}],"collection":[{"href":"https:\/\/wp.ufpel.edu.br\/nulab\/wp-json\/wp\/v2\/pages"}],"about":[{"href":"https:\/\/wp.ufpel.edu.br\/nulab\/wp-json\/wp\/v2\/types\/page"}],"author":[{"embeddable":true,"href":"https:\/\/wp.ufpel.edu.br\/nulab\/wp-json\/wp\/v2\/users\/634"}],"replies":[{"embeddable":true,"href":"https:\/\/wp.ufpel.edu.br\/nulab\/wp-json\/wp\/v2\/comments?post=2"}],"version-history":[{"count":33,"href":"https:\/\/wp.ufpel.edu.br\/nulab\/wp-json\/wp\/v2\/pages\/2\/revisions"}],"predecessor-version":[{"id":934,"href":"https:\/\/wp.ufpel.edu.br\/nulab\/wp-json\/wp\/v2\/pages\/2\/revisions\/934"}],"wp:attachment":[{"href":"https:\/\/wp.ufpel.edu.br\/nulab\/wp-json\/wp\/v2\/media?parent=2"}],"curies":[{"name":"wp","href":"https:\/\/api.w.org\/{rel}","templated":true}]}}