{"id":1982,"date":"2016-06-06T12:27:17","date_gmt":"2016-06-06T15:27:17","guid":{"rendered":"https:\/\/wp.ufpel.edu.br\/nulab\/?page_id=1982"},"modified":"2016-06-09T12:12:02","modified_gmt":"2016-06-09T15:12:02","slug":"jornalismo","status":"publish","type":"page","link":"https:\/\/wp.ufpel.edu.br\/nulab\/clc\/jornalismo\/","title":{"rendered":"Jornalismo"},"content":{"rendered":"<p><a href=\"https:\/\/wp.ufpel.edu.br\/nulab\/laboratorio-de-linguas\/\">Laborat\u00f3rio de L\u00ednguas<\/a><\/p>\n<p><a href=\"https:\/\/wp.ufpel.edu.br\/nulab\/laboratorio-de-edicao-audiovisual\/\">Laborat\u00f3rio de Edi\u00e7\u00e3o Audiovisual<\/a><\/p>\n<p>&nbsp;<\/p>\n","protected":false},"excerpt":{"rendered":"<p>Laborat\u00f3rio de L\u00ednguas Laborat\u00f3rio de Edi\u00e7\u00e3o Audiovisual &nbsp;<\/p>\n","protected":false},"author":634,"featured_media":0,"parent":95,"menu_order":0,"comment_status":"closed","ping_status":"closed","template":"","meta":{"footnotes":""},"class_list":["post-1982","page","type-page","status-publish","hentry"],"_links":{"self":[{"href":"https:\/\/wp.ufpel.edu.br\/nulab\/wp-json\/wp\/v2\/pages\/1982","targetHints":{"allow":["GET"]}}],"collection":[{"href":"https:\/\/wp.ufpel.edu.br\/nulab\/wp-json\/wp\/v2\/pages"}],"about":[{"href":"https:\/\/wp.ufpel.edu.br\/nulab\/wp-json\/wp\/v2\/types\/page"}],"author":[{"embeddable":true,"href":"https:\/\/wp.ufpel.edu.br\/nulab\/wp-json\/wp\/v2\/users\/634"}],"replies":[{"embeddable":true,"href":"https:\/\/wp.ufpel.edu.br\/nulab\/wp-json\/wp\/v2\/comments?post=1982"}],"version-history":[{"count":3,"href":"https:\/\/wp.ufpel.edu.br\/nulab\/wp-json\/wp\/v2\/pages\/1982\/revisions"}],"predecessor-version":[{"id":2174,"href":"https:\/\/wp.ufpel.edu.br\/nulab\/wp-json\/wp\/v2\/pages\/1982\/revisions\/2174"}],"up":[{"embeddable":true,"href":"https:\/\/wp.ufpel.edu.br\/nulab\/wp-json\/wp\/v2\/pages\/95"}],"wp:attachment":[{"href":"https:\/\/wp.ufpel.edu.br\/nulab\/wp-json\/wp\/v2\/media?parent=1982"}],"curies":[{"name":"wp","href":"https:\/\/api.w.org\/{rel}","templated":true}]}}