{"id":1979,"date":"2016-06-06T12:27:20","date_gmt":"2016-06-06T15:27:20","guid":{"rendered":"https:\/\/wp.ufpel.edu.br\/nulab\/?page_id=1979"},"modified":"2016-06-09T11:45:32","modified_gmt":"2016-06-09T14:45:32","slug":"letras-bacharelados","status":"publish","type":"page","link":"https:\/\/wp.ufpel.edu.br\/nulab\/clc\/letras-bacharelados\/","title":{"rendered":"Letras (Bacharelados)"},"content":{"rendered":"<p><a href=\"https:\/\/wp.ufpel.edu.br\/nulab\/clc\/letras-bacharelados\/redacao-e-revisao-de-textos\/\">Reda\u00e7\u00e3o e Revis\u00e3o de Textos<\/a><\/p>\n<p><a href=\"https:\/\/wp.ufpel.edu.br\/nulab\/clc\/letras-bacharelados\/traducao-espanhol-portugues\/\">Tradu\u00e7\u00e3o Espanhol &#8211; Portugu\u00eas<\/a><\/p>\n<p><a href=\"https:\/\/wp.ufpel.edu.br\/nulab\/clc\/letras-bacharelados\/traducao-ingles-portugues\/\">Tradu\u00e7\u00e3o Ingl\u00eas &#8211; Portugu\u00eas<\/a><\/p>\n","protected":false},"excerpt":{"rendered":"<p>Reda\u00e7\u00e3o e Revis\u00e3o de Textos Tradu\u00e7\u00e3o Espanhol &#8211; Portugu\u00eas Tradu\u00e7\u00e3o Ingl\u00eas &#8211; Portugu\u00eas<\/p>\n","protected":false},"author":634,"featured_media":0,"parent":95,"menu_order":0,"comment_status":"closed","ping_status":"closed","template":"","meta":{"footnotes":""},"class_list":["post-1979","page","type-page","status-publish","hentry"],"_links":{"self":[{"href":"https:\/\/wp.ufpel.edu.br\/nulab\/wp-json\/wp\/v2\/pages\/1979","targetHints":{"allow":["GET"]}}],"collection":[{"href":"https:\/\/wp.ufpel.edu.br\/nulab\/wp-json\/wp\/v2\/pages"}],"about":[{"href":"https:\/\/wp.ufpel.edu.br\/nulab\/wp-json\/wp\/v2\/types\/page"}],"author":[{"embeddable":true,"href":"https:\/\/wp.ufpel.edu.br\/nulab\/wp-json\/wp\/v2\/users\/634"}],"replies":[{"embeddable":true,"href":"https:\/\/wp.ufpel.edu.br\/nulab\/wp-json\/wp\/v2\/comments?post=1979"}],"version-history":[{"count":3,"href":"https:\/\/wp.ufpel.edu.br\/nulab\/wp-json\/wp\/v2\/pages\/1979\/revisions"}],"predecessor-version":[{"id":2148,"href":"https:\/\/wp.ufpel.edu.br\/nulab\/wp-json\/wp\/v2\/pages\/1979\/revisions\/2148"}],"up":[{"embeddable":true,"href":"https:\/\/wp.ufpel.edu.br\/nulab\/wp-json\/wp\/v2\/pages\/95"}],"wp:attachment":[{"href":"https:\/\/wp.ufpel.edu.br\/nulab\/wp-json\/wp\/v2\/media?parent=1979"}],"curies":[{"name":"wp","href":"https:\/\/api.w.org\/{rel}","templated":true}]}}