{"id":1974,"date":"2016-06-06T12:06:08","date_gmt":"2016-06-06T15:06:08","guid":{"rendered":"https:\/\/wp.ufpel.edu.br\/nulab\/?page_id=1974"},"modified":"2016-06-07T11:43:23","modified_gmt":"2016-06-07T14:43:23","slug":"odontologia","status":"publish","type":"page","link":"https:\/\/wp.ufpel.edu.br\/nulab\/fo\/odontologia\/","title":{"rendered":"Odontologia"},"content":{"rendered":"<p><a href=\"https:\/\/wp.ufpel.edu.br\/nulab\/laboratorio-norte-1o-andar-clinico\/\">Laborat\u00f3rio Norte 1\u00ba andar &#8211; Cl\u00ednico<\/a><\/p>\n<p><a href=\"https:\/\/wp.ufpel.edu.br\/nulab\/laboratorio-sul-1o-andar-clinico\/\">Laborat\u00f3rio Sul 1\u00ba andar &#8211; Cl\u00ednico<\/a><\/p>\n<p><a href=\"https:\/\/wp.ufpel.edu.br\/nulab\/laboratorio-oeste-1o-andar-clinico\/\">Laborat\u00f3rio Oeste 1\u00ba andar &#8211; Cl\u00ednico<\/a><\/p>\n<p><a href=\"https:\/\/wp.ufpel.edu.br\/nulab\/laboratorio-norte-2o-andar-clinico\/\">Laborat\u00f3rio Norte &#8211; 2\u00ba andar &#8211; Cl\u00ednico<\/a><\/p>\n<p><a href=\"https:\/\/wp.ufpel.edu.br\/nulab\/laboratorio-sul-2o-andar-clinico\/\">Laborat\u00f3rio Sul 2\u00ba andar &#8211; Cl\u00ednico<\/a><\/p>\n<p><a href=\"https:\/\/wp.ufpel.edu.br\/nulab\/laboratorio-sul-3o-andar-clinico\/\">Laborat\u00f3rio Sul 3\u00ba andar &#8211; Cl\u00ednico<\/a><\/p>\n<p><a href=\"https:\/\/wp.ufpel.edu.br\/nulab\/laboratorio-norte-3o-andar-bloco-cirurgico\/\">Laborat\u00f3rio Norte 3\u00ba andar &#8211; Bloco Cir\u00fargico<\/a><\/p>\n<p><a href=\"https:\/\/wp.ufpel.edu.br\/nulab\/laboratorio-sul-4o-andar-clinico\/\">Laborat\u00f3rio Sul 4\u00ba andar &#8211; Cl\u00ednico<\/a><\/p>\n<p><a href=\"https:\/\/wp.ufpel.edu.br\/nulab\/laboratorio-5o-andar-sala-a-518-pre-clinico\/\">Laborat\u00f3rio 5\u00ba andar &#8211; sala A (518) &#8211; Pr\u00e9-cl\u00ednico<\/a><\/p>\n<p><a href=\"https:\/\/wp.ufpel.edu.br\/nulab\/laboratorio-5o-andar-sala-b-519-pre-clinico\/\">Laborat\u00f3rio 5\u00ba Andar &#8211; sala B (519) &#8211; Pr\u00e9-cl\u00ednico<\/a><\/p>\n<p><a href=\"https:\/\/wp.ufpel.edu.br\/nulab\/laboratorio-patologia-e-radiologia-7o-andar-pre-clinico\/\">Laborat\u00f3rio Patologia e Radiologia &#8211; 7\u00ba andar &#8211; Pr\u00e9-cl\u00ednico<\/a><\/p>\n<p><a href=\"https:\/\/wp.ufpel.edu.br\/nulab\/laboratorio-protese-parcial-pre-clinico\/\">Laborat\u00f3rio Pr\u00f3tese Parcial &#8211; Pr\u00e9-cl\u00ednico<\/a><\/p>\n<p><a href=\"https:\/\/wp.ufpel.edu.br\/nulab\/laboratorio-de-ortodontia\/\">Laborat\u00f3rio de Ortodontia<\/a><\/p>\n<p><a href=\"https:\/\/wp.ufpel.edu.br\/nulab\/cdcbio\/\">Centro de Desenvolvimento e Controle de Biomateriais (CDC-BIO)<\/a><\/p>\n<p><a href=\"https:\/\/wp.ufpel.edu.br\/nulab\/cirurgia-oncologia\/\">Consult\u00f3rio Cirurgia e Oncologia<\/a><\/p>\n<p><a href=\"https:\/\/wp.ufpel.edu.br\/nulab\/laboratorio-de-microbiologia-i\/\">Laborat\u00f3rio de Microbiologia I<\/a><\/p>\n<p><a href=\"https:\/\/wp.ufpel.edu.br\/nulab\/laboratorio-de-microbiologia-ii\/\">Laborat\u00f3rio de Microbiologia II<\/a><\/p>\n<p><a href=\"https:\/\/wp.ufpel.edu.br\/nulab\/banco-de-dentes\/\">Banco de Dentes<\/a><\/p>\n<p><a href=\"https:\/\/wp.ufpel.edu.br\/nulab\/nct-bio\/\">N\u00facleo de Biologia Celular e Tecidual (NCT-BIO)<\/a><\/p>\n<p><a href=\"https:\/\/wp.ufpel.edu.br\/nulab\/cddb\/\">Centro de Diagn\u00f3stico de Doen\u00e7as Bucais (CDDB)<\/a><\/p>\n","protected":false},"excerpt":{"rendered":"<p>Laborat\u00f3rio Norte 1\u00ba andar &#8211; Cl\u00ednico Laborat\u00f3rio Sul 1\u00ba andar &#8211; Cl\u00ednico Laborat\u00f3rio Oeste 1\u00ba andar &#8211; Cl\u00ednico Laborat\u00f3rio Norte &#8211; 2\u00ba andar &#8211; Cl\u00ednico Laborat\u00f3rio Sul 2\u00ba andar &#8211; Cl\u00ednico Laborat\u00f3rio Sul 3\u00ba andar &#8211; Cl\u00ednico Laborat\u00f3rio Norte 3\u00ba andar &#8211; Bloco Cir\u00fargico Laborat\u00f3rio Sul 4\u00ba andar &#8211; Cl\u00ednico Laborat\u00f3rio 5\u00ba andar &#8211; sala [&hellip;]<\/p>\n","protected":false},"author":634,"featured_media":0,"parent":33,"menu_order":0,"comment_status":"closed","ping_status":"closed","template":"","meta":{"footnotes":""},"class_list":["post-1974","page","type-page","status-publish","hentry"],"_links":{"self":[{"href":"https:\/\/wp.ufpel.edu.br\/nulab\/wp-json\/wp\/v2\/pages\/1974","targetHints":{"allow":["GET"]}}],"collection":[{"href":"https:\/\/wp.ufpel.edu.br\/nulab\/wp-json\/wp\/v2\/pages"}],"about":[{"href":"https:\/\/wp.ufpel.edu.br\/nulab\/wp-json\/wp\/v2\/types\/page"}],"author":[{"embeddable":true,"href":"https:\/\/wp.ufpel.edu.br\/nulab\/wp-json\/wp\/v2\/users\/634"}],"replies":[{"embeddable":true,"href":"https:\/\/wp.ufpel.edu.br\/nulab\/wp-json\/wp\/v2\/comments?post=1974"}],"version-history":[{"count":4,"href":"https:\/\/wp.ufpel.edu.br\/nulab\/wp-json\/wp\/v2\/pages\/1974\/revisions"}],"predecessor-version":[{"id":2073,"href":"https:\/\/wp.ufpel.edu.br\/nulab\/wp-json\/wp\/v2\/pages\/1974\/revisions\/2073"}],"up":[{"embeddable":true,"href":"https:\/\/wp.ufpel.edu.br\/nulab\/wp-json\/wp\/v2\/pages\/33"}],"wp:attachment":[{"href":"https:\/\/wp.ufpel.edu.br\/nulab\/wp-json\/wp\/v2\/media?parent=1974"}],"curies":[{"name":"wp","href":"https:\/\/api.w.org\/{rel}","templated":true}]}}