{"id":1953,"date":"2016-06-06T11:53:42","date_gmt":"2016-06-06T14:53:42","guid":{"rendered":"https:\/\/wp.ufpel.edu.br\/nulab\/?page_id=1953"},"modified":"2016-06-06T11:53:42","modified_gmt":"2016-06-06T14:53:42","slug":"administracao","status":"publish","type":"page","link":"https:\/\/wp.ufpel.edu.br\/nulab\/fat\/administracao\/","title":{"rendered":"Administra\u00e7\u00e3o"},"content":{"rendered":"<p><a href=\"https:\/\/wp.ufpel.edu.br\/nulab\/laboratorio-de-informatica-fat\/\">Laborat\u00f3rio de Inform\u00e1tica (LIG)<\/a><\/p>\n<p><a href=\"https:\/\/wp.ufpel.edu.br\/nulab\/laboratorio-de-ensino-em-administracao\/\">Laborat\u00f3rio de Ensino em Administra\u00e7\u00e3o<\/a><\/p>\n","protected":false},"excerpt":{"rendered":"<p>Laborat\u00f3rio de Inform\u00e1tica (LIG) Laborat\u00f3rio de Ensino em Administra\u00e7\u00e3o<\/p>\n","protected":false},"author":634,"featured_media":0,"parent":68,"menu_order":0,"comment_status":"closed","ping_status":"closed","template":"","meta":{"footnotes":""},"class_list":["post-1953","page","type-page","status-publish","hentry"],"_links":{"self":[{"href":"https:\/\/wp.ufpel.edu.br\/nulab\/wp-json\/wp\/v2\/pages\/1953","targetHints":{"allow":["GET"]}}],"collection":[{"href":"https:\/\/wp.ufpel.edu.br\/nulab\/wp-json\/wp\/v2\/pages"}],"about":[{"href":"https:\/\/wp.ufpel.edu.br\/nulab\/wp-json\/wp\/v2\/types\/page"}],"author":[{"embeddable":true,"href":"https:\/\/wp.ufpel.edu.br\/nulab\/wp-json\/wp\/v2\/users\/634"}],"replies":[{"embeddable":true,"href":"https:\/\/wp.ufpel.edu.br\/nulab\/wp-json\/wp\/v2\/comments?post=1953"}],"version-history":[{"count":1,"href":"https:\/\/wp.ufpel.edu.br\/nulab\/wp-json\/wp\/v2\/pages\/1953\/revisions"}],"predecessor-version":[{"id":1966,"href":"https:\/\/wp.ufpel.edu.br\/nulab\/wp-json\/wp\/v2\/pages\/1953\/revisions\/1966"}],"up":[{"embeddable":true,"href":"https:\/\/wp.ufpel.edu.br\/nulab\/wp-json\/wp\/v2\/pages\/68"}],"wp:attachment":[{"href":"https:\/\/wp.ufpel.edu.br\/nulab\/wp-json\/wp\/v2\/media?parent=1953"}],"curies":[{"name":"wp","href":"https:\/\/api.w.org\/{rel}","templated":true}]}}